{"id":2493,"date":"2024-02-12T10:36:52","date_gmt":"2024-02-12T10:36:52","guid":{"rendered":"http:\/\/cobandalucia.org\/?page_id=2493"},"modified":"2025-03-20T11:10:14","modified_gmt":"2025-03-20T11:10:14","slug":"colegiacion-y-precolegiacion","status":"publish","type":"page","link":"https:\/\/cobandalucia.org\/en\/colegiacion-y-precolegiacion\/","title":{"rendered":"Colegiaci\u00f3n y Precolegiaci\u00f3n"},"content":{"rendered":"<div class=\"fusion-fullwidth fullwidth-box fusion-builder-row-1 fusion-flex-container hundred-percent-fullwidth non-hundred-percent-height-scrolling\" style=\"--link_hover_color: var(--awb-color4);--awb-border-sizes-top:0px;--awb-border-sizes-bottom:0px;--awb-border-sizes-left:0px;--awb-border-sizes-right:0px;--awb-border-radius-top-left:0px;--awb-border-radius-top-right:0px;--awb-border-radius-bottom-right:0px;--awb-border-radius-bottom-left:0px;--awb-padding-top:0px;--awb-padding-right:30px;--awb-padding-bottom:110px;--awb-padding-left:30px;--awb-margin-top:0px;--awb-margin-bottom:0px;--awb-margin-bottom-medium:70px;--awb-margin-bottom-small:60px;--awb-background-color:var(--awb-color1);--awb-flex-wrap:wrap;\" ><div class=\"fusion-builder-row fusion-row fusion-flex-align-items-stretch fusion-flex-justify-content-center fusion-flex-content-wrap\" style=\"width:104% !important;max-width:104% !important;margin-left: calc(-4% \/ 2 );margin-right: calc(-4% \/ 2 );\"><div class=\"fusion-layout-column fusion_builder_column fusion-builder-column-0 fusion_builder_column_1_1 1_1 fusion-flex-column fusion-flex-align-self-flex-start fusion-animated\" style=\"--awb-bg-size:cover;--awb-width-large:100%;--awb-margin-top-large:0px;--awb-spacing-right-large:1.92%;--awb-margin-bottom-large:70px;--awb-spacing-left-large:1.92%;--awb-width-medium:100%;--awb-order-medium:0;--awb-spacing-right-medium:1.92%;--awb-margin-bottom-medium:70px;--awb-spacing-left-medium:1.92%;--awb-width-small:100%;--awb-order-small:0;--awb-spacing-right-small:1.92%;--awb-margin-bottom-small:60px;--awb-spacing-left-small:1.92%;\" data-animationtype=\"fadeInUp\" data-animationduration=\"1.3\" data-animationoffset=\"top-into-view\"><div class=\"fusion-column-wrapper fusion-column-has-shadow fusion-flex-justify-content-flex-start fusion-content-layout-column\"><div class=\"fusion-title title fusion-title-1 fusion-sep-none fusion-title-center fusion-title-text fusion-title-size-div\" style=\"--awb-text-color:var(--awb-color6);--awb-margin-top:0px;--awb-margin-top-small:10px;--awb-margin-right-small:0px;--awb-margin-bottom-small:10px;--awb-margin-left-small:0px;--awb-font-size:15px;\"><div class=\"fusion-title-heading title-heading-center title-heading-tag fusion-responsive-typography-calculated\" style=\"font-family:var(--awb-typography2-font-family);font-weight:var(--awb-typography2-font-weight);font-style:var(--awb-typography2-font-style);margin:0;letter-spacing:var(--awb-typography2-letter-spacing);text-transform:var(--awb-typography2-text-transform);font-size:1em;--fontSize:15;--minFontSize:15;line-height:var(--awb-typography2-line-height);\">mas informaci\u00f3n<\/div><\/div><div class=\"fusion-title title fusion-title-2 fusion-no-small-visibility fusion-no-medium-visibility fusion-sep-none fusion-title-center fusion-title-text fusion-title-size-two\" style=\"--awb-text-color:var(--awb-color8);--awb-margin-top:0px;--awb-margin-bottom:30px;--awb-margin-top-small:10px;--awb-margin-right-small:0px;--awb-margin-bottom-small:10px;--awb-margin-left-small:0px;\"><h2 class=\"fusion-title-heading title-heading-center fusion-responsive-typography-calculated\" style=\"margin:0;--fontSize:42;line-height:var(--awb-typography1-line-height);\">\u00a1Col\u00e9giate!<\/h2><\/div><div class=\"fusion-title title fusion-title-3 fusion-no-large-visibility fusion-sep-none fusion-title-center fusion-title-text fusion-title-size-two\" style=\"--awb-text-color:var(--awb-color8);--awb-margin-top:0px;--awb-margin-bottom:30px;--awb-margin-top-small:10px;--awb-margin-right-small:0px;--awb-margin-bottom-small:10px;--awb-margin-left-small:0px;--awb-margin-bottom-medium:20px;--awb-font-size:36px;\"><h2 class=\"fusion-title-heading title-heading-center fusion-responsive-typography-calculated\" style=\"margin:0;font-size:1em;--fontSize:36;line-height:1.39;\">\u00a1Col\u00e9giate!<\/h2><\/div><div class=\"fusion-text fusion-text-1 fusion-text-no-margin\" style=\"--awb-content-alignment:center;--awb-font-size:var(--awb-typography4-font-size);--awb-line-height:var(--awb-typography4-line-height);--awb-letter-spacing:var(--awb-typography4-letter-spacing);--awb-text-transform:var(--awb-typography4-text-transform);--awb-text-color:hsla(var(--awb-color8-h),var(--awb-color8-s),var(--awb-color8-l),calc(var(--awb-color8-a) - 20%));--awb-margin-right:20%;--awb-margin-bottom:0px;--awb-margin-left:20%;--awb-text-font-family:var(--awb-typography4-font-family);--awb-text-font-weight:var(--awb-typography4-font-weight);--awb-text-font-style:var(--awb-typography4-font-style);\"><p style=\"text-align: center;\"><b>Colegiarse en COB de Andaluc\u00eda<\/b><\/p>\n<p style=\"text-align: justify;\">El <b>Colegio Oficial de Bi\u00f3logos de Andaluc\u00eda (COBA)<\/b> representa y apoya los derechos de los colegiados y el ejercicio profesional en las diferentes \u00e1reas y \u00e1mbitos de actuaci\u00f3n.<\/p>\n<p style=\"text-align: justify;\">El <b>COBA <\/b>es el \u00fanico representante legal reconocido por las Administraciones P\u00fablicas como defensor y representante de los colegiados ante los tribunales de justicia en Andaluc\u00eda.<\/p>\n<\/div><\/div><\/div><div class=\"fusion-layout-column fusion_builder_column fusion-builder-column-1 fusion_builder_column_1_2 1_2 fusion-flex-column fusion-flex-align-self-flex-start fusion-animated\" style=\"--awb-padding-top:80px;--awb-padding-right:30px;--awb-padding-bottom:80px;--awb-padding-left:30px;--awb-padding-top-medium:60px;--awb-padding-right-medium:45px;--awb-padding-bottom-medium:60px;--awb-padding-left-medium:45px;--awb-overflow:hidden;--awb-bg-color:var(--awb-color2);--awb-bg-color-hover:var(--awb-color2);--awb-bg-image:linear-gradient(180deg, rgba(0,0,0,0.56) 0%,rgba(0,0,0,0.21) 100%);;--awb-bg-blend:multiply;--awb-bg-size:cover;--awb-border-radius:12px 12px 12px 12px;--awb-width-large:50%;--awb-margin-top-large:0px;--awb-spacing-right-large:2.56%;--awb-margin-bottom-large:0px;--awb-spacing-left-large:3.84%;--awb-width-medium:33.333333333333%;--awb-order-medium:0;--awb-spacing-right-medium:3.84%;--awb-spacing-left-medium:5.76%;--awb-width-small:100%;--awb-order-small:1;--awb-spacing-right-small:1.92%;--awb-margin-bottom-small:40px;--awb-spacing-left-small:1.92%;\" data-animationtype=\"fadeInUp\" data-animationduration=\"1.3\" data-animationoffset=\"top-into-view\"><div class=\"fusion-column-wrapper lazyload fusion-column-has-shadow fusion-flex-justify-content-flex-start fusion-content-layout-column fusion-column-has-bg-image\" data-bg-url=\"https:\/\/cobandalucia.org\/wp-content\/uploads\/2024\/02\/virus_slider-scaled.jpg\" data-bg=\"https:\/\/cobandalucia.org\/wp-content\/uploads\/2024\/02\/virus_slider-scaled.jpg\" data-bg-gradient=\"linear-gradient(180deg, rgba(0,0,0,0.56) 0%,rgba(0,0,0,0.21) 100%)\"><div class=\"fusion-title title fusion-title-4 fusion-sep-none fusion-title-center fusion-title-text fusion-title-size-four\" style=\"--awb-text-color:var(--awb-color1);--awb-margin-top:0px;--awb-margin-bottom:20px;--awb-margin-top-small:10px;--awb-margin-right-small:0px;--awb-margin-bottom-small:10px;--awb-margin-left-small:0px;\"><h4 class=\"fusion-title-heading title-heading-center fusion-responsive-typography-calculated\" style=\"margin:0;--fontSize:28.43;line-height:1.4;\">Colegiaci\u00f3n<\/h4><\/div><div class=\"fusion-text fusion-text-2 fusion-text-no-margin\" style=\"--awb-content-alignment:center;--awb-font-size:18px;--awb-line-height:28px;--awb-letter-spacing:var(--awb-typography4-letter-spacing);--awb-text-transform:var(--awb-typography4-text-transform);--awb-text-color:var(--awb-color1);--awb-margin-bottom:45px;--awb-text-font-family:var(--awb-typography4-font-family);--awb-text-font-weight:var(--awb-typography4-font-weight);--awb-text-font-style:var(--awb-typography4-font-style);\"><p data-fusion-font=\"true\" style=\"text-align: justify; font-size: 15px; line-height: 22px;\"><b data-fusion-font=\"true\" style=\"line-height: 16px;\">Colegiarse en COB Andaluc\u00eda<\/b><\/p>\n<p data-fusion-font=\"true\" style=\"text-align: justify; font-size: 15px; line-height: 16px;\">Obtenida la Licenciatura\/Grado en Biolog\u00eda, puedes proceder a solicitar la colegiaci\u00f3n.<\/p>\n<p data-fusion-font=\"true\" style=\"text-align: justify; font-size: 15px; line-height: 22px;\"><b data-fusion-font=\"true\" style=\"line-height: 16px;\">PROCEDIMIENTO DE COLEGIACI\u00d3N<\/b><\/p>\n<p data-fusion-font=\"true\" style=\"text-align: justify; font-size: 15px; line-height: 22px;\"><b data-fusion-font=\"true\" style=\"line-height: 16px;\">TIPOS DE CUOTAS:<\/b><\/p>\n<p data-fusion-font=\"true\" style=\"text-align: justify; font-size: 15px; line-height: 16px;\">Las Cuotas van en funci\u00f3n a su situaci\u00f3n Laboral. (<i>o Residente en el Extranjero<\/i>)<\/p>\n<p data-fusion-font=\"true\" style=\"text-align: justify; font-size: 15px; line-height: 16px;\">EJERCIENTE &#8211; NO EJERCIENTE &#8211; DESEMPLEADO &#8211; JUBILADO &#8211; RESIDENTE EN OTRO PA\u00cdS.<\/p>\n<p data-fusion-font=\"true\" style=\"text-align: justify; font-size: 15px; line-height: 16px;\">El COBA realizar\u00e1 un giro Bancario.<\/p>\n<p data-fusion-font=\"true\" style=\"font-size: 15px; line-height: 16px;\">\n<p data-fusion-font=\"true\" style=\"text-align: justify; font-size: 15px; line-height: 16px;\">La cuota de colegiaci\u00f3n tiene car\u00e1cter anual*. Se fracciona su pago en 2 semestres (primeros de enero y primeros  de julio).<\/p>\n<p data-fusion-font=\"true\" style=\"text-align: justify; font-size: 15px; line-height: 16px;\">Existe un prorrateo, calcul\u00e1ndose desde la fecha del d\u00eda de alta hasta la fecha del siguiente pago fraccionado (enero o julio).<\/p>\n<p data-fusion-font=\"true\" style=\"text-align: justify; font-size: 15px; line-height: 16px;\">\n<ul>\n<\/ul>\n<p data-fusion-font=\"true\" style=\"font-size: 15px; line-height: 16px;\">\n<p data-fusion-font=\"true\" style=\"text-align: justify; font-size: 15px; line-height: 16px;\">PRECIOS DE LAS CUOTAS POR SEMESTRE SON:<\/p>\n<ul>\n<li style=\"text-align: justify; \"><span data-fusion-font=\"true\" style=\"font-size: 15px; line-height: 16px;\">Ejercientes: 75\u20ac<\/span><\/li>\n<li style=\"text-align: justify; \"><span data-fusion-font=\"true\" style=\"font-size: 15px; line-height: 16px;\">No ejercientes: 50\u20ac<br \/><\/span><\/li>\n<li style=\"text-align: justify; \"><span data-fusion-font=\"true\" style=\"font-size: 15px; line-height: 16px;\">Desempleados: 37,50\u20ac  (2\u00ba A\u00f1o y siguientes: 18,75\u20ac \/ semestre)<\/span><\/li>\n<li style=\"text-align: justify; \"><span data-fusion-font=\"true\" style=\"font-size: 15px; line-height: 16px;\">Jubilados no ejercientes: 10\u20ac<\/span><\/li>\n<li style=\"text-align: justify; \"><span data-fusion-font=\"true\" style=\"font-size: 15px; line-height: 16px;\">Residentes en otro Pa\u00eds: 15\u20ac<\/span><\/li>\n<li style=\"text-align: justify; \"><span data-fusion-font=\"true\" style=\"font-size: 15px; line-height: 16px;\">En todos los casos la cuota inicial se calcular\u00e1 seg\u00fan prorrateo indicado.<\/span><\/li>\n<\/ul>\n<p data-fusion-font=\"true\" style=\"text-align: justify; font-size: 15px; line-height: 16px;\">IMPORTANTE:<\/p>\n<ul>\n<li style=\"text-align: justify; \"><span data-fusion-font=\"true\" style=\"font-size: 15px; line-height: 16px;\">Si no adjunta la documentaci\u00f3n para obtener la bonificaci\u00f3n se aplicar\u00e1 la cuota de ejerciente.<\/span><\/li>\n<li style=\"text-align: justify; \"><span data-fusion-font=\"true\" style=\"font-size: 15px;\"><span data-fusion-font=\"true\" style=\"line-height: 16px;\">El <\/span><b data-fusion-font=\"true\" style=\"line-height: 16px;\">SEGURO DE RESPONSABILIDAD CIVIL GRATUITO<\/b><span data-fusion-font=\"true\" style=\"line-height: 16px;\"> s\u00f3lo est\u00e1 incluido en la modalidad de colegiados EJERCIENTES.<\/span><\/span><\/li>\n<li style=\"text-align: justify; \"><span data-fusion-font=\"true\" style=\"font-size: 15px; line-height: 16px;\">Si su modalidad de colegiaci\u00f3n cambia en un futuro debe comunic\u00e1rnoslo, ya que si no es la correcta no ser\u00e1 v\u00e1lida a efectos legales.<\/span><\/li>\n<\/ul>\n<p style=\"text-align: justify;\"><span style=\"font-size: 15px;\">* si tienes alg\u00fan problema o consulta puedes escribirnos a:                                                                  <a href=\"mailto:oficina@cobandalucia.org\" target=\"_blank\" rel=\"noopener noreferrer\">oficina@cobandalucia.org<\/a><\/span><\/p>\n<\/div><div style=\"text-align:center;\"><a class=\"fusion-button button-flat button-large button-custom fusion-button-default button-1 fusion-button-default-span\" style=\"--awb-margin-top:0px;--awb-margin-right:0px;--awb-margin-bottom:0px;--awb-margin-left:0px;--button_accent_color:var(--awb-color1);--button_border_color:var(--awb-color5);--button_accent_hover_color:var(--awb-color6);--button_border_hover_color:var(--awb-color5);--button_border_width-top:0px;--button_border_width-right:0px;--button_border_width-bottom:0px;--button_border_width-left:0px;--button-border-radius-top-left:50px;--button-border-radius-top-right:50px;--button-border-radius-bottom-right:50px;--button-border-radius-bottom-left:50px;--button_gradient_top_color:var(--awb-color6);--button_gradient_bottom_color:var(--awb-color6);--button_gradient_top_color_hover:var(--awb-color1);--button_gradient_bottom_color_hover:var(--awb-color1);--button_text_transform:var(--awb-typography3-text-transform);--button_typography-letter-spacing:var(--awb-typography3-letter-spacing);--button_typography-font-family:var(--awb-typography3-font-family);--button_typography-font-weight:var(--awb-typography3-font-weight);--button_typography-font-style:var(--awb-typography3-font-style);\" target=\"_blank\" rel=\"noopener noreferrer\" href=\"https:\/\/coband.e-gestion.es\/Ventanilla\/SolicitudAlta\/SolicitudAltaInicio.aspx\"><span class=\"fusion-button-text awb-button__text awb-button__text--default\">Formulario de Colegiaci\u00f3n<\/span><\/a><\/div><\/div><\/div><div class=\"fusion-layout-column fusion_builder_column fusion-builder-column-2 fusion_builder_column_1_2 1_2 fusion-flex-column fusion-animated\" style=\"--awb-padding-top:80px;--awb-padding-right:30px;--awb-padding-bottom:80px;--awb-padding-left:30px;--awb-padding-top-medium:60px;--awb-padding-right-medium:45px;--awb-padding-bottom-medium:60px;--awb-padding-left-medium:45px;--awb-overflow:hidden;--awb-bg-color:var(--awb-color1);--awb-bg-color-hover:var(--awb-color1);--awb-bg-size:cover;--awb-border-color:var(--awb-color3);--awb-border-top:1px;--awb-border-right:1px;--awb-border-bottom:1px;--awb-border-left:1px;--awb-border-style:solid;--awb-border-radius:12px 12px 12px 12px;--awb-width-large:50%;--awb-margin-top-large:0px;--awb-spacing-right-large:3.84%;--awb-margin-bottom-large:0px;--awb-spacing-left-large:2.56%;--awb-width-medium:33.333333333333%;--awb-order-medium:0;--awb-spacing-right-medium:5.76%;--awb-spacing-left-medium:3.84%;--awb-width-small:100%;--awb-order-small:1;--awb-spacing-right-small:1.92%;--awb-margin-bottom-small:40px;--awb-spacing-left-small:1.92%;\" data-animationtype=\"fadeInUp\" data-animationduration=\"1.3\" data-animationoffset=\"top-into-view\"><div class=\"fusion-column-wrapper fusion-column-has-shadow fusion-flex-justify-content-flex-start fusion-content-layout-column\"><div class=\"fusion-title title fusion-title-5 fusion-sep-none fusion-title-center fusion-title-text fusion-title-size-four\" style=\"--awb-text-color:var(--awb-color8);--awb-margin-top:0px;--awb-margin-bottom:20px;--awb-margin-top-small:10px;--awb-margin-right-small:0px;--awb-margin-bottom-small:10px;--awb-margin-left-small:0px;\"><h4 class=\"fusion-title-heading title-heading-center fusion-responsive-typography-calculated\" style=\"margin:0;--fontSize:28.43;line-height:1.4;\">Precolegiaci\u00f3n<\/h4><\/div><div class=\"fusion-text fusion-text-3 fusion-text-no-margin\" style=\"--awb-content-alignment:center;--awb-font-size:18px;--awb-line-height:28px;--awb-letter-spacing:var(--awb-typography4-letter-spacing);--awb-text-transform:var(--awb-typography4-text-transform);--awb-text-color:var(--awb-color8);--awb-margin-bottom:45px;--awb-text-font-family:var(--awb-typography4-font-family);--awb-text-font-weight:var(--awb-typography4-font-weight);--awb-text-font-style:var(--awb-typography4-font-style);\"><p style=\"text-align: justify; font-size: 15px; line-height: 20px; letter-spacing: normal;\" data-fusion-font=\"true\"><b>Precolegiarse en COBA<\/b><\/p>\n<p style=\"text-align: justify; font-size: 15px; line-height: 20px; letter-spacing: normal;\" data-fusion-font=\"true\"><b>Cuota: 20 euros (<i>curso escolar<\/i>)<\/b><\/p>\n<p style=\"text-align: justify; font-size: 15px; line-height: 20px; letter-spacing: normal;\" data-fusion-font=\"true\">Pensando en las futuras generaciones de Bi\u00f3logos y otras titulaciones afines a la Biolog\u00eda que actualmente est\u00e1n cursando los \u00faltimos a\u00f1os de Estudios (3\u00ba y 4\u00ba), el Colegio Oficial de Bi\u00f3logos de Andaluc\u00eda pone en marcha la PRECOLEGIACI\u00d3N como medio de incorporaci\u00f3n y conocimiento a la vida profesional y laboral de los estudiantes de Biolog\u00eda o cualquier otra titulaci\u00f3n superior relacionada con la Biolog\u00eda, empezando as\u00ed a apoyar a quienes pr\u00f3ximamente tienen el derecho y el deber de incorporarse como miembros de pleno derecho a nuestro Colegio<\/p>\n<p style=\"text-align: justify; font-size: 15px; line-height: 20px; letter-spacing: normal;\" data-fusion-font=\"true\"><b>\u00bfQui\u00e9n puede precolegiarse?<\/b> Pueden acceder a precolegiarse todos los estudiantes que est\u00e9n cursando estudios de Biolog\u00eda, Biomedicina, Bioqu\u00edmica, Biotecnolog\u00eda, Ciencias del Mar, Gen\u00e9tica, Microbiolog\u00eda o cualquier otra titulaci\u00f3n superior relacionada con la Biolog\u00eda. <\/p>\n<p style=\"text-align: justify; font-size: 15px; line-height: 20px; letter-spacing: normal;\" data-fusion-font=\"true\"><b>\u00bf Qu\u00e9 Servicios se ofrecen a los Precolegiados?<\/b> Los precolegiados pueden beneficiarse de: <\/p>\n<ul>\n<li style=\"text-align: justify; \"><span data-fusion-font=\"true\" style=\"font-size: 15px;\">CURSOS organizados por el Colegio con los mismos descuentos que los colegiados: BIODEMECUM<\/span><\/li>\n<li style=\"text-align: justify; \"><span data-fusion-font=\"true\" style=\"font-size: 15px;\">Acceso a la p\u00e1gina Web www.cobandalucia.org (zona solo colegiados) del Colegio Oficial de Bi\u00f3logos de Andaluc\u00eda, <\/span><\/li>\n<li style=\"text-align: justify; \"><span data-fusion-font=\"true\" style=\"font-size: 15px;\">Acceso a la oferta de Becas, Ayudas y Subvenciones y la Gesti\u00f3n de Pr\u00e1cticas con Empresas. <\/span><\/li>\n<li style=\"text-align: justify; \"><span data-fusion-font=\"true\" style=\"font-size: 15px;\">Asesoramiento sobre salidas profesionales del Bi\u00f3logo y Orientaci\u00f3n Laboral. <\/span><\/li>\n<li style=\"text-align: justify; \"><span data-fusion-font=\"true\" style=\"font-size: 15px;\">Acceder a los beneficios de los convenios suscritos por el Colegio con entidades (ver convenios) como: Hoteles. Viajes. Entidades financieras. Servicios sanitarios. Seguros de autom\u00f3viles. Seguros de accidentes, Seguros de vida de aceptaci\u00f3n voluntaria. Seguros para autom\u00f3viles. Planes de pensiones, etc.<\/span><\/li>\n<li style=\"text-align: justify; \"><span data-fusion-font=\"true\" style=\"font-size: 15px;\">si as\u00ed lo desean pueden solicitar ser miembros de los grupos \u201cInfoCOBA\u201d como colaboradores de actividades del  COBA en cada una de las universidades andaluzas.<\/span><\/li>\n<li style=\"text-align: justify; \"><span data-fusion-font=\"true\" style=\"font-size: 15px;\">Y adem\u00e1s al precolegiarte puedes acceder a participar en la convocatoria anual de los Premios Fin de Grado: Premios COBA- TFG., de toda Andaluc\u00eda.<\/span><\/li>\n<li style=\"text-align: justify; \"><span style=\"font-size: 15px;\" data-fusion-font=\"true\">&#8230;y a\u00fan hay m\u00e1s, si pasas de precolegiado a colegiado desempleado o a colegido no ejerciente, te beneficiar\u00e1s de estar un a\u00f1o \u00fanicamente, con una cuota de 20\u20ac.<\/span><\/li>\n<\/ul>\n<p style=\"text-align: justify;\"><span data-fusion-font=\"true\" style=\"font-size: 15px;\">* si tienes alg\u00fan problema o consulta puedes escribirnos a:                                                                  <a href=\"mailto:oficina@cobandalucia.org\" target=\"_blank\" rel=\"noopener noreferrer\">oficina@cobandalucia.org<\/a><\/span><span style=\"font-size: 15px;\"><br \/><\/span><\/p>\n<\/div><div style=\"text-align:center;\"><a class=\"fusion-button button-flat button-large button-custom fusion-button-default button-2 fusion-button-default-span\" style=\"--awb-margin-top:0px;--awb-margin-right:0px;--awb-margin-bottom:0px;--awb-margin-left:0px;--button_accent_color:var(--awb-color1);--button_border_color:var(--awb-color5);--button_accent_hover_color:var(--awb-color6);--button_border_hover_color:var(--awb-color5);--button_border_width-top:0px;--button_border_width-right:0px;--button_border_width-bottom:0px;--button_border_width-left:0px;--button-border-radius-top-left:50px;--button-border-radius-top-right:50px;--button-border-radius-bottom-right:50px;--button-border-radius-bottom-left:50px;--button_gradient_top_color:var(--awb-color6);--button_gradient_bottom_color:var(--awb-color6);--button_gradient_top_color_hover:var(--awb-color1);--button_gradient_bottom_color_hover:var(--awb-color1);--button_text_transform:var(--awb-typography3-text-transform);--button_typography-letter-spacing:var(--awb-typography3-letter-spacing);--button_typography-font-family:var(--awb-typography3-font-family);--button_typography-font-weight:var(--awb-typography3-font-weight);--button_typography-font-style:var(--awb-typography3-font-style);\" target=\"_blank\" rel=\"noopener noreferrer\" href=\"https:\/\/coband.e-gestion.es\/Ventanilla\/SolicitudAlta\/SolicitudAltaInicio.aspx\"><span class=\"fusion-button-text awb-button__text awb-button__text--default\">Formulario de Precolegiaci\u00f3n<\/span><\/a><\/div><\/div><\/div><\/div><\/div>","protected":false},"excerpt":{"rendered":"","protected":false},"author":1,"featured_media":3430,"parent":0,"menu_order":0,"comment_status":"closed","ping_status":"closed","template":"100-width.php","meta":{"iawp_total_views":3776,"footnotes":""},"class_list":["post-2493","page","type-page","status-publish","has-post-thumbnail","hentry"],"_links":{"self":[{"href":"https:\/\/cobandalucia.org\/en\/wp-json\/wp\/v2\/pages\/2493","targetHints":{"allow":["GET"]}}],"collection":[{"href":"https:\/\/cobandalucia.org\/en\/wp-json\/wp\/v2\/pages"}],"about":[{"href":"https:\/\/cobandalucia.org\/en\/wp-json\/wp\/v2\/types\/page"}],"author":[{"embeddable":true,"href":"https:\/\/cobandalucia.org\/en\/wp-json\/wp\/v2\/users\/1"}],"replies":[{"embeddable":true,"href":"https:\/\/cobandalucia.org\/en\/wp-json\/wp\/v2\/comments?post=2493"}],"version-history":[{"count":29,"href":"https:\/\/cobandalucia.org\/en\/wp-json\/wp\/v2\/pages\/2493\/revisions"}],"predecessor-version":[{"id":4225,"href":"https:\/\/cobandalucia.org\/en\/wp-json\/wp\/v2\/pages\/2493\/revisions\/4225"}],"wp:featuredmedia":[{"embeddable":true,"href":"https:\/\/cobandalucia.org\/en\/wp-json\/wp\/v2\/media\/3430"}],"wp:attachment":[{"href":"https:\/\/cobandalucia.org\/en\/wp-json\/wp\/v2\/media?parent=2493"}],"curies":[{"name":"wp","href":"https:\/\/api.w.org\/{rel}","templated":true}]}}