{"id":2533,"date":"2024-02-14T10:50:07","date_gmt":"2024-02-14T10:50:07","guid":{"rendered":"http:\/\/cobandalucia.org\/?page_id=2533"},"modified":"2024-10-08T07:27:52","modified_gmt":"2024-10-08T07:27:52","slug":"visados-y-proyectos","status":"publish","type":"page","link":"https:\/\/cobandalucia.org\/en\/visados-y-proyectos\/","title":{"rendered":"Visados y Proyectos"},"content":{"rendered":"<div class=\"fusion-fullwidth fullwidth-box fusion-builder-row-1 fusion-flex-container nonhundred-percent-fullwidth non-hundred-percent-height-scrolling\" style=\"--awb-border-radius-top-left:0px;--awb-border-radius-top-right:0px;--awb-border-radius-bottom-right:0px;--awb-border-radius-bottom-left:0px;--awb-flex-wrap:wrap;\" ><div class=\"fusion-builder-row fusion-row fusion-flex-align-items-flex-start fusion-flex-content-wrap\" style=\"max-width:1248px;margin-left: calc(-4% \/ 2 );margin-right: calc(-4% \/ 2 );\"><div class=\"fusion-layout-column fusion_builder_column fusion-builder-column-0 fusion_builder_column_1_1 1_1 fusion-flex-column\" style=\"--awb-bg-size:cover;--awb-width-large:100%;--awb-margin-top-large:0px;--awb-spacing-right-large:1.92%;--awb-margin-bottom-large:0px;--awb-spacing-left-large:1.92%;--awb-width-medium:100%;--awb-spacing-right-medium:1.92%;--awb-spacing-left-medium:1.92%;--awb-width-small:100%;--awb-spacing-right-small:1.92%;--awb-spacing-left-small:1.92%;\"><div class=\"fusion-column-wrapper fusion-flex-justify-content-flex-start fusion-content-layout-column\"><div class=\"fusion-text fusion-text-1\"><h1><span data-fusion-font=\"true\" style=\"font-size: 40px;\">Visados <\/span><span data-fusion-font=\"true\" style=\"font-size: 40px;\">y Proyectos<\/span><\/h1>\n<\/p>\n<p><strong>Puedes descargar el formulario de solicitud de visados y ver los precios en \u00abDocumentos relacionados\u00bb, al final de esta p\u00e1gina.<\/strong><\/p>\n<p>El visado es una acto colegial de control de la actividad profesional de sus colegiados.<\/p>\n<\/p>\n<div>El art\u00edculo 5q) de la Ley 2\/1974, de 13 de febrero, de Colegios Profesionales atribuye a estas corporaciones la funci\u00f3n de \u00abvisar los trabajos profesionales de los colegiados, cuando as\u00ed se establezca expresamente en sus Estatutos generales\u00bb.<\/div>\n<div><\/div>\n<div>La jurisprudencia se\u00f1ala que el visado no es un mero sellado de la documentaci\u00f3n en que se plasma un trabajo profesional, sino que supone la acreditaci\u00f3n colegial de:<\/div>\n<div><\/div>\n<ul>\n<li>La identidad y habilitaci\u00f3n del autor (por ejemplo carencia de sanci\u00f3n disciplinaria).<\/li>\n<li>La correcci\u00f3n e integridad formal, as\u00ed como la apariencia de viabilidad legal del trabajo.<\/li>\n<li>La observancia de las normas colegiales por el autor (por ejemplo, inexistencia de incompatibilidades).<\/li>\n<\/ul>\n<div><\/div>\n<div><\/div>\n<div>As\u00ed pues, el visado colegial se convierte en un instrumento de control de la condici\u00f3n de colegiado del autor del proyecto y de sus capacidad t\u00e9cnica corporativa, legal y deontol\u00f3gica, as\u00ed como de vigilancia del r\u00e9gimen de incompatibilidades y de la apariencia de correcci\u00f3n legal del proyecto a visar. Por tanto, el visado colegial no tiene ninguna funci\u00f3n de control de la calidad de trabajos profesionales.<\/div>\n<div><\/div>\n<div>Adem\u00e1s de estos aspectos formales, el visado colegial tambi\u00e9n tiene otras funciones, como son:<\/div>\n<div><\/div>\n<ul>\n<li>Evitar que el trabajo profesional est\u00e9 sujeto exclusivamente a los intereses del cliente.<\/li>\n<li>Evitar que el trabajo profesional pueda ser modificado a posteriori por intereses ajenos a sus objetivos.<\/li>\n<li>Garantizar al colegiado la existencia de una copia de su trabajo profesional en los archivos colegiales, en el supuesto de extrav\u00edo de los archivos de aqu\u00e9l.<\/li>\n<\/ul>\n<p>CUSTODIA: El documento visado se custodiar\u00e1 por el COBA en formato digital durante 5 a\u00f1os a partir de la fecha de presentaci\u00f3n.<\/p>\n<\/p>\n<p>Documentos Relacionados:<\/p>\n<p><a href=\"https:\/\/cobandalucia.org\/wp-content\/uploads\/2024\/06\/Formulario-solicitud-Visado.pdf\" target=\"_blank\" rel=\"noopener noreferrer\">Formulario solicitud Visado<\/a><\/p>\n<p><a href=\"https:\/\/cobandalucia.org\/wp-content\/uploads\/2024\/06\/Tarifas-Visados.pdf\" target=\"_blank\" rel=\"noopener noreferrer\">Tarifas Visados<\/a><\/p>\n<\/div><\/div><\/div><\/div><\/div>","protected":false},"excerpt":{"rendered":"","protected":false},"author":1,"featured_media":2375,"parent":0,"menu_order":0,"comment_status":"closed","ping_status":"closed","template":"100-width.php","meta":{"iawp_total_views":71,"footnotes":""},"class_list":["post-2533","page","type-page","status-publish","has-post-thumbnail","hentry"],"_links":{"self":[{"href":"https:\/\/cobandalucia.org\/en\/wp-json\/wp\/v2\/pages\/2533","targetHints":{"allow":["GET"]}}],"collection":[{"href":"https:\/\/cobandalucia.org\/en\/wp-json\/wp\/v2\/pages"}],"about":[{"href":"https:\/\/cobandalucia.org\/en\/wp-json\/wp\/v2\/types\/page"}],"author":[{"embeddable":true,"href":"https:\/\/cobandalucia.org\/en\/wp-json\/wp\/v2\/users\/1"}],"replies":[{"embeddable":true,"href":"https:\/\/cobandalucia.org\/en\/wp-json\/wp\/v2\/comments?post=2533"}],"version-history":[{"count":8,"href":"https:\/\/cobandalucia.org\/en\/wp-json\/wp\/v2\/pages\/2533\/revisions"}],"predecessor-version":[{"id":3767,"href":"https:\/\/cobandalucia.org\/en\/wp-json\/wp\/v2\/pages\/2533\/revisions\/3767"}],"wp:featuredmedia":[{"embeddable":true,"href":"https:\/\/cobandalucia.org\/en\/wp-json\/wp\/v2\/media\/2375"}],"wp:attachment":[{"href":"https:\/\/cobandalucia.org\/en\/wp-json\/wp\/v2\/media?parent=2533"}],"curies":[{"name":"wp","href":"https:\/\/api.w.org\/{rel}","templated":true}]}}