{"id":2539,"date":"2024-02-14T10:55:22","date_gmt":"2024-02-14T10:55:22","guid":{"rendered":"http:\/\/cobandalucia.org\/?page_id=2539"},"modified":"2026-02-18T10:09:38","modified_gmt":"2026-02-18T10:09:38","slug":"comision-de-medio-ambiente","status":"publish","type":"page","link":"https:\/\/cobandalucia.org\/en\/comision-de-medio-ambiente\/","title":{"rendered":"Comisi\u00f3n de Medio Ambiente"},"content":{"rendered":"<div class=\"fusion-fullwidth fullwidth-box fusion-builder-row-1 fusion-flex-container nonhundred-percent-fullwidth non-hundred-percent-height-scrolling\" style=\"--awb-border-radius-top-left:0px;--awb-border-radius-top-right:0px;--awb-border-radius-bottom-right:0px;--awb-border-radius-bottom-left:0px;--awb-flex-wrap:wrap;\" ><div class=\"fusion-builder-row fusion-row fusion-flex-align-items-flex-start fusion-flex-content-wrap\" style=\"max-width:1248px;margin-left: calc(-4% \/ 2 );margin-right: calc(-4% \/ 2 );\"><div class=\"fusion-layout-column fusion_builder_column fusion-builder-column-0 fusion_builder_column_1_1 1_1 fusion-flex-column\" style=\"--awb-bg-size:cover;--awb-width-large:100%;--awb-margin-top-large:0px;--awb-spacing-right-large:1.92%;--awb-margin-bottom-large:0px;--awb-spacing-left-large:1.92%;--awb-width-medium:100%;--awb-spacing-right-medium:1.92%;--awb-spacing-left-medium:1.92%;--awb-width-small:100%;--awb-spacing-right-small:1.92%;--awb-spacing-left-small:1.92%;\"><div class=\"fusion-column-wrapper fusion-flex-justify-content-flex-start fusion-content-layout-column\"><div class=\"fusion-text fusion-text-1\"><p><img decoding=\"async\" class=\"lazyload alignnone size-medium wp-image-3603\" src=\"https:\/\/cobandalucia.org\/wp-content\/uploads\/2024\/06\/LOGO-COMISION-MEDIO-AMBIENTE-300x125.png\" data-orig-src=\"https:\/\/cobandalucia.org\/wp-content\/uploads\/2024\/06\/LOGO-COMISION-MEDIO-AMBIENTE-300x125.png\" alt=\"\" width=\"300\" height=\"125\" srcset=\"data:image\/svg+xml,%3Csvg%20xmlns%3D%27http%3A%2F%2Fwww.w3.org%2F2000%2Fsvg%27%20width%3D%27300%27%20height%3D%27125%27%20viewBox%3D%270%200%20300%20125%27%3E%3Crect%20width%3D%27300%27%20height%3D%27125%27%20fill-opacity%3D%220%22%2F%3E%3C%2Fsvg%3E\" data-srcset=\"https:\/\/cobandalucia.org\/wp-content\/uploads\/2024\/06\/LOGO-COMISION-MEDIO-AMBIENTE-200x83.png 200w, https:\/\/cobandalucia.org\/wp-content\/uploads\/2024\/06\/LOGO-COMISION-MEDIO-AMBIENTE-300x125.png 300w, https:\/\/cobandalucia.org\/wp-content\/uploads\/2024\/06\/LOGO-COMISION-MEDIO-AMBIENTE-400x166.png 400w, https:\/\/cobandalucia.org\/wp-content\/uploads\/2024\/06\/LOGO-COMISION-MEDIO-AMBIENTE-500x208.png 500w, https:\/\/cobandalucia.org\/wp-content\/uploads\/2024\/06\/LOGO-COMISION-MEDIO-AMBIENTE-600x249.png 600w, https:\/\/cobandalucia.org\/wp-content\/uploads\/2024\/06\/LOGO-COMISION-MEDIO-AMBIENTE-700x291.png 700w, https:\/\/cobandalucia.org\/wp-content\/uploads\/2024\/06\/LOGO-COMISION-MEDIO-AMBIENTE-768x319.png 768w, https:\/\/cobandalucia.org\/wp-content\/uploads\/2024\/06\/LOGO-COMISION-MEDIO-AMBIENTE-800x332.png 800w, https:\/\/cobandalucia.org\/wp-content\/uploads\/2024\/06\/LOGO-COMISION-MEDIO-AMBIENTE-1024x425.png 1024w, https:\/\/cobandalucia.org\/wp-content\/uploads\/2024\/06\/LOGO-COMISION-MEDIO-AMBIENTE-1200x498.png 1200w, https:\/\/cobandalucia.org\/wp-content\/uploads\/2024\/06\/LOGO-COMISION-MEDIO-AMBIENTE-1536x638.png 1536w, https:\/\/cobandalucia.org\/wp-content\/uploads\/2024\/06\/LOGO-COMISION-MEDIO-AMBIENTE.png 1607w\" data-sizes=\"auto\" data-orig-sizes=\"(max-width: 300px) 100vw, 300px\" \/><\/p>\n<\/p>\n<p><strong>&#8211; COMISION DE MEDIO AMBIENTE<\/strong><\/p>\n<p>La sociedad se encuentra en un momento de transformaci\u00f3n profunda en cuanto a las relaciones con el medio natural y la atenci\u00f3n del medio ambiente y la contaminaci\u00f3n, impulsado por la transformaci\u00f3n energ\u00e9tica, consecuencia de los efectos del cambio clim\u00e1tico, adem\u00e1s de la crisis de la biodiversidad, no suficientemente entendida e incomprensiblemente no aceptada por diversos colectivos.<\/p>\n<p>Los titulados en Biolog\u00eda poseen una visi\u00f3n general, pragm\u00e1tica, realista y equilibrada acerca del medio natural, la calidad del medio ambiente, la protecci\u00f3n ambiental, y la relaci\u00f3n de todos estos aspectos con la salud humana, todo esto enfocado al momento actual a la vez que con perspectiva a medio y largo plazo. La presencia de estos profesionales se hace imprescindible en el mercado laboral en la industria, los organismos e instituciones p\u00fablicos y privados, las instituciones acad\u00e9micas, y las organizaciones no gubernamentales, entre otros ejemplos.<\/p>\n<p>La Comisi\u00f3n de Medio Ambiente est\u00e1 compuesta por profesionales colegiados con experiencia en el \u00e1rea medioambiental que ofrecen sus conocimientos y dedicaci\u00f3n para dar soporte al Colegio en esta materia y apoyar y orientar a los colegiados interesados en los asuntos del Medio Ambiente.<\/p>\n<\/p>\n<p>* Contacta con la Comisi\u00f3n de Medio Ambiente: <a href=\"mailto:oficina@cobandalucia.org\" target=\"_blank\" rel=\"noopener noreferrer\">oficina@cobandalucia.org<\/a><\/p>\n<p>Aqu\u00ed puedes consultar la Memoria 2025 de la Comisi\u00f3n Medio Ambiente: <a href=\"https:\/\/cobandalucia.org\/wp-content\/uploads\/2026\/02\/Memoria_Anual_2025.pdf\" target=\"_blank\" rel=\"noopener noreferrer\">Memoria 2025 Comisi\u00f3n Medio Ambiente<\/a><\/p><\/p>\n<\/div><\/div><\/div><\/div><\/div>","protected":false},"excerpt":{"rendered":"","protected":false},"author":1,"featured_media":2756,"parent":0,"menu_order":0,"comment_status":"closed","ping_status":"closed","template":"100-width.php","meta":{"iawp_total_views":212,"footnotes":""},"class_list":["post-2539","page","type-page","status-publish","has-post-thumbnail","hentry"],"_links":{"self":[{"href":"https:\/\/cobandalucia.org\/en\/wp-json\/wp\/v2\/pages\/2539","targetHints":{"allow":["GET"]}}],"collection":[{"href":"https:\/\/cobandalucia.org\/en\/wp-json\/wp\/v2\/pages"}],"about":[{"href":"https:\/\/cobandalucia.org\/en\/wp-json\/wp\/v2\/types\/page"}],"author":[{"embeddable":true,"href":"https:\/\/cobandalucia.org\/en\/wp-json\/wp\/v2\/users\/1"}],"replies":[{"embeddable":true,"href":"https:\/\/cobandalucia.org\/en\/wp-json\/wp\/v2\/comments?post=2539"}],"version-history":[{"count":17,"href":"https:\/\/cobandalucia.org\/en\/wp-json\/wp\/v2\/pages\/2539\/revisions"}],"predecessor-version":[{"id":4700,"href":"https:\/\/cobandalucia.org\/en\/wp-json\/wp\/v2\/pages\/2539\/revisions\/4700"}],"wp:featuredmedia":[{"embeddable":true,"href":"https:\/\/cobandalucia.org\/en\/wp-json\/wp\/v2\/media\/2756"}],"wp:attachment":[{"href":"https:\/\/cobandalucia.org\/en\/wp-json\/wp\/v2\/media?parent=2539"}],"curies":[{"name":"wp","href":"https:\/\/api.w.org\/{rel}","templated":true}]}}