{"id":2541,"date":"2024-02-14T10:56:40","date_gmt":"2024-02-14T10:56:40","guid":{"rendered":"http:\/\/cobandalucia.org\/?page_id=2541"},"modified":"2024-10-10T11:16:01","modified_gmt":"2024-10-10T11:16:01","slug":"comision-de-agricultura","status":"publish","type":"page","link":"https:\/\/cobandalucia.org\/en\/comision-de-agricultura\/","title":{"rendered":"Comisi\u00f3n de Agricultura e Industria Agroalimentaria"},"content":{"rendered":"<div class=\"fusion-fullwidth fullwidth-box fusion-builder-row-1 fusion-flex-container nonhundred-percent-fullwidth non-hundred-percent-height-scrolling\" style=\"--awb-border-radius-top-left:0px;--awb-border-radius-top-right:0px;--awb-border-radius-bottom-right:0px;--awb-border-radius-bottom-left:0px;--awb-flex-wrap:wrap;\" ><div class=\"fusion-builder-row fusion-row fusion-flex-align-items-flex-start fusion-flex-content-wrap\" style=\"max-width:1248px;margin-left: calc(-4% \/ 2 );margin-right: calc(-4% \/ 2 );\"><div class=\"fusion-layout-column fusion_builder_column fusion-builder-column-0 fusion_builder_column_1_1 1_1 fusion-flex-column\" style=\"--awb-bg-size:cover;--awb-width-large:100%;--awb-margin-top-large:0px;--awb-spacing-right-large:1.92%;--awb-margin-bottom-large:0px;--awb-spacing-left-large:1.92%;--awb-width-medium:100%;--awb-spacing-right-medium:1.92%;--awb-spacing-left-medium:1.92%;--awb-width-small:100%;--awb-spacing-right-small:1.92%;--awb-spacing-left-small:1.92%;\"><div class=\"fusion-column-wrapper fusion-flex-justify-content-flex-start fusion-content-layout-column\"><div class=\"fusion-text fusion-text-1\"><h1><img decoding=\"async\" class=\"lazyload size-medium wp-image-3187 alignleft\" src=\"https:\/\/cobandalucia.org\/wp-content\/uploads\/2024\/05\/colegio-oficial-biologos-andalucia-AGRICULTURA-300x100.png\" data-orig-src=\"https:\/\/cobandalucia.org\/wp-content\/uploads\/2024\/05\/colegio-oficial-biologos-andalucia-AGRICULTURA-300x100.png\" alt=\"\" width=\"300\" height=\"100\" srcset=\"data:image\/svg+xml,%3Csvg%20xmlns%3D%27http%3A%2F%2Fwww.w3.org%2F2000%2Fsvg%27%20width%3D%27300%27%20height%3D%27100%27%20viewBox%3D%270%200%20300%20100%27%3E%3Crect%20width%3D%27300%27%20height%3D%27100%27%20fill-opacity%3D%220%22%2F%3E%3C%2Fsvg%3E\" data-srcset=\"https:\/\/cobandalucia.org\/wp-content\/uploads\/2024\/05\/colegio-oficial-biologos-andalucia-AGRICULTURA-200x67.png 200w, https:\/\/cobandalucia.org\/wp-content\/uploads\/2024\/05\/colegio-oficial-biologos-andalucia-AGRICULTURA-300x100.png 300w, https:\/\/cobandalucia.org\/wp-content\/uploads\/2024\/05\/colegio-oficial-biologos-andalucia-AGRICULTURA-400x133.png 400w, https:\/\/cobandalucia.org\/wp-content\/uploads\/2024\/05\/colegio-oficial-biologos-andalucia-AGRICULTURA-500x166.png 500w, https:\/\/cobandalucia.org\/wp-content\/uploads\/2024\/05\/colegio-oficial-biologos-andalucia-AGRICULTURA-600x200.png 600w, https:\/\/cobandalucia.org\/wp-content\/uploads\/2024\/05\/colegio-oficial-biologos-andalucia-AGRICULTURA-700x233.png 700w, https:\/\/cobandalucia.org\/wp-content\/uploads\/2024\/05\/colegio-oficial-biologos-andalucia-AGRICULTURA-768x256.png 768w, https:\/\/cobandalucia.org\/wp-content\/uploads\/2024\/05\/colegio-oficial-biologos-andalucia-AGRICULTURA-800x266.png 800w, https:\/\/cobandalucia.org\/wp-content\/uploads\/2024\/05\/colegio-oficial-biologos-andalucia-AGRICULTURA-1024x341.png 1024w, https:\/\/cobandalucia.org\/wp-content\/uploads\/2024\/05\/colegio-oficial-biologos-andalucia-AGRICULTURA-1200x399.png 1200w, https:\/\/cobandalucia.org\/wp-content\/uploads\/2024\/05\/colegio-oficial-biologos-andalucia-AGRICULTURA-1536x511.png 1536w\" data-sizes=\"auto\" data-orig-sizes=\"(max-width: 300px) 100vw, 300px\" \/><\/h1>\n<\/p>\n<p><strong>&#8211; COMISION DE AGRICULTURA E INDUSTRIA AGROALIMENTARIA<\/strong><\/p>\n<p>La importancia de la biolog\u00eda en la agricultura ha sido clave en el desarrollo mundial. Mediante la mejora gen\u00e9tica de los cultivos con la obtenci\u00f3n de nuevas variedades, la investigaci\u00f3n y desarrollo en la sanidad vegetal y el uso de soluciones biol\u00f3gicas han permitido a la agricultura y al sector agroalimentario alcanzar unos niveles productivos y de calidad jam\u00e1s pensados. Otro aspecto donde est\u00e1 presente la biolog\u00eda es el de la conservaci\u00f3n de los alimentos.<\/p>\n<p>Desde esta Comisi\u00f3n se pretende dar valor y que se visualicen los diferentes profesionales de la biolog\u00eda que trabajan en este sector.<\/p>\n<p>Los miembros de esta Comisi\u00f3n tienen como objetivo, entre otros,  la organizaci\u00f3n de jornadas profesionales, webinar, cursos de formaci\u00f3n continua, actividades en colaboraci\u00f3n con universidades, centros de investigaci\u00f3n y empresas privadas.<\/p>\n<\/p>\n<p>* Contacta con la Comisi\u00f3n de Agricultura e Industria Agroalimentaria: <a href=\"mailto:oficina@cobandalucia.org\" target=\"_blank\" rel=\"noopener noreferrer\">oficina@cobandalucia.org<\/a><\/p><\/p>\n<\/div><\/div><\/div><\/div><\/div>","protected":false},"excerpt":{"rendered":"","protected":false},"author":1,"featured_media":2983,"parent":0,"menu_order":0,"comment_status":"closed","ping_status":"closed","template":"100-width.php","meta":{"iawp_total_views":105,"footnotes":""},"class_list":["post-2541","page","type-page","status-publish","has-post-thumbnail","hentry"],"_links":{"self":[{"href":"https:\/\/cobandalucia.org\/en\/wp-json\/wp\/v2\/pages\/2541","targetHints":{"allow":["GET"]}}],"collection":[{"href":"https:\/\/cobandalucia.org\/en\/wp-json\/wp\/v2\/pages"}],"about":[{"href":"https:\/\/cobandalucia.org\/en\/wp-json\/wp\/v2\/types\/page"}],"author":[{"embeddable":true,"href":"https:\/\/cobandalucia.org\/en\/wp-json\/wp\/v2\/users\/1"}],"replies":[{"embeddable":true,"href":"https:\/\/cobandalucia.org\/en\/wp-json\/wp\/v2\/comments?post=2541"}],"version-history":[{"count":11,"href":"https:\/\/cobandalucia.org\/en\/wp-json\/wp\/v2\/pages\/2541\/revisions"}],"predecessor-version":[{"id":3814,"href":"https:\/\/cobandalucia.org\/en\/wp-json\/wp\/v2\/pages\/2541\/revisions\/3814"}],"wp:featuredmedia":[{"embeddable":true,"href":"https:\/\/cobandalucia.org\/en\/wp-json\/wp\/v2\/media\/2983"}],"wp:attachment":[{"href":"https:\/\/cobandalucia.org\/en\/wp-json\/wp\/v2\/media?parent=2541"}],"curies":[{"name":"wp","href":"https:\/\/api.w.org\/{rel}","templated":true}]}}