{"id":2543,"date":"2024-02-14T10:57:18","date_gmt":"2024-02-14T10:57:18","guid":{"rendered":"http:\/\/cobandalucia.org\/?page_id=2543"},"modified":"2024-10-10T11:17:38","modified_gmt":"2024-10-10T11:17:38","slug":"comision-de-biotecnologia","status":"publish","type":"page","link":"https:\/\/cobandalucia.org\/en\/comision-de-biotecnologia\/","title":{"rendered":"Comisi\u00f3n de Biotecnolog\u00eda"},"content":{"rendered":"<div class=\"fusion-fullwidth fullwidth-box fusion-builder-row-1 fusion-flex-container nonhundred-percent-fullwidth non-hundred-percent-height-scrolling\" style=\"--awb-border-radius-top-left:0px;--awb-border-radius-top-right:0px;--awb-border-radius-bottom-right:0px;--awb-border-radius-bottom-left:0px;--awb-flex-wrap:wrap;\" ><div class=\"fusion-builder-row fusion-row fusion-flex-align-items-flex-start fusion-flex-content-wrap\" style=\"max-width:1248px;margin-left: calc(-4% \/ 2 );margin-right: calc(-4% \/ 2 );\"><div class=\"fusion-layout-column fusion_builder_column fusion-builder-column-0 fusion_builder_column_1_1 1_1 fusion-flex-column\" style=\"--awb-bg-size:cover;--awb-width-large:100%;--awb-margin-top-large:0px;--awb-spacing-right-large:1.92%;--awb-margin-bottom-large:0px;--awb-spacing-left-large:1.92%;--awb-width-medium:100%;--awb-spacing-right-medium:1.92%;--awb-spacing-left-medium:1.92%;--awb-width-small:100%;--awb-spacing-right-small:1.92%;--awb-spacing-left-small:1.92%;\"><div class=\"fusion-column-wrapper fusion-flex-justify-content-flex-start fusion-content-layout-column\"><div class=\"fusion-text fusion-text-1\"><p><img decoding=\"async\" class=\"lazyload alignnone size-medium wp-image-3601\" src=\"https:\/\/cobandalucia.org\/wp-content\/uploads\/2024\/06\/colegio-oficial-biologos-andalucia-areas_coba-areas-3-1-300x125.png\" data-orig-src=\"https:\/\/cobandalucia.org\/wp-content\/uploads\/2024\/06\/colegio-oficial-biologos-andalucia-areas_coba-areas-3-1-300x125.png\" alt=\"\" width=\"300\" height=\"125\" srcset=\"data:image\/svg+xml,%3Csvg%20xmlns%3D%27http%3A%2F%2Fwww.w3.org%2F2000%2Fsvg%27%20width%3D%27300%27%20height%3D%27125%27%20viewBox%3D%270%200%20300%20125%27%3E%3Crect%20width%3D%27300%27%20height%3D%27125%27%20fill-opacity%3D%220%22%2F%3E%3C%2Fsvg%3E\" data-srcset=\"https:\/\/cobandalucia.org\/wp-content\/uploads\/2024\/06\/colegio-oficial-biologos-andalucia-areas_coba-areas-3-1-200x83.png 200w, https:\/\/cobandalucia.org\/wp-content\/uploads\/2024\/06\/colegio-oficial-biologos-andalucia-areas_coba-areas-3-1-300x125.png 300w, https:\/\/cobandalucia.org\/wp-content\/uploads\/2024\/06\/colegio-oficial-biologos-andalucia-areas_coba-areas-3-1-400x166.png 400w, https:\/\/cobandalucia.org\/wp-content\/uploads\/2024\/06\/colegio-oficial-biologos-andalucia-areas_coba-areas-3-1-500x208.png 500w, https:\/\/cobandalucia.org\/wp-content\/uploads\/2024\/06\/colegio-oficial-biologos-andalucia-areas_coba-areas-3-1-600x249.png 600w, https:\/\/cobandalucia.org\/wp-content\/uploads\/2024\/06\/colegio-oficial-biologos-andalucia-areas_coba-areas-3-1-700x291.png 700w, https:\/\/cobandalucia.org\/wp-content\/uploads\/2024\/06\/colegio-oficial-biologos-andalucia-areas_coba-areas-3-1-768x319.png 768w, https:\/\/cobandalucia.org\/wp-content\/uploads\/2024\/06\/colegio-oficial-biologos-andalucia-areas_coba-areas-3-1-800x332.png 800w, https:\/\/cobandalucia.org\/wp-content\/uploads\/2024\/06\/colegio-oficial-biologos-andalucia-areas_coba-areas-3-1-1024x425.png 1024w, https:\/\/cobandalucia.org\/wp-content\/uploads\/2024\/06\/colegio-oficial-biologos-andalucia-areas_coba-areas-3-1-1200x498.png 1200w, https:\/\/cobandalucia.org\/wp-content\/uploads\/2024\/06\/colegio-oficial-biologos-andalucia-areas_coba-areas-3-1-1536x638.png 1536w, https:\/\/cobandalucia.org\/wp-content\/uploads\/2024\/06\/colegio-oficial-biologos-andalucia-areas_coba-areas-3-1.png 1607w\" data-sizes=\"auto\" data-orig-sizes=\"(max-width: 300px) 100vw, 300px\" \/><\/p>\n<\/p>\n<p><strong>&#8211; COMISION DE BIOTECNOLOG\u00cdA<\/strong><\/p>\n<p>La biolog\u00eda es la ciencia que estudia los seres vivos, desde las c\u00e9lulas m\u00e1s peque\u00f1as hasta los ecosistemas m\u00e1s complejos.<\/p>\n<p>La biotecnolog\u00eda es la aplicaci\u00f3n de tecnolog\u00eda que utiliza sistemas biol\u00f3gicos y organismos vivos \u2013o derivados- para crear o modificar procesos o productos para usos espec\u00edficos. Se aplica en diferentes sectores como medicina, farmacia, agricultura, ciencia de los alimentos y ciencias forestales.<\/p>\n<p>Los expertos que forman parte como miembros de la Comisi\u00f3n de Biotecnolog\u00eda  del COBA est\u00e1n para evaluar, emitir informes, analizar y priorizar l\u00edneas de trabajo en funci\u00f3n de sugerencias o problemas detectados en el \u00e1mbito de su \u00e1rea de actividad. Tambi\u00e9n tienen la misi\u00f3n de asesorar al Colegio, representar al COBA y proponer o evaluar necesidades formativas y actividades de difusi\u00f3n.<\/p>\n<\/p>\n<p>* Contacta con la Comisi\u00f3n de Biotecnolog\u00eda: <a href=\"mailto:oficina@cobandalucia.org\" target=\"_blank\" rel=\"noopener noreferrer\">oficina@cobandalucia.org<\/a><\/p>\n<\/div><\/div><\/div><\/div><\/div>","protected":false},"excerpt":{"rendered":"","protected":false},"author":1,"featured_media":3408,"parent":0,"menu_order":0,"comment_status":"closed","ping_status":"closed","template":"100-width.php","meta":{"iawp_total_views":91,"footnotes":""},"class_list":["post-2543","page","type-page","status-publish","has-post-thumbnail","hentry"],"_links":{"self":[{"href":"https:\/\/cobandalucia.org\/en\/wp-json\/wp\/v2\/pages\/2543","targetHints":{"allow":["GET"]}}],"collection":[{"href":"https:\/\/cobandalucia.org\/en\/wp-json\/wp\/v2\/pages"}],"about":[{"href":"https:\/\/cobandalucia.org\/en\/wp-json\/wp\/v2\/types\/page"}],"author":[{"embeddable":true,"href":"https:\/\/cobandalucia.org\/en\/wp-json\/wp\/v2\/users\/1"}],"replies":[{"embeddable":true,"href":"https:\/\/cobandalucia.org\/en\/wp-json\/wp\/v2\/comments?post=2543"}],"version-history":[{"count":9,"href":"https:\/\/cobandalucia.org\/en\/wp-json\/wp\/v2\/pages\/2543\/revisions"}],"predecessor-version":[{"id":3816,"href":"https:\/\/cobandalucia.org\/en\/wp-json\/wp\/v2\/pages\/2543\/revisions\/3816"}],"wp:featuredmedia":[{"embeddable":true,"href":"https:\/\/cobandalucia.org\/en\/wp-json\/wp\/v2\/media\/3408"}],"wp:attachment":[{"href":"https:\/\/cobandalucia.org\/en\/wp-json\/wp\/v2\/media?parent=2543"}],"curies":[{"name":"wp","href":"https:\/\/api.w.org\/{rel}","templated":true}]}}