{"id":2545,"date":"2024-02-14T10:58:41","date_gmt":"2024-02-14T10:58:41","guid":{"rendered":"http:\/\/cobandalucia.org\/?page_id=2545"},"modified":"2024-10-10T11:18:30","modified_gmt":"2024-10-10T11:18:30","slug":"comision-de-medio-marino","status":"publish","type":"page","link":"https:\/\/cobandalucia.org\/en\/comision-de-medio-marino\/","title":{"rendered":"Comisi\u00f3n de Sistemas Acu\u00e1ticos y Medio Marino"},"content":{"rendered":"<div class=\"fusion-fullwidth fullwidth-box fusion-builder-row-1 fusion-flex-container nonhundred-percent-fullwidth non-hundred-percent-height-scrolling\" style=\"--awb-border-radius-top-left:0px;--awb-border-radius-top-right:0px;--awb-border-radius-bottom-right:0px;--awb-border-radius-bottom-left:0px;--awb-flex-wrap:wrap;\" ><div class=\"fusion-builder-row fusion-row fusion-flex-align-items-flex-start fusion-flex-content-wrap\" style=\"max-width:1248px;margin-left: calc(-4% \/ 2 );margin-right: calc(-4% \/ 2 );\"><div class=\"fusion-layout-column fusion_builder_column fusion-builder-column-0 fusion_builder_column_1_1 1_1 fusion-flex-column\" style=\"--awb-bg-size:cover;--awb-width-large:100%;--awb-margin-top-large:0px;--awb-spacing-right-large:1.92%;--awb-margin-bottom-large:0px;--awb-spacing-left-large:1.92%;--awb-width-medium:100%;--awb-spacing-right-medium:1.92%;--awb-spacing-left-medium:1.92%;--awb-width-small:100%;--awb-spacing-right-small:1.92%;--awb-spacing-left-small:1.92%;\"><div class=\"fusion-column-wrapper fusion-flex-justify-content-flex-start fusion-content-layout-column\"><div class=\"fusion-text fusion-text-1\"><p><img decoding=\"async\" class=\"lazyload alignnone size-medium wp-image-3611\" src=\"https:\/\/cobandalucia.org\/wp-content\/uploads\/2024\/06\/LOGO-COMISION-MEDIO-MARINO-300x108.png\" data-orig-src=\"https:\/\/cobandalucia.org\/wp-content\/uploads\/2024\/06\/LOGO-COMISION-MEDIO-MARINO-300x108.png\" alt=\"\" width=\"300\" height=\"108\" srcset=\"data:image\/svg+xml,%3Csvg%20xmlns%3D%27http%3A%2F%2Fwww.w3.org%2F2000%2Fsvg%27%20width%3D%27300%27%20height%3D%27108%27%20viewBox%3D%270%200%20300%20108%27%3E%3Crect%20width%3D%27300%27%20height%3D%27108%27%20fill-opacity%3D%220%22%2F%3E%3C%2Fsvg%3E\" data-srcset=\"https:\/\/cobandalucia.org\/wp-content\/uploads\/2024\/06\/LOGO-COMISION-MEDIO-MARINO-200x72.png 200w, https:\/\/cobandalucia.org\/wp-content\/uploads\/2024\/06\/LOGO-COMISION-MEDIO-MARINO-300x108.png 300w, https:\/\/cobandalucia.org\/wp-content\/uploads\/2024\/06\/LOGO-COMISION-MEDIO-MARINO-400x144.png 400w, https:\/\/cobandalucia.org\/wp-content\/uploads\/2024\/06\/LOGO-COMISION-MEDIO-MARINO-500x180.png 500w, https:\/\/cobandalucia.org\/wp-content\/uploads\/2024\/06\/LOGO-COMISION-MEDIO-MARINO-600x216.png 600w, https:\/\/cobandalucia.org\/wp-content\/uploads\/2024\/06\/LOGO-COMISION-MEDIO-MARINO-700x252.png 700w, https:\/\/cobandalucia.org\/wp-content\/uploads\/2024\/06\/LOGO-COMISION-MEDIO-MARINO-768x276.png 768w, https:\/\/cobandalucia.org\/wp-content\/uploads\/2024\/06\/LOGO-COMISION-MEDIO-MARINO-800x288.png 800w, https:\/\/cobandalucia.org\/wp-content\/uploads\/2024\/06\/LOGO-COMISION-MEDIO-MARINO-1024x368.png 1024w, https:\/\/cobandalucia.org\/wp-content\/uploads\/2024\/06\/LOGO-COMISION-MEDIO-MARINO-1200x431.png 1200w, https:\/\/cobandalucia.org\/wp-content\/uploads\/2024\/06\/LOGO-COMISION-MEDIO-MARINO-1536x552.png 1536w, https:\/\/cobandalucia.org\/wp-content\/uploads\/2024\/06\/LOGO-COMISION-MEDIO-MARINO.png 1856w\" data-sizes=\"auto\" data-orig-sizes=\"(max-width: 300px) 100vw, 300px\" \/><\/p>\n<\/p>\n<p><strong>&#8211; COMISION DE SISTEMAS ACUATICOS Y MEDIO MARINO<\/strong><\/p>\n<p>Los ecosistemas acu\u00e1ticos son los ecosistemas cuyo biotopo es una masa de agua, como r\u00edos, lagos, mares, oc\u00e9anos, pantanos, etc.<\/p>\n<p><em>La Junta de Andaluc\u00eda ha subrayado \u00ablas buenas perspectivas de futuro del sector acu\u00edcola, donde a\u00fan quedan oportunidades comerciales que explotar para seguir adelante con una actividad econ\u00f3mica que une productividad y respeto ambiental\u00bb. A modo de ejemplo, se han referido al incremento de casi un 10% registrado en la biomasa y el valor econ\u00f3mico generado por la acuicultura en 2022, cuando el c\u00f3mputo global de las distintas fases de cultivo ha rozado los 76,8 millones<\/em>.<\/p>\n<p>En el ranking de las comunidades, la costa andaluza cercana a los 1.000 kil\u00f3metros de costa es la 4\u00aa comunidad de Espa\u00f1a.<\/p>\n<p>Importancia econ\u00f3mica. Seg\u00fan los resultados que ofrecen las Cuentas Econ\u00f3micas del Sector Pesquero en Andaluc\u00eda, la producci\u00f3n del sector pesquero registra en 2022 un valor r\u00e9cord de 1.740,28 millones de euros, un 26,4% m\u00e1s que en 2021, y un dato de valor a\u00f1adido bruto que muestra un crecimiento interanual del 12,7%. En t\u00e9rminos absolutos, el sector pesquero genera 522,03 millones de euros, aumentando dos puntos porcentuales su participaci\u00f3n en el PIB andaluz.<\/p>\n<p>Los datos que en 2024 maneja la Junta de Andaluc\u00eda apuntan a que uno de cada diez empleos est\u00e1 vinculado a actividades relacionadas con el mar. En total, 122 300 empleos y unas 35 000 empresas en la econom\u00eda andaluza, de las que entre 4000 y 5000 son pymes, adem\u00e1s de grandes compa\u00f1\u00edas e instituciones. Apoyar la investigaci\u00f3n y la importante cantera de proyectos de I+D+i es fundamental para seguir creciendo y fortaleciendo el sector.<\/p>\n<\/p>\n<p>* Contacta con la Comisi\u00f3n de Sistemas Acu\u00e1ticos y Medio Marino: <a href=\"mailto:oficina@cobandalucia.org\" target=\"_blank\" rel=\"noopener noreferrer\">oficina@cobandalucia.org<\/a><\/p>\n<\/div><\/div><\/div><\/div><\/div>","protected":false},"excerpt":{"rendered":"","protected":false},"author":1,"featured_media":2739,"parent":0,"menu_order":0,"comment_status":"closed","ping_status":"closed","template":"100-width.php","meta":{"iawp_total_views":68,"footnotes":""},"class_list":["post-2545","page","type-page","status-publish","has-post-thumbnail","hentry"],"_links":{"self":[{"href":"https:\/\/cobandalucia.org\/en\/wp-json\/wp\/v2\/pages\/2545","targetHints":{"allow":["GET"]}}],"collection":[{"href":"https:\/\/cobandalucia.org\/en\/wp-json\/wp\/v2\/pages"}],"about":[{"href":"https:\/\/cobandalucia.org\/en\/wp-json\/wp\/v2\/types\/page"}],"author":[{"embeddable":true,"href":"https:\/\/cobandalucia.org\/en\/wp-json\/wp\/v2\/users\/1"}],"replies":[{"embeddable":true,"href":"https:\/\/cobandalucia.org\/en\/wp-json\/wp\/v2\/comments?post=2545"}],"version-history":[{"count":8,"href":"https:\/\/cobandalucia.org\/en\/wp-json\/wp\/v2\/pages\/2545\/revisions"}],"predecessor-version":[{"id":3817,"href":"https:\/\/cobandalucia.org\/en\/wp-json\/wp\/v2\/pages\/2545\/revisions\/3817"}],"wp:featuredmedia":[{"embeddable":true,"href":"https:\/\/cobandalucia.org\/en\/wp-json\/wp\/v2\/media\/2739"}],"wp:attachment":[{"href":"https:\/\/cobandalucia.org\/en\/wp-json\/wp\/v2\/media?parent=2545"}],"curies":[{"name":"wp","href":"https:\/\/api.w.org\/{rel}","templated":true}]}}