{"id":2547,"date":"2024-02-14T10:58:57","date_gmt":"2024-02-14T10:58:57","guid":{"rendered":"http:\/\/cobandalucia.org\/?page_id=2547"},"modified":"2024-10-10T06:58:56","modified_gmt":"2024-10-10T06:58:56","slug":"comision-de-sanidad","status":"publish","type":"page","link":"https:\/\/cobandalucia.org\/en\/comision-de-sanidad\/","title":{"rendered":"Comisi\u00f3n de Sanidad"},"content":{"rendered":"<div class=\"fusion-fullwidth fullwidth-box fusion-builder-row-1 fusion-flex-container nonhundred-percent-fullwidth non-hundred-percent-height-scrolling\" style=\"--awb-border-radius-top-left:0px;--awb-border-radius-top-right:0px;--awb-border-radius-bottom-right:0px;--awb-border-radius-bottom-left:0px;--awb-flex-wrap:wrap;\" ><div class=\"fusion-builder-row fusion-row fusion-flex-align-items-flex-start fusion-flex-content-wrap\" style=\"max-width:1248px;margin-left: calc(-4% \/ 2 );margin-right: calc(-4% \/ 2 );\"><div class=\"fusion-layout-column fusion_builder_column fusion-builder-column-0 fusion_builder_column_1_1 1_1 fusion-flex-column\" style=\"--awb-bg-size:cover;--awb-width-large:100%;--awb-margin-top-large:0px;--awb-spacing-right-large:1.92%;--awb-margin-bottom-large:0px;--awb-spacing-left-large:1.92%;--awb-width-medium:100%;--awb-spacing-right-medium:1.92%;--awb-spacing-left-medium:1.92%;--awb-width-small:100%;--awb-spacing-right-small:1.92%;--awb-spacing-left-small:1.92%;\"><div class=\"fusion-column-wrapper fusion-flex-justify-content-flex-start fusion-content-layout-column\"><div class=\"fusion-text fusion-text-1\"><p><img decoding=\"async\" class=\"lazyload alignnone size-medium wp-image-3608\" src=\"https:\/\/cobandalucia.org\/wp-content\/uploads\/2024\/06\/LOGO-COMISION-SANITARIA-300x125.png\" data-orig-src=\"https:\/\/cobandalucia.org\/wp-content\/uploads\/2024\/06\/LOGO-COMISION-SANITARIA-300x125.png\" alt=\"\" width=\"300\" height=\"125\" srcset=\"data:image\/svg+xml,%3Csvg%20xmlns%3D%27http%3A%2F%2Fwww.w3.org%2F2000%2Fsvg%27%20width%3D%27300%27%20height%3D%27125%27%20viewBox%3D%270%200%20300%20125%27%3E%3Crect%20width%3D%27300%27%20height%3D%27125%27%20fill-opacity%3D%220%22%2F%3E%3C%2Fsvg%3E\" data-srcset=\"https:\/\/cobandalucia.org\/wp-content\/uploads\/2024\/06\/LOGO-COMISION-SANITARIA-200x83.png 200w, https:\/\/cobandalucia.org\/wp-content\/uploads\/2024\/06\/LOGO-COMISION-SANITARIA-300x125.png 300w, https:\/\/cobandalucia.org\/wp-content\/uploads\/2024\/06\/LOGO-COMISION-SANITARIA-400x166.png 400w, https:\/\/cobandalucia.org\/wp-content\/uploads\/2024\/06\/LOGO-COMISION-SANITARIA-500x208.png 500w, https:\/\/cobandalucia.org\/wp-content\/uploads\/2024\/06\/LOGO-COMISION-SANITARIA-600x249.png 600w, https:\/\/cobandalucia.org\/wp-content\/uploads\/2024\/06\/LOGO-COMISION-SANITARIA-700x291.png 700w, https:\/\/cobandalucia.org\/wp-content\/uploads\/2024\/06\/LOGO-COMISION-SANITARIA-768x319.png 768w, https:\/\/cobandalucia.org\/wp-content\/uploads\/2024\/06\/LOGO-COMISION-SANITARIA-800x332.png 800w, https:\/\/cobandalucia.org\/wp-content\/uploads\/2024\/06\/LOGO-COMISION-SANITARIA-1024x425.png 1024w, https:\/\/cobandalucia.org\/wp-content\/uploads\/2024\/06\/LOGO-COMISION-SANITARIA-1200x498.png 1200w, https:\/\/cobandalucia.org\/wp-content\/uploads\/2024\/06\/LOGO-COMISION-SANITARIA-1536x638.png 1536w, https:\/\/cobandalucia.org\/wp-content\/uploads\/2024\/06\/LOGO-COMISION-SANITARIA.png 1607w\" data-sizes=\"auto\" data-orig-sizes=\"(max-width: 300px) 100vw, 300px\" \/><\/p>\n<\/p>\n<p><strong>&#8211; COMISI\u00d3N DE SANIDAD<\/strong><\/p>\n<p>Bi\u00f3logos y bi\u00f3logas han aportado grandes logros a la sanidad, basta revisar el n\u00famero de \u00e9stos con el premio Nobel en esa \u00e1rea. Pero los compa\u00f1eros que trabajan actualmente en el sistema sanitario, o quieren hacerlo en el futuro, se enfrentan a un grave problema de reconocimiento.<\/p>\n<p>El bi\u00f3logo era considerado profesional del \u00e1mbito sanitario hasta los cambios que introdujo la Ley 44\/2003, de 21 de noviembre de Ordenaci\u00f3n de las Profesiones Sanitarias (LOPS) que omiti\u00f3 a los bi\u00f3logos que no ostentan un t\u00edtulo de Especialista en Ciencias de la Salud. All\u00ed perdi\u00f3 el estatus, con miles de compa\u00f1eros trabajando en el sector. A pesar de todas las sugerencias y recursos al respecto presentadas por el CGCOB el problema est\u00e1 enquistado. La exclusi\u00f3n en la norma ha impedido que desde entonces podamos acceder a puestos de trabajo con categor\u00eda sanitaria y que muchos de los que, de forma previa, ejercen como tales tengan problemas en su promoci\u00f3n.<\/p>\n<p>La Comisi\u00f3n de Sanidad, formada por profesionales de esta \u00e1rea est\u00e1 para dar apoyo a los colegiados que trabajan en el \u00e1mbito sanitario, elaborando, proponiendo o validando observaciones, alegaciones, recomendaciones, protocolos, gu\u00edas, etc. en materia de su competencia sanitaria y dar soporte al Colegio y \u00f3rganos de gobierno.<\/p>\n<\/p>\n<p>* Contacta con la Comisi\u00f3n de Sanidad:<a class=\"fusion-one-page-text-link\"> <\/a><span style=\"color: var(--awb-text-color); font-family: var(--awb-text-font-family); font-size: var(--awb-font-size); font-style: var(--awb-text-font-style); font-weight: var(--awb-text-font-weight); letter-spacing: var(--awb-letter-spacing); text-align: var(--awb-content-alignment); text-transform: var(--awb-text-transform); background-color: var(--awb-bg-color-hover);\"><a href=\"mailto:oficina@cobandalucia.org\" target=\"_blank\" rel=\"noopener noreferrer\">oficina@cobandalucia.org<\/a><\/span><\/p>\n<p><a href=\"mailto:oficina@cobandalucia.org\" target=\"_blank\" rel=\"noopener noreferrer\">\t<\/a><\/p>\n<\/div><\/div><\/div><\/div><\/div>","protected":false},"excerpt":{"rendered":"","protected":false},"author":1,"featured_media":3501,"parent":0,"menu_order":0,"comment_status":"closed","ping_status":"closed","template":"100-width.php","meta":{"iawp_total_views":168,"footnotes":""},"class_list":["post-2547","page","type-page","status-publish","has-post-thumbnail","hentry"],"_links":{"self":[{"href":"https:\/\/cobandalucia.org\/en\/wp-json\/wp\/v2\/pages\/2547","targetHints":{"allow":["GET"]}}],"collection":[{"href":"https:\/\/cobandalucia.org\/en\/wp-json\/wp\/v2\/pages"}],"about":[{"href":"https:\/\/cobandalucia.org\/en\/wp-json\/wp\/v2\/types\/page"}],"author":[{"embeddable":true,"href":"https:\/\/cobandalucia.org\/en\/wp-json\/wp\/v2\/users\/1"}],"replies":[{"embeddable":true,"href":"https:\/\/cobandalucia.org\/en\/wp-json\/wp\/v2\/comments?post=2547"}],"version-history":[{"count":14,"href":"https:\/\/cobandalucia.org\/en\/wp-json\/wp\/v2\/pages\/2547\/revisions"}],"predecessor-version":[{"id":3796,"href":"https:\/\/cobandalucia.org\/en\/wp-json\/wp\/v2\/pages\/2547\/revisions\/3796"}],"wp:featuredmedia":[{"embeddable":true,"href":"https:\/\/cobandalucia.org\/en\/wp-json\/wp\/v2\/media\/3501"}],"wp:attachment":[{"href":"https:\/\/cobandalucia.org\/en\/wp-json\/wp\/v2\/media?parent=2547"}],"curies":[{"name":"wp","href":"https:\/\/api.w.org\/{rel}","templated":true}]}}