{"id":2628,"date":"2024-02-29T09:40:45","date_gmt":"2024-02-29T09:40:45","guid":{"rendered":"http:\/\/cobandalucia.org\/?page_id=2628"},"modified":"2024-10-10T11:16:56","modified_gmt":"2024-10-10T11:16:56","slug":"comision-de-universidad-e-investigacion","status":"publish","type":"page","link":"https:\/\/cobandalucia.org\/en\/comision-de-universidad-e-investigacion\/","title":{"rendered":"Comisi\u00f3n de Universidad, Investigaci\u00f3n y Docencia"},"content":{"rendered":"<div class=\"fusion-fullwidth fullwidth-box fusion-builder-row-1 fusion-flex-container nonhundred-percent-fullwidth non-hundred-percent-height-scrolling\" style=\"--awb-border-radius-top-left:0px;--awb-border-radius-top-right:0px;--awb-border-radius-bottom-right:0px;--awb-border-radius-bottom-left:0px;--awb-flex-wrap:wrap;\" ><div class=\"fusion-builder-row fusion-row fusion-flex-align-items-flex-start fusion-flex-content-wrap\" style=\"max-width:1248px;margin-left: calc(-4% \/ 2 );margin-right: calc(-4% \/ 2 );\"><div class=\"fusion-layout-column fusion_builder_column fusion-builder-column-0 fusion_builder_column_1_1 1_1 fusion-flex-column\" style=\"--awb-bg-size:cover;--awb-width-large:100%;--awb-margin-top-large:0px;--awb-spacing-right-large:1.92%;--awb-margin-bottom-large:0px;--awb-spacing-left-large:1.92%;--awb-width-medium:100%;--awb-spacing-right-medium:1.92%;--awb-spacing-left-medium:1.92%;--awb-width-small:100%;--awb-spacing-right-small:1.92%;--awb-spacing-left-small:1.92%;\"><div class=\"fusion-column-wrapper fusion-flex-justify-content-flex-start fusion-content-layout-column\"><div class=\"fusion-text fusion-text-1\"><p><img decoding=\"async\" class=\"lazyload alignnone size-medium wp-image-3613\" src=\"https:\/\/cobandalucia.org\/wp-content\/uploads\/2024\/06\/LOGO-COMISION-UNIVERSIDADES-300x125.png\" data-orig-src=\"https:\/\/cobandalucia.org\/wp-content\/uploads\/2024\/06\/LOGO-COMISION-UNIVERSIDADES-300x125.png\" alt=\"\" width=\"300\" height=\"125\" srcset=\"data:image\/svg+xml,%3Csvg%20xmlns%3D%27http%3A%2F%2Fwww.w3.org%2F2000%2Fsvg%27%20width%3D%27300%27%20height%3D%27125%27%20viewBox%3D%270%200%20300%20125%27%3E%3Crect%20width%3D%27300%27%20height%3D%27125%27%20fill-opacity%3D%220%22%2F%3E%3C%2Fsvg%3E\" data-srcset=\"https:\/\/cobandalucia.org\/wp-content\/uploads\/2024\/06\/LOGO-COMISION-UNIVERSIDADES-200x83.png 200w, https:\/\/cobandalucia.org\/wp-content\/uploads\/2024\/06\/LOGO-COMISION-UNIVERSIDADES-300x125.png 300w, https:\/\/cobandalucia.org\/wp-content\/uploads\/2024\/06\/LOGO-COMISION-UNIVERSIDADES-400x166.png 400w, https:\/\/cobandalucia.org\/wp-content\/uploads\/2024\/06\/LOGO-COMISION-UNIVERSIDADES-500x208.png 500w, https:\/\/cobandalucia.org\/wp-content\/uploads\/2024\/06\/LOGO-COMISION-UNIVERSIDADES-600x249.png 600w, https:\/\/cobandalucia.org\/wp-content\/uploads\/2024\/06\/LOGO-COMISION-UNIVERSIDADES-700x291.png 700w, https:\/\/cobandalucia.org\/wp-content\/uploads\/2024\/06\/LOGO-COMISION-UNIVERSIDADES-768x319.png 768w, https:\/\/cobandalucia.org\/wp-content\/uploads\/2024\/06\/LOGO-COMISION-UNIVERSIDADES-800x332.png 800w, https:\/\/cobandalucia.org\/wp-content\/uploads\/2024\/06\/LOGO-COMISION-UNIVERSIDADES-1024x425.png 1024w, https:\/\/cobandalucia.org\/wp-content\/uploads\/2024\/06\/LOGO-COMISION-UNIVERSIDADES-1200x498.png 1200w, https:\/\/cobandalucia.org\/wp-content\/uploads\/2024\/06\/LOGO-COMISION-UNIVERSIDADES-1536x638.png 1536w, https:\/\/cobandalucia.org\/wp-content\/uploads\/2024\/06\/LOGO-COMISION-UNIVERSIDADES.png 1607w\" data-sizes=\"auto\" data-orig-sizes=\"(max-width: 300px) 100vw, 300px\" \/><\/p>\n<\/p>\n<p><strong>&#8211; COMISION DE UNIVERSIDAD, INVESTIGACION Y DOCENCIA<\/strong><\/p>\n<p>La versatilidad de la profesi\u00f3n de un bi\u00f3logo apoya a que puedan contribuir a diversas \u00e1reas de la ciencia, la educaci\u00f3n y la toma de decisiones para abordar los desaf\u00edos relacionados con la vida y los organismos en nuestro planeta.<\/p>\n<p>Los bi\u00f3logos investigan una amplia variedad de temas relacionados con la vida, desde la estructura y funci\u00f3n de las c\u00e9lulas hasta la ecolog\u00eda de los ecosistemas y la evoluci\u00f3n de las especies.<\/p>\n<p>Estos profesionales pueden trabajar en diferentes campos y ramas de la biolog\u00eda, como la biolog\u00eda molecular, la gen\u00e9tica, la bot\u00e1nica, la zoolog\u00eda, la ecolog\u00eda, la microbiolog\u00eda, entre otros.<\/p>\n<p>Sus investigaciones y descubrimientos contribuyen al conocimiento de la diversidad y complejidad de la vida en la Tierra, as\u00ed como a la comprensi\u00f3n de los procesos fundamentales que rigen la biolog\u00eda.<\/p>\n<p>Adem\u00e1s, los bi\u00f3logos tambi\u00e9n pueden aplicar sus conocimientos en \u00e1reas como la medicina, la biotecnolog\u00eda, la conservaci\u00f3n de la biodiversidad, la agricultura y muchas otras disciplinas.<\/p>\n<p>La importancia de los bi\u00f3logos en la sociedad radica en su capacidad para proporcionar conocimientos, soluciones y perspectivas cr\u00edticas que impactan directamente en la salud humana, el medio ambiente y el bienestar general de la sociedad.<\/p>\n<p>La ciencia y la educaci\u00f3n se retroalimentan mutuamente. Mejorar la investigaci\u00f3n requiere mejorar los niveles de docencia y producir nuevos conocimientos.<\/p>\n<\/p>\n<p>* Contacta con la Comisi\u00f3n de Universidad, Investigaci\u00f3n y Docencia: <a href=\"mailto:oficina@cobandalucia.org\" target=\"_blank\" rel=\"noopener noreferrer\">oficina@cobandalucia.org<\/a><\/p>\n<\/div><\/div><\/div><\/div><\/div>","protected":false},"excerpt":{"rendered":"","protected":false},"author":1,"featured_media":0,"parent":0,"menu_order":0,"comment_status":"closed","ping_status":"closed","template":"100-width.php","meta":{"iawp_total_views":60,"footnotes":""},"class_list":["post-2628","page","type-page","status-publish","hentry"],"_links":{"self":[{"href":"https:\/\/cobandalucia.org\/en\/wp-json\/wp\/v2\/pages\/2628","targetHints":{"allow":["GET"]}}],"collection":[{"href":"https:\/\/cobandalucia.org\/en\/wp-json\/wp\/v2\/pages"}],"about":[{"href":"https:\/\/cobandalucia.org\/en\/wp-json\/wp\/v2\/types\/page"}],"author":[{"embeddable":true,"href":"https:\/\/cobandalucia.org\/en\/wp-json\/wp\/v2\/users\/1"}],"replies":[{"embeddable":true,"href":"https:\/\/cobandalucia.org\/en\/wp-json\/wp\/v2\/comments?post=2628"}],"version-history":[{"count":8,"href":"https:\/\/cobandalucia.org\/en\/wp-json\/wp\/v2\/pages\/2628\/revisions"}],"predecessor-version":[{"id":3815,"href":"https:\/\/cobandalucia.org\/en\/wp-json\/wp\/v2\/pages\/2628\/revisions\/3815"}],"wp:attachment":[{"href":"https:\/\/cobandalucia.org\/en\/wp-json\/wp\/v2\/media?parent=2628"}],"curies":[{"name":"wp","href":"https:\/\/api.w.org\/{rel}","templated":true}]}}