{"id":3258,"date":"2024-06-03T12:03:34","date_gmt":"2024-06-03T12:03:34","guid":{"rendered":"http:\/\/cobandalucia.org\/?page_id=3258"},"modified":"2026-04-10T11:55:00","modified_gmt":"2026-04-10T11:55:00","slug":"aviso-legal","status":"publish","type":"page","link":"https:\/\/cobandalucia.org\/en\/aviso-legal\/","title":{"rendered":"Aviso Legal"},"content":{"rendered":"<div class=\"fusion-fullwidth fullwidth-box fusion-builder-row-1 fusion-flex-container nonhundred-percent-fullwidth non-hundred-percent-height-scrolling\" style=\"--awb-border-radius-top-left:0px;--awb-border-radius-top-right:0px;--awb-border-radius-bottom-right:0px;--awb-border-radius-bottom-left:0px;--awb-flex-wrap:wrap;\" ><div class=\"fusion-builder-row fusion-row fusion-flex-align-items-flex-start fusion-flex-content-wrap\" style=\"max-width:1248px;margin-left: calc(-4% \/ 2 );margin-right: calc(-4% \/ 2 );\"><div class=\"fusion-layout-column fusion_builder_column fusion-builder-column-0 fusion_builder_column_1_1 1_1 fusion-flex-column\" style=\"--awb-bg-size:cover;--awb-width-large:100%;--awb-margin-top-large:0px;--awb-spacing-right-large:1.92%;--awb-margin-bottom-large:0px;--awb-spacing-left-large:1.92%;--awb-width-medium:100%;--awb-spacing-right-medium:1.92%;--awb-spacing-left-medium:1.92%;--awb-width-small:100%;--awb-spacing-right-small:1.92%;--awb-spacing-left-small:1.92%;\"><div class=\"fusion-column-wrapper fusion-flex-justify-content-flex-start fusion-content-layout-column\"><div class=\"fusion-text fusion-text-1\"><div class=\"flex flex-grow flex-col max-w-full\">\n<div class=\"text-message flex flex-col items-start whitespace-pre-wrap break-words &#091;.text-message+&amp;&#093;:mt-5 juice:w-full juice:items-end overflow-x-auto gap-2\" dir=\"auto\" data-message-author-role=\"assistant\" data-message-id=\"20ee9143-5729-4e58-8bea-a7d396b94a9a\">\n<div class=\"flex w-full flex-col gap-1 juice:empty:hidden juice:first:pt-&#091;3px&#093;\">\n<div class=\"markdown prose w-full break-words dark:prose-invert light\">\n<h1>Aviso Legal<\/h1>\n<h4>DATOS IDENTIFICATIVOS<\/h4>\n<p>En cumplimiento con el deber de informaci\u00f3n recogido en el art\u00edculo 10 de la Ley 34\/2002, de 11 de julio, de Servicios de la Sociedad de la Informaci\u00f3n y del Comercio Electr\u00f3nico, a continuaci\u00f3n se reflejan los siguientes datos: el titular del dominio web es COLEGIO OFICIAL DE BI\u00d3LOGOS DE ANDALUC\u00cdA (en lo sucesivo, EL COBA), con domicilio en Avda. San Francisco Javier n\u00ba 9 \u2013 Planta 4\u00aa \u2013 M\u00f3dulo 8. 41018 Sevilla, CIF V-18530279, y e-mail: <a target=\"_new\" rel=\"noreferrer noopener\">protecciondedatos@cobandalucia.org<\/a>.<\/p>\n<h4>USO DEL PORTAL<\/h4>\n<p><a href=\"https:\/\/cobandalucia.org\/en\/\" target=\"_new\" rel=\"noreferrer noopener\">www.cobandalucia.org<\/a> proporciona el acceso a informaciones, servicios, programas o datos (en adelante, \u201clos contenidos\u201d) en Internet pertenecientes al COBA o a sus licenciantes a los que el USUARIO pueda tener acceso. El USUARIO asume la responsabilidad del uso del portal. Esta responsabilidad se extiende al registro que fuese necesario para acceder a determinados servicios o contenidos.<\/p>\n<p>El USUARIO se compromete a hacer un uso adecuado de los contenidos y servicios que el COBA ofrece a trav\u00e9s de su portal y, con car\u00e1cter enunciativo pero no limitativo, a no emplearlos para: (i) incurrir en actividades il\u00edcitas, ilegales o contrarias a la buena fe y al orden p\u00fablico; (ii) difundir contenidos o propaganda de car\u00e1cter racista, xen\u00f3fobo, pornogr\u00e1fico-ilegal, de apolog\u00eda del terrorismo o atentatorio contra los derechos humanos; (iii) provocar da\u00f1os en los sistemas f\u00edsicos y l\u00f3gicos del COBA, de sus proveedores o de terceras personas; (iv) intentar acceder y, en su caso, utilizar las cuentas de correo electr\u00f3nico de otros usuarios y modificar o manipular sus mensajes. El COBA se reserva el derecho de retirar todos aquellos comentarios y aportaciones que vulneren el respeto a la dignidad de la persona, que sean discriminatorios, xen\u00f3fobos, racistas, pornogr\u00e1ficos, que atenten contra la juventud o la infancia, el orden o la seguridad p\u00fablica o que, a su juicio, no resultaran adecuados para su publicaci\u00f3n. En cualquier caso, el COBA no ser\u00e1 responsable de las opiniones vertidas por los usuarios a trav\u00e9s de las herramientas de participaci\u00f3n.<\/p>\n<h4>PROTECCI\u00d3N DE DATOS<\/h4>\n<p>El COBA cumple con las directrices del Reglamento 2016\/679 del Parlamento Europeo y del Consejo relativo a la protecci\u00f3n de las personas f\u00edsicas en lo que respecta al tratamiento de datos personales y a la libre circulaci\u00f3n de estos datos, y vela por garantizar un correcto uso y tratamiento de los datos personales del usuario. Para ello, junto a cada formulario de recabo de datos de car\u00e1cter personal, en los servicios que el usuario pueda solicitar al COBA, har\u00e1 saber al usuario de la existencia y aceptaci\u00f3n de las condiciones particulares del tratamiento de sus datos en cada caso, inform\u00e1ndole de la responsabilidad del fichero creado, la direcci\u00f3n del responsable, la posibilidad de ejercer sus derechos de acceso, rectificaci\u00f3n y supresi\u00f3n de datos, as\u00ed como ejercer los derechos de portabilidad, limitaci\u00f3n u oposici\u00f3n al tratamiento, y la finalidad del tratamiento y las comunicaciones de datos a terceros en su caso.<\/p>\n<h4>Informaci\u00f3n sobre Protecci\u00f3n de Datos<\/h4>\n<p style=\"padding-left: 40px;\"><strong>Responsable<\/strong>:<\/p>\n<p style=\"padding-left: 80px;\">Colegio Oficial de Bi\u00f3logos de Andaluc\u00eda<\/p>\n<p style=\"padding-left: 40px;\"><strong>Direcci\u00f3n<\/strong>:<\/p>\n<p style=\"padding-left: 80px;\">Avda. San Francisco Javier n\u00ba 9 \u2013 Planta 4\u00aa \u2013 M\u00f3dulo 8. 41018 Sevilla<\/p>\n<p style=\"padding-left: 40px;\"><strong>Finalidad<\/strong>:<\/p>\n<ul>\n<li style=\"list-style-type: none;\">\n<ul>\n<li>La ordenaci\u00f3n, en el \u00e1mbito de su competencia, y de acuerdo con lo establecido por las leyes, del ejercicio de la profesi\u00f3n de Bi\u00f3logo en todas sus formas y especialidades, la representaci\u00f3n de esta profesi\u00f3n y la defensa de los intereses profesionales de los colegiados.<\/li>\n<li>Promoci\u00f3n, salvaguarda y observancia de los principios deontol\u00f3gicos y \u00e9ticos de la profesi\u00f3n de Bi\u00f3logo y de su dignidad y prestigio.<\/li>\n<li>Velar por el adecuado nivel de calidad de las prestaciones profesionales de los colegiados.<\/li>\n<li>El cumplimiento de dichos fines se desarrollar\u00e1 en el \u00e1mbito estrictamente profesional, quedando excluidas aquellas actividades que la Constituci\u00f3n Espa\u00f1ola atribuye espec\u00edficamente a los partidos pol\u00edticos, a los sindicatos y a otras asociaciones.<\/li>\n<\/ul>\n<\/li>\n<\/ul>\n<p style=\"padding-left: 40px;\"><strong>Legitimaci\u00f3n<\/strong>:<\/p>\n<p style=\"padding-left: 80px;\">Ejecuci\u00f3n de contrato y consentimiento.<\/p>\n<p style=\"padding-left: 40px;\"><strong>Procedencia de los datos<\/strong>:<\/p>\n<p style=\"padding-left: 80px;\">Los datos recogidos son los que Ud. nos haya facilitado al momento de realizar la contrataci\u00f3n de nuestros servicios.<\/p>\n<p style=\"padding-left: 40px;\"><strong>Derechos<\/strong>:<\/p>\n<p style=\"padding-left: 80px;\">Puede acceder, obtener copia, rectificar y suprimir los datos, as\u00ed como ejercer los derechos de portabilidad, limitaci\u00f3n u oposici\u00f3n al tratamiento mediante: \u2022 Email dirigido a: <a target=\"_new\" rel=\"noreferrer noopener\">protecciondedatos@cobandalucia.org<\/a>. \u2022 Carta dirigida a Colegio Oficial de Bi\u00f3logos de Andaluc\u00eda, con domicilio en Avda. San Francisco Javier n\u00ba 9 \u2013 Planta 4\u00aa \u2013 M\u00f3dulo 8. 41018 Sevilla.<\/p>\n<p style=\"padding-left: 80px;\">Tendr\u00e1, asimismo, el derecho a presentar una reclamaci\u00f3n ante la Agencia Espa\u00f1ola de Protecci\u00f3n de Datos, por un tratamiento il\u00edcito relativo a sus datos personales.<\/p>\n<p>Asimismo, el COBA informa que da cumplimiento a la Ley 34\/2002 de 11 de julio, de Servicios de la Sociedad de la Informaci\u00f3n y el Comercio Electr\u00f3nico y le solicitar\u00e1 su consentimiento al tratamiento de su correo electr\u00f3nico con fines comerciales en cada momento.<\/p>\n<h4>PROPIEDAD INTELECTUAL E INDUSTRIAL<\/h4>\n<p>El COBA, por s\u00ed o como cesionaria, es titular de todos los derechos de propiedad intelectual e industrial de su p\u00e1gina web, as\u00ed como de los elementos contenidos en la misma (a t\u00edtulo enunciativo, im\u00e1genes, sonido, audio, v\u00eddeo, software o textos; marcas o logotipos, combinaciones de colores, estructura y dise\u00f1o, selecci\u00f3n de materiales usados, programas de ordenador necesarios para su funcionamiento, acceso y uso, etc.), titularidad del COBA.<\/p>\n<p>Todos los derechos reservados. Quedan expresamente prohibidas la reproducci\u00f3n, la distribuci\u00f3n y la comunicaci\u00f3n p\u00fablica, incluida su modalidad de puesta a disposici\u00f3n, de la totalidad o parte de los contenidos de esta p\u00e1gina web, con fines comerciales, en cualquier soporte y por cualquier medio t\u00e9cnico, sin la autorizaci\u00f3n del COBA. El USUARIO se compromete a respetar los derechos de Propiedad Intelectual e Industrial titularidad del COBA. Podr\u00e1 visualizar los elementos del portal e incluso imprimirlos, copiarlos y almacenarlos en el disco duro de su ordenador o en cualquier otro soporte f\u00edsico siempre y cuando sea, \u00fanica y exclusivamente, para su uso personal y privado. El USUARIO deber\u00e1 abstenerse de suprimir, alterar, eludir o manipular cualquier dispositivo de protecci\u00f3n o sistema de seguridad que estuviera instalado en la p\u00e1gina del COBA.<\/p>\n<h4>EXCLUSI\u00d3N DE GARANT\u00cdAS Y RESPONSABILIDAD<\/h4>\n<p>El COBA no se hace responsable, en ning\u00fan caso, de los da\u00f1os y perjuicios de cualquier naturaleza que pudieran ocasionar, a t\u00edtulo enunciativo: errores u omisiones en los contenidos, falta de disponibilidad del portal o la transmisi\u00f3n de virus o programas maliciosos o lesivos en los contenidos, a pesar de haber adoptado todas las medidas tecnol\u00f3gicas necesarias para evitarlo.<\/p>\n<h4>MODIFICACIONES<\/h4>\n<p>El COBA se reserva el derecho de efectuar sin previo aviso las modificaciones que considere oportunas en su portal, pudiendo cambiar, suprimir o a\u00f1adir tanto los contenidos y servicios que se presten a trav\u00e9s de la misma como la forma en la que \u00e9stos aparezcan presentados o localizados en su portal.<\/p>\n<h4>ENLACES<\/h4>\n<p>En el caso de que en nombre del dominio se dispusiesen enlaces o hiperv\u00ednculos hacia otros sitios de Internet, el COBA no ejercer\u00e1 ning\u00fan tipo de control sobre dichos sitios y contenidos. En ning\u00fan caso el COBA asumir\u00e1 responsabilidad alguna por los contenidos de alg\u00fan enlace perteneciente a un sitio web ajeno, ni garantizar\u00e1 la disponibilidad t\u00e9cnica, calidad, fiabilidad, exactitud, amplitud, veracidad, validez y constitucionalidad de cualquier material o informaci\u00f3n contenida en ninguno de dichos hiperv\u00ednculos u otros sitios de Internet.<\/p>\n<p>Igualmente, la inclusi\u00f3n de estas conexiones externas no implicar\u00e1 ning\u00fan tipo de asociaci\u00f3n, fusi\u00f3n o participaci\u00f3n con las entidades conectadas.<\/p>\n<h4>DERECHO DE EXCLUSI\u00d3N<\/h4>\n<p>El COBA se reserva el derecho a denegar o retirar el acceso al portal y\/o los servicios ofrecidos sin necesidad de preaviso, a instancia propia o de un tercero, a aquellos usuarios que incumplan las presentes Condiciones Generales de Uso.<\/p>\n<h4>GENERALIDADES<\/h4>\n<p>El COBA perseguir\u00e1 el incumplimiento de las presentes condiciones, as\u00ed como cualquier utilizaci\u00f3n indebida de su portal ejerciendo todas las acciones civiles y penales que le puedan corresponder en derecho.<\/p>\n<h4>MODIFICACI\u00d3N DE LAS PRESENTES CONDICIONES Y DURACI\u00d3N<\/h4>\n<p>El COBA podr\u00e1 modificar en cualquier momento las condiciones aqu\u00ed determinadas, siendo debidamente publicadas como aqu\u00ed aparecen. La vigencia de las citadas condiciones ir\u00e1 en funci\u00f3n de su exposici\u00f3n y estar\u00e1n vigentes hasta que sean modificadas por otras debidamente publicadas.<\/p>\n<h4>POL\u00cdTICA DE COOKIES<\/h4>\n<p>El acceso al sitio web puede implicar la utilizaci\u00f3n de cookies, que son peque\u00f1as cantidades de informaci\u00f3n que se almacenan en el navegador utilizado por cada usuario para que el servidor recuerde cierta informaci\u00f3n que posteriormente pueda utilizar. Esta informaci\u00f3n permite identificar al usuario como un usuario concreto y permite guardar sus preferencias personales e informaci\u00f3n t\u00e9cnica como, por ejemplo, las p\u00e1ginas concretas que visita. Las cookies utilizadas podr\u00edan ser de dos tipos: \u2022 Cookies de sesi\u00f3n, que no se almacenan en el equipo del usuario pero se necesitan durante cada sesi\u00f3n de uso en cada servicio web, ya que son imprescindibles para el correcto funcionamiento del servicio. \u2022 Cookies almacenadas temporalmente en el equipo del usuario, que se utilizan para realizar estudios estad\u00edsticos an\u00f3nimos y agregados del uso que los usuarios hacen del servicio, para poder hacer futuras mejoras y optimizaciones.<\/p>\n<p>Aquellos usuarios que no deseen recibir cookies pueden configurar su navegador con esta opci\u00f3n. Debe recordarse que, en ocasiones, la no aceptaci\u00f3n de la cookie puede suponer la imposibilidad de acceder, en todo o parte, a la disponibilidad del servicio. El usuario debe consultar las instrucciones y manuales de su navegador para ampliar esta informaci\u00f3n.<\/p>\n<p>El usuario debe tener en cuenta que Internet no es un lugar completamente seguro y que, por tanto, ha de adoptar las medidas necesarias para evitar que sus datos personales sean conocidos por terceros no autorizados que pudieran hacer un uso inadecuado de los mismos.<\/p>\n<\/div>\n<\/div>\n<\/div>\n<\/div>\n<\/div><\/div><\/div><\/div><\/div>","protected":false},"excerpt":{"rendered":"","protected":false},"author":3,"featured_media":0,"parent":0,"menu_order":0,"comment_status":"closed","ping_status":"closed","template":"100-width.php","meta":{"iawp_total_views":60,"footnotes":""},"class_list":["post-3258","page","type-page","status-publish","hentry"],"_links":{"self":[{"href":"https:\/\/cobandalucia.org\/en\/wp-json\/wp\/v2\/pages\/3258","targetHints":{"allow":["GET"]}}],"collection":[{"href":"https:\/\/cobandalucia.org\/en\/wp-json\/wp\/v2\/pages"}],"about":[{"href":"https:\/\/cobandalucia.org\/en\/wp-json\/wp\/v2\/types\/page"}],"author":[{"embeddable":true,"href":"https:\/\/cobandalucia.org\/en\/wp-json\/wp\/v2\/users\/3"}],"replies":[{"embeddable":true,"href":"https:\/\/cobandalucia.org\/en\/wp-json\/wp\/v2\/comments?post=3258"}],"version-history":[{"count":4,"href":"https:\/\/cobandalucia.org\/en\/wp-json\/wp\/v2\/pages\/3258\/revisions"}],"predecessor-version":[{"id":4819,"href":"https:\/\/cobandalucia.org\/en\/wp-json\/wp\/v2\/pages\/3258\/revisions\/4819"}],"wp:attachment":[{"href":"https:\/\/cobandalucia.org\/en\/wp-json\/wp\/v2\/media?parent=3258"}],"curies":[{"name":"wp","href":"https:\/\/api.w.org\/{rel}","templated":true}]}}