{"id":3289,"date":"2024-06-04T06:05:59","date_gmt":"2024-06-04T06:05:59","guid":{"rendered":"http:\/\/cobandalucia.org\/?page_id=3289"},"modified":"2025-07-01T12:20:31","modified_gmt":"2025-07-01T12:20:31","slug":"que-es-el-coba","status":"publish","type":"page","link":"https:\/\/cobandalucia.org\/en\/que-es-el-coba\/","title":{"rendered":"\u00bfQu\u00e9 es el COBA?"},"content":{"rendered":"<p>El <strong>Colegio Oficial de Bi\u00f3logos de Andaluc\u00eda<\/strong> ( COBA) es una corporaci\u00f3n de derecho p\u00fablico que se constituye bajo el amparo de la Ley, por segregaci\u00f3n del Colegio Oficial de Bi\u00f3logos de \u00e1mbito Nacional, aprobada por el Decreto 149\/1999, de 22 de junio, de la Junta de Andaluc\u00eda, de constituci\u00f3n del Colegio Oficial de Bi\u00f3logos de Andaluc\u00eda por segregaci\u00f3n del Colegio Oficial de Bi\u00f3logos, con personalidad jur\u00eddica y plena capacidad para el cumplimiento de sus fines; con estructura democr\u00e1tica e independencia de la Administraci\u00f3n, de la que no forma parte, sin perjuicio de las funciones administrativas que le vengan encomendadas.<\/p>\n<p>\u00c1mbito territorial: Corresponde su \u00e1mbito territorial al de la Comunidad Andaluza.<\/p>\n<p>Entre los fines fundamentales del COBA est\u00e1n:<\/p>\n<ul>\n<li>La <strong>ordenaci\u00f3n<\/strong>, en el \u00e1mbito de su competencia, del ejercicio de la profesi\u00f3n de Bi\u00f3logo en todas sus formas y especialidades, la <strong>representaci\u00f3n <\/strong>de esta profesi\u00f3n y la <strong>defensa<\/strong> de los intereses profesionales de los colegiados.<\/li>\n<\/ul>\n<p>&nbsp;<\/p>\n<ul>\n<li>Promoci\u00f3n, salvaguarda y observancia de los <strong>principios deontol\u00f3gicos y \u00e9ticos<\/strong> de la profesi\u00f3n de Bi\u00f3logo y de su dignidad y prestigio.<\/li>\n<\/ul>","protected":false},"excerpt":{"rendered":"<p>El Colegio Oficial de Bi\u00f3logos de Andaluc\u00eda ( COBA) es  [&#8230;]<\/p>\n","protected":false},"author":3,"featured_media":2770,"parent":0,"menu_order":0,"comment_status":"closed","ping_status":"closed","template":"100-width.php","meta":{"iawp_total_views":980,"footnotes":""},"class_list":["post-3289","page","type-page","status-publish","has-post-thumbnail","hentry"],"_links":{"self":[{"href":"https:\/\/cobandalucia.org\/en\/wp-json\/wp\/v2\/pages\/3289","targetHints":{"allow":["GET"]}}],"collection":[{"href":"https:\/\/cobandalucia.org\/en\/wp-json\/wp\/v2\/pages"}],"about":[{"href":"https:\/\/cobandalucia.org\/en\/wp-json\/wp\/v2\/types\/page"}],"author":[{"embeddable":true,"href":"https:\/\/cobandalucia.org\/en\/wp-json\/wp\/v2\/users\/3"}],"replies":[{"embeddable":true,"href":"https:\/\/cobandalucia.org\/en\/wp-json\/wp\/v2\/comments?post=3289"}],"version-history":[{"count":10,"href":"https:\/\/cobandalucia.org\/en\/wp-json\/wp\/v2\/pages\/3289\/revisions"}],"predecessor-version":[{"id":3472,"href":"https:\/\/cobandalucia.org\/en\/wp-json\/wp\/v2\/pages\/3289\/revisions\/3472"}],"wp:featuredmedia":[{"embeddable":true,"href":"https:\/\/cobandalucia.org\/en\/wp-json\/wp\/v2\/media\/2770"}],"wp:attachment":[{"href":"https:\/\/cobandalucia.org\/en\/wp-json\/wp\/v2\/media?parent=3289"}],"curies":[{"name":"wp","href":"https:\/\/api.w.org\/{rel}","templated":true}]}}