{"id":3291,"date":"2024-06-04T06:07:44","date_gmt":"2024-06-04T06:07:44","guid":{"rendered":"http:\/\/cobandalucia.org\/?page_id=3291"},"modified":"2025-01-08T12:02:32","modified_gmt":"2025-01-08T12:02:32","slug":"obligatoriedad-de-la-colegiacion","status":"publish","type":"page","link":"https:\/\/cobandalucia.org\/en\/obligatoriedad-de-la-colegiacion\/","title":{"rendered":"Legislaci\u00f3n sobre la Colegiaci\u00f3n"},"content":{"rendered":"<div class=\"fusion-fullwidth fullwidth-box fusion-builder-row-1 fusion-flex-container nonhundred-percent-fullwidth non-hundred-percent-height-scrolling\" style=\"--awb-border-radius-top-left:0px;--awb-border-radius-top-right:0px;--awb-border-radius-bottom-right:0px;--awb-border-radius-bottom-left:0px;--awb-flex-wrap:wrap;\" ><div class=\"fusion-builder-row fusion-row fusion-flex-align-items-flex-start fusion-flex-content-wrap\" style=\"max-width:1248px;margin-left: calc(-4% \/ 2 );margin-right: calc(-4% \/ 2 );\"><div class=\"fusion-layout-column fusion_builder_column fusion-builder-column-0 fusion_builder_column_1_1 1_1 fusion-flex-column\" style=\"--awb-bg-size:cover;--awb-width-large:100%;--awb-margin-top-large:0px;--awb-spacing-right-large:1.92%;--awb-margin-bottom-large:0px;--awb-spacing-left-large:1.92%;--awb-width-medium:100%;--awb-spacing-right-medium:1.92%;--awb-spacing-left-medium:1.92%;--awb-width-small:100%;--awb-spacing-right-small:1.92%;--awb-spacing-left-small:1.92%;\"><div class=\"fusion-column-wrapper fusion-flex-justify-content-flex-start fusion-content-layout-column\"><div class=\"fusion-text fusion-text-1\"><p>Colegiaci\u00f3n: Normativa vigente<\/p>\n<p><strong>\u00daltimas Sentencias:<\/strong><\/p>\n<p>Nueva sentencia del Tribunal Constitucional relativa a la obligatoriedad de colegiaci\u00f3n de los Funcionarios y Empleados P\u00fablicos de las Administraciones Auton\u00f3micas.<\/p>\n<p>Con fecha de 2 de noviembre de 2015 el Tribunal Constitucional emiti\u00f3 sentencia, relativa a la cuesti\u00f3n de inconstitucionalidad planteada por el Tribunal Superior de Justicia de Castilla y Le\u00f3n en relaci\u00f3n a la dispensa de colegiaci\u00f3n de los empleados p\u00fablicos que establece la Ley 8\/1997, de 8 de julio, de Colegios Profesionales de Castilla y Le\u00f3n, en su art. 16.2.<\/p>\n<p>La nueva Sentencia del Tribunal Constitucional vuelve a declarar inconstitucional que las Comunidades Aut\u00f3nomas por ley auton\u00f3mica dispensen de colegiaci\u00f3n a los funcionarios y empleados p\u00fablicos para el ejercicio de la profesi\u00f3n. El Tribunal Constitucional vuelve a estimar que dicha medida es competencia estatal, que actualmente mantiene las obligaciones de colegiaci\u00f3n obligatoria vigentes en el momento de aprobarse la Ley 25\/2009 y no distingue entre el ejercicio privado de la profesi\u00f3n y su ejercicio al servicio de las Administraciones P\u00fablicas.<\/p>\n<p>Con este pronunciamiento ya son 9 sentencias del Tribunal Constitucional (SSTC 3\/2013, 46\/2013, 50\/2013, 63\/2013, 89\/2013, 123\/2013, 201\/2013 y 150\/2014), en las que el Alto Tribunal ha establecido de forma definitiva el car\u00e1cter b\u00e1sico del art. 3.2 de la Ley 2\/1974 de Colegios Profesionales.<\/p>\n<p>Texto \u00edntegro de la sentencia en  BOE-A-2015-13476<\/p>\n<\/p>\n<p>\u00bfQuieres saber m\u00e1s? <a href=\"https:\/\/cobandalucia.org\/wp-content\/uploads\/2024\/06\/BOE-A-2015-13476.pdf\" target=\"_blank\" rel=\"noopener noreferrer\">https:\/\/cobandalucia.org\/archivos\/142.pdf<\/a><\/p>\n<\/p>\n<p><strong>IMPORTANTE<\/strong>:<\/p>\n<p>La colegiaci\u00f3n incluye un <strong>Seguro de Responsabilidad Civil Profesional<\/strong> <strong>(Colegiados ejercientes)<\/strong> <strong>gratuito<\/strong> con una cobertura de <strong>110.000 \u20ac<\/strong> (ampliable). No estar Colegiado supone que cualquier seguro de RCP que tengas quedar\u00e1 invalidado por no cumplir la legalidad vigente.<\/p>\n<p>Est\u00e1 en juego tu patrimonio personal.       <strong><em>\u00a1Col\u00e9giate!<\/em><\/strong><\/p>\n<p>Las situaciones en las se ejerce sin estar dado de alta en el correspondiente colegio profesional se tipifican como falta administrativa y es constitutivo de posible delito de intrusismo seg\u00fan el art\u00edculo 403 del C\u00f3digo Penal, ya que es la colegiaci\u00f3n la que faculta y habilita para el ejercicio de la actividad profesional.<\/p>\n<p>*Esta normativa incluye a funcionarios.<\/p>\n<p>(ver sentencias TC y documentos relacionados al final de esta p\u00e1gina)<\/p>\n<\/p>\n<p>Normativa:<\/p>\n<p><strong>Ley 10\/2003, de 27 de noviembre Reguladora de los Colegios profesionales de Andaluc\u00eda<\/strong>:<\/p>\n<p><u>Art\u00edculo 3<\/u>. Ejercicio de los profesionales colegiados<\/p>\n<ol>\n<li>De acuerdo con lo dispuesto en el art\u00edculo 2 de la Ley 2\/1974, de 13 de febrero, de Colegios Profesionales, la Comunidad Aut\u00f3noma de Andaluc\u00eda, en el \u00e1mbito de sus competencias, garantiza el ejercicio de las profesiones colegiadas, de conformidad con lo dispuesto en las leyes.<\/li>\n<li>El ejercicio de las profesionales colegiadas en Andaluc\u00eda se realizar\u00e1 en r\u00e9gimen de libre competencia y estar\u00e1 sujeto, en cuanto a la oferta de servicios y fijaci\u00f3n de su remuneraci\u00f3n, a la legislaci\u00f3n sobre Defensa de la Competencia y sobre Competencia Desleal. Los dem\u00e1s aspectos del ejercicio profesional se regir\u00e1n por la legislaci\u00f3n general y por la espec\u00edfica sobre la ordenaci\u00f3n sustantiva propia de cada profesi\u00f3n, todo ello conforme dispone la Ley 2\/1974, de 13 de febrero.<\/li>\n<\/ol>\n<ol start=\"3\">\n<li>De conformidad con los establecido por el art\u00edculo 3.2 de la Ley 2\/1974, de 13 de febrero, es requisito indispensable para el ejercicio de las profesiones colegiadas estar incorporado al colegio correspondiente. Cuando una profesi\u00f3n se organice por colegios territoriales, bastar\u00e1 la incorporaci\u00f3n a uno solo de ellos, que ser\u00e1 el del domicilio profesional \u00fanico o principal, para ejercer en todo el territorio del Estado, sin que pueda exigirse por los colegios en cuyo \u00e1mbito territorial no radique dicho domicilio habilitaci\u00f3n alguna ni el pago de contraprestaciones econ\u00f3micas distintas de aquellas que exijan habitualmente a sus colegiados por la prestaci\u00f3n de los servicios de los que sean beneficiarios y que no se encuentren cubiertos por la cuota colegial. Lo anterior se entiende sin perjuicio de que los estatutos generales o, en su caso, lo auton\u00f3micos puedan establecer la obligaci\u00f3n de los profesionales que ejerzan en un territorio diferente al de colegiaci\u00f3n de comunicar a los colegios distintos a los de su inscripci\u00f3n la actuaci\u00f3n en su \u00e1mbito territorial.<\/li>\n<li>Los colegios profesionales verificar\u00e1n el cumplimiento del deber de colegiaci\u00f3n y, en su caso, demandar\u00e1n a las Administraciones P\u00fablicas competentes las medidas pertinentes para ello.<\/li>\n<\/ol>\n<p><u>Art\u00edculo 4<\/u>. Profesionales al servicio de la Administraci\u00f3n*<\/p>\n<p><span style=\"text-decoration: line-through;\">El requisito de la colegiaci\u00f3n establecido en el art\u00edculo 3 de esta Ley no ser\u00e1 exigible al personal funcionario, estatutario o laboral, al servicio de las Administraciones P\u00fablicas de Andaluc\u00eda, para el ejercicio de sus funciones o para la realizaci\u00f3n de actividades propias de su profesi\u00f3n por cuenta de aquellas<\/span>. *<\/p>\n<p>*Anulado por Sentencia Tribunal Constitucional<\/p>\n<p><strong>Estatutos del Colegio Oficial de Bi\u00f3logos de Andaluc\u00eda Aprobados por Decreto 408\/2000, de 17 de octubre<\/strong><\/p>\n<p>T\u00edtulo II<\/p>\n<p><u>Art\u00edculo 6<\/u>. Obligatoriedad de la colegiaci\u00f3n.<\/p>\n<p>La incorporaci\u00f3n al Colegio Oficial de Bi\u00f3logos de Andaluc\u00eda es requisito indispensable para el ejercicio de la profesi\u00f3n de Bi\u00f3logo cuando el domicilio profesional \u00fanico o principal se ubique en el territorio de esta Comunidad Aut\u00f3noma. <span style=\"text-decoration: line-through;\">Quedan exceptuados de dicha obligatoriedad los funcionarios p\u00fablicos y dem\u00e1s personal que presten sus servicios en las Administraciones p\u00fablicas, que se encuentren afectos a la Ley 53\/1985 sobre Incompatibilidades de la funci\u00f3n P\u00fablica<\/span>.*<\/p>\n<p>*Anulado por Sentencia Tribunal Constitucional.<\/p>\n<\/p>\n<p>*Aprobada su anulaci\u00f3n y modificaci\u00f3n de estatutos en Asamblea General del Colegio Oficial de Bi\u00f3logos de 20\/06\/2015.<\/p>\n<\/p>\n<p><strong>Documentos relacionados<\/strong><\/p>\n<p>Sentencia Colegiaci\u00f3n obligatoria 12\/02\/2013: <a href=\"https:\/\/cobandalucia.org\/wp-content\/uploads\/2025\/01\/37-BOE-A-2013-1510.pdf\" target=\"_blank\" rel=\"noopener noreferrer\">https:\/\/cobandalucia.org\/archivos\/37.pdf<\/a><\/p>\n<p>Sentencia Colegiaci\u00f3n obligatoria 10\/04\/2013: <a href=\"https:\/\/cobandalucia.org\/wp-content\/uploads\/2025\/01\/38-BOE-A-2013-3799.pdf\" target=\"_blank\" rel=\"noopener noreferrer\">https:\/\/cobandalucia.org\/archivos\/38.pdf<\/a><\/p>\n<p>Sentencia Colegiaci\u00f3n obligatoria 02\/11\/2015: <a href=\"https:\/\/cobandalucia.org\/wp-content\/uploads\/2025\/01\/101.pdf\" target=\"_blank\" rel=\"noopener noreferrer\">https:\/\/cobandalucia.org\/archivos\/101.pdf<\/a><\/p>\n<p>Sentencia Colegiaci\u00f3n obligatoria 28\/02\/2013: <a href=\"https:\/\/cobandalucia.org\/wp-content\/uploads\/2025\/01\/136.pdf\" target=\"_blank\" rel=\"noopener noreferrer\">https:\/\/cobandalucia.org\/archivos\/136.pdf<\/a><\/p>\n<p>Sentencia Colegiaci\u00f3n obligatoria 28\/02\/2013: <a href=\"https:\/\/cobandalucia.org\/wp-content\/uploads\/2025\/01\/137.pdf\" target=\"_blank\" rel=\"noopener noreferrer\">https:\/\/cobandalucia.org\/archivos\/137.pdf<\/a><\/p>\n<p>Sentencia Colegiaci\u00f3n obligatoria 22\/09\/2014: <a href=\"https:\/\/cobandalucia.org\/wp-content\/uploads\/2025\/01\/138.pdf\" target=\"_blank\" rel=\"noopener noreferrer\">https:\/\/cobandalucia.org\/archivos\/138.pdf<\/a><\/p>\n<p>Sentencia Colegiaci\u00f3n obligatoria 05\/12\/2013: <a href=\"https:\/\/cobandalucia.org\/wp-content\/uploads\/2025\/01\/139.pdf\" target=\"_blank\" rel=\"noopener noreferrer\">https:\/\/cobandalucia.org\/archivos\/139.pdf<\/a><\/p>\n<p>El Pa\u00eds. Constitucional anula Colegiaci\u00f3n libre funcionarios: <a href=\"https:\/\/cobandalucia.org\/wp-content\/uploads\/2025\/01\/140.pdf\" target=\"_blank\" rel=\"noopener noreferrer\">https:\/\/cobandalucia.org\/archivos\/140.pdf<\/a><\/p>\n<p>Ejemplo Circular Junta de Andaluc\u00eda sobre la obligatoriedad Colegiaci\u00f3n funcionarios:<a href=\"https:\/\/cobandalucia.org\/wp-content\/uploads\/2025\/01\/141.pdf\"> https:\/\/cobandalucia.org\/archivos\/141.pdf<\/a><\/p>\n<\/div><\/div><\/div><\/div><\/div>","protected":false},"excerpt":{"rendered":"","protected":false},"author":3,"featured_media":3424,"parent":0,"menu_order":0,"comment_status":"closed","ping_status":"closed","template":"100-width.php","meta":{"iawp_total_views":206,"footnotes":""},"class_list":["post-3291","page","type-page","status-publish","has-post-thumbnail","hentry"],"_links":{"self":[{"href":"https:\/\/cobandalucia.org\/en\/wp-json\/wp\/v2\/pages\/3291","targetHints":{"allow":["GET"]}}],"collection":[{"href":"https:\/\/cobandalucia.org\/en\/wp-json\/wp\/v2\/pages"}],"about":[{"href":"https:\/\/cobandalucia.org\/en\/wp-json\/wp\/v2\/types\/page"}],"author":[{"embeddable":true,"href":"https:\/\/cobandalucia.org\/en\/wp-json\/wp\/v2\/users\/3"}],"replies":[{"embeddable":true,"href":"https:\/\/cobandalucia.org\/en\/wp-json\/wp\/v2\/comments?post=3291"}],"version-history":[{"count":16,"href":"https:\/\/cobandalucia.org\/en\/wp-json\/wp\/v2\/pages\/3291\/revisions"}],"predecessor-version":[{"id":4080,"href":"https:\/\/cobandalucia.org\/en\/wp-json\/wp\/v2\/pages\/3291\/revisions\/4080"}],"wp:featuredmedia":[{"embeddable":true,"href":"https:\/\/cobandalucia.org\/en\/wp-json\/wp\/v2\/media\/3424"}],"wp:attachment":[{"href":"https:\/\/cobandalucia.org\/en\/wp-json\/wp\/v2\/media?parent=3291"}],"curies":[{"name":"wp","href":"https:\/\/api.w.org\/{rel}","templated":true}]}}