{"id":3293,"date":"2024-06-04T06:08:08","date_gmt":"2024-06-04T06:08:08","guid":{"rendered":"http:\/\/cobandalucia.org\/?page_id=3293"},"modified":"2024-10-09T09:08:28","modified_gmt":"2024-10-09T09:08:28","slug":"legislacion-de-las-competencias","status":"publish","type":"page","link":"https:\/\/cobandalucia.org\/en\/legislacion-de-las-competencias\/","title":{"rendered":"Legislaci\u00f3n de las Competencias"},"content":{"rendered":"<div class=\"fusion-fullwidth fullwidth-box fusion-builder-row-1 fusion-flex-container nonhundred-percent-fullwidth non-hundred-percent-height-scrolling\" style=\"--awb-border-radius-top-left:0px;--awb-border-radius-top-right:0px;--awb-border-radius-bottom-right:0px;--awb-border-radius-bottom-left:0px;--awb-flex-wrap:wrap;\" ><div class=\"fusion-builder-row fusion-row fusion-flex-align-items-flex-start fusion-flex-content-wrap\" style=\"max-width:1248px;margin-left: calc(-4% \/ 2 );margin-right: calc(-4% \/ 2 );\"><div class=\"fusion-layout-column fusion_builder_column fusion-builder-column-0 fusion_builder_column_1_1 1_1 fusion-flex-column\" style=\"--awb-bg-size:cover;--awb-width-large:100%;--awb-margin-top-large:0px;--awb-spacing-right-large:1.92%;--awb-margin-bottom-large:0px;--awb-spacing-left-large:1.92%;--awb-width-medium:100%;--awb-spacing-right-medium:1.92%;--awb-spacing-left-medium:1.92%;--awb-width-small:100%;--awb-spacing-right-small:1.92%;--awb-spacing-left-small:1.92%;\"><div class=\"fusion-column-wrapper fusion-flex-justify-content-flex-start fusion-content-layout-column\"><div class=\"fusion-text fusion-text-1\"><p>Accede a las bases de datos de legislaci\u00f3n \u00fatil para el ejercicio de la profesi\u00f3n.<\/p>\n<\/p>\n<p>LEGISLACI\u00d3N AUTON\u00d3MICA:<\/p>\n<div class=\"content clearfix\">\n<p> ANDALUC\u00cdA<\/p>\n<p>\u2013 <a href=\"http:\/\/www.juntadeandalucia.es\/boja\" target=\"_blank\" rel=\"noopener\">BOJA<\/a><\/p>\n<\/p>\n<p>LEGISTACI\u00d3N ESTATAL:<\/p>\n<p><a href=\"http:\/\/www.boe.es\/legislacion\/\" target=\"_blank\" rel=\"noopener\">\u2013 BOE<\/a><\/p>\n<\/p>\n<p>LEGISLACI\u00d3N EUROPEA:<\/p>\n<p><a href=\"http:\/\/eur-lex.europa.eu\/es\/index.htm\" target=\"_blank\" rel=\"noopener\">\u2013 EURLEX<\/a><\/p>\n<\/div>\n<p>*Documentos Relacionados:<\/p>\n<p><a href=\"https:\/\/cobandalucia.org\/wp-content\/uploads\/2024\/06\/Marco-normativo-y-jurisprudencial-delas-competencias-profesionales-de-los-biologos.pdf\" target=\"_blank\" rel=\"noopener noreferrer\">Marco normativo y jurisprudencial de las competencias profesionales de los bi\u00f3logos<\/a><\/p>\n<p><a href=\"https:\/\/cobandalucia.org\/wp-content\/uploads\/2024\/06\/Atribucion-de-Competencias.pdf\" target=\"_blank\" rel=\"noopener noreferrer\">Atribuci\u00f3n de Competencias<\/a><\/p>\n<p><a href=\"https:\/\/cobandalucia.org\/wp-content\/uploads\/2024\/06\/Comparativa-Proyectos.pdf\" target=\"_blank\" rel=\"noopener noreferrer\">Comparativa Proyectos<\/a><\/p>\n<p><a href=\"https:\/\/cobandalucia.org\/wp-content\/uploads\/2024\/06\/Listado-normativa-ambiental-andaluza-diciembre-2019.pdf\" target=\"_blank\" rel=\"noopener noreferrer\">Listado normativa ambiental andaluza (diciembre 2019)<\/a><\/p>\n<\/div><\/div><\/div><\/div><\/div>","protected":false},"excerpt":{"rendered":"","protected":false},"author":3,"featured_media":3495,"parent":0,"menu_order":0,"comment_status":"closed","ping_status":"closed","template":"100-width.php","meta":{"iawp_total_views":70,"footnotes":""},"class_list":["post-3293","page","type-page","status-publish","has-post-thumbnail","hentry"],"_links":{"self":[{"href":"https:\/\/cobandalucia.org\/en\/wp-json\/wp\/v2\/pages\/3293","targetHints":{"allow":["GET"]}}],"collection":[{"href":"https:\/\/cobandalucia.org\/en\/wp-json\/wp\/v2\/pages"}],"about":[{"href":"https:\/\/cobandalucia.org\/en\/wp-json\/wp\/v2\/types\/page"}],"author":[{"embeddable":true,"href":"https:\/\/cobandalucia.org\/en\/wp-json\/wp\/v2\/users\/3"}],"replies":[{"embeddable":true,"href":"https:\/\/cobandalucia.org\/en\/wp-json\/wp\/v2\/comments?post=3293"}],"version-history":[{"count":5,"href":"https:\/\/cobandalucia.org\/en\/wp-json\/wp\/v2\/pages\/3293\/revisions"}],"predecessor-version":[{"id":3772,"href":"https:\/\/cobandalucia.org\/en\/wp-json\/wp\/v2\/pages\/3293\/revisions\/3772"}],"wp:featuredmedia":[{"embeddable":true,"href":"https:\/\/cobandalucia.org\/en\/wp-json\/wp\/v2\/media\/3495"}],"wp:attachment":[{"href":"https:\/\/cobandalucia.org\/en\/wp-json\/wp\/v2\/media?parent=3293"}],"curies":[{"name":"wp","href":"https:\/\/api.w.org\/{rel}","templated":true}]}}