{"id":3295,"date":"2024-06-04T06:08:25","date_gmt":"2024-06-04T06:08:25","guid":{"rendered":"http:\/\/cobandalucia.org\/?page_id=3295"},"modified":"2025-01-08T12:10:30","modified_gmt":"2025-01-08T12:10:30","slug":"defensa-de-la-profesion","status":"publish","type":"page","link":"https:\/\/cobandalucia.org\/en\/defensa-de-la-profesion\/","title":{"rendered":"Defensa de la Profesi\u00f3n"},"content":{"rendered":"<div class=\"fusion-fullwidth fullwidth-box fusion-builder-row-1 fusion-flex-container nonhundred-percent-fullwidth non-hundred-percent-height-scrolling\" style=\"--awb-border-radius-top-left:0px;--awb-border-radius-top-right:0px;--awb-border-radius-bottom-right:0px;--awb-border-radius-bottom-left:0px;--awb-flex-wrap:wrap;\" ><div class=\"fusion-builder-row fusion-row fusion-flex-align-items-flex-start fusion-flex-content-wrap\" style=\"max-width:1248px;margin-left: calc(-4% \/ 2 );margin-right: calc(-4% \/ 2 );\"><div class=\"fusion-layout-column fusion_builder_column fusion-builder-column-0 fusion_builder_column_1_1 1_1 fusion-flex-column\" style=\"--awb-bg-size:cover;--awb-width-large:100%;--awb-margin-top-large:0px;--awb-spacing-right-large:1.92%;--awb-margin-bottom-large:0px;--awb-spacing-left-large:1.92%;--awb-width-medium:100%;--awb-spacing-right-medium:1.92%;--awb-spacing-left-medium:1.92%;--awb-width-small:100%;--awb-spacing-right-small:1.92%;--awb-spacing-left-small:1.92%;\"><div class=\"fusion-column-wrapper fusion-flex-justify-content-flex-start fusion-content-layout-column\"><div class=\"fusion-text fusion-text-1\"><p><a href=\"https:\/\/cobandalucia.org\/wp-content\/uploads\/2024\/06\/EXCLUSION-DEL-BIOLOGO-EN-CONVOCATORIA-DEL-CSIC-2016.pdf\" target=\"_blank\" rel=\"noopener noreferrer\">EXCLUSION DEL BI\u00d3LOGO EN CONVOCATORIA DEL CSIC 2016<\/a><\/p>\n<p><a href=\"https:\/\/cobandalucia.org\/wp-content\/uploads\/2024\/06\/OBLIGATORIEDAD-DE-LA-COLEGIACION-2015.pdf\" target=\"_blank\" rel=\"noopener noreferrer\">OBLIGATORIEDAD DE LA COLEGIACI\u00d3N 2015<\/a><\/p>\n<p><a href=\"https:\/\/cobandalucia.org\/wp-content\/uploads\/2024\/06\/RECURSO-APROBADO-EN-LA-CONVOCATORIA-PUBLICA-DEL-PUERTO-DE-MELILLA.pdf\" target=\"_blank\" rel=\"noopener noreferrer\">RECURSO APROBADO EN LA CONVOCATORIA P\u00daBLICA DEL PUERTO DE MELILLA<\/a><\/p>\n<p><a href=\"https:\/\/cobandalucia.org\/wp-content\/uploads\/2024\/06\/BASES-RECURSO-APROBADO-EN-LA-CONVOCATORIA-PUBLICA-DEL-PUERTO-DE-MELILLA.pdf\" target=\"_blank\" rel=\"noopener noreferrer\">BASES &#8211; RECURSO APROBADO EN LA CONVOCATORIA P\u00daBLICA DEL PUERTO DE MELILLA<\/a><\/p>\n<p><a href=\"https:\/\/cobandalucia.org\/wp-content\/uploads\/2024\/06\/RESOLUCION-RECURSO-APROBADO-EN-LA-CONVOCATORIA-PUBLICA-DEL-PUERTO-DE-MELILLA.pdf\" target=\"_blank\" rel=\"noopener noreferrer\">RESOLUCION &#8211; RECURSO APROBADO EN LA CONVOCATORIA P\u00daBLICA DEL PUERTO DE MELILLA<\/a><\/p>\n<p><a href=\"https:\/\/cobandalucia.org\/wp-content\/uploads\/2024\/06\/REGISTRO-ESTATAL-DE-PROFESIONALES-SANITARIOS-2014.pdf\" target=\"_blank\" rel=\"noopener noreferrer\">REGISTRO ESTATAL DE PROFESIONALES SANITARIOS 2014<\/a><\/p>\n<p><a href=\"https:\/\/cobandalucia.org\/wp-content\/uploads\/2024\/06\/Recurso-Interpuesto-al-Gobierno-de-Aragon-por-exclusion-de-la-Profesion.pdf\" target=\"_blank\" rel=\"noopener noreferrer\">Recurso Interpuesto al Gobierno de Arag\u00f3n por exclusi\u00f3n de la Profesi\u00f3n<\/a><\/p>\n<p><a href=\"https:\/\/cobandalucia.org\/wp-content\/uploads\/2024\/06\/Respuesta-Recurso-Interpuesto-al-Gobierno-de-Aragon-por-exclusion-de-la-Profesion.pdf\" target=\"_blank\" rel=\"noopener noreferrer\">Respuesta &#8211; Recurso Interpuesto al Gobierno de Arag\u00f3n por exclusi\u00f3n de la Profesi\u00f3n<\/a><\/p>\n<p><a href=\"https:\/\/cobandalucia.org\/wp-content\/uploads\/2024\/06\/Agencia-Publica-Empresarial-Sanitaria-Hospital-Alto-Guadalquivir.-Marzo-2016.pdf\" target=\"_blank\" rel=\"noopener noreferrer\">Agencia P\u00fablica Empresarial Sanitaria Hospital Alto Guadalquivir. Marzo 2016<\/a><\/p>\n<p><a href=\"https:\/\/cobandalucia.org\/wp-content\/uploads\/2024\/06\/ALEGACIONES-A-LA-CREACION-DE-COGRASAN-2016.pdf\" target=\"_blank\" rel=\"noopener noreferrer\">ALEGACIONES A LA CREACI\u00d3N DE COGRASAN 2016<\/a><\/p>\n<p><a href=\"https:\/\/cobandalucia.org\/wp-content\/uploads\/2024\/06\/EXCLUSION-BIOLOGOS-EN-CONVOCATORIA-DEL-HOSPITAL-UNIVERSITARIO-VIRGEN-MACARENA-2016.pdf\" target=\"_blank\" rel=\"noopener noreferrer\">EXCLUSI\u00d3N BI\u00d3LOGOS EN CONVOCATORIA DEL HOSPITAL UNIVERSITARIO VIRGEN MACARENA 2016<\/a><\/p>\n<p><a href=\"https:\/\/cobandalucia.org\/wp-content\/uploads\/2024\/06\/Acciones-ano-2015.pdf\" target=\"_blank\" rel=\"noopener noreferrer\">Acciones a\u00f1o 2015<\/a><\/p>\n<p><a href=\"https:\/\/cobandalucia.org\/wp-content\/uploads\/2024\/06\/Acciones-ano-2014.pdf\" target=\"_blank\" rel=\"noopener noreferrer\">Acciones a\u00f1o 2014<\/a><\/p>\n<p><a href=\"https:\/\/cobandalucia.org\/wp-content\/uploads\/2024\/06\/Acciones-ano-2013.pdf\" target=\"_blank\" rel=\"noopener noreferrer\">Acciones a\u00f1o 2013<\/a><\/p>\n<p><a href=\"https:\/\/cobandalucia.org\/wp-content\/uploads\/2024\/06\/Acciones-ano-2012.pdf\" target=\"_blank\" rel=\"noopener noreferrer\">Acciones a\u00f1o 2012<\/a><\/p>\n<p><a href=\"https:\/\/cobandalucia.org\/wp-content\/uploads\/2024\/06\/Acciones-Ano-2011.pdf\" target=\"_blank\" rel=\"noopener noreferrer\">Acciones A\u00f1o 2011<\/a><\/p>\n<p><a href=\"https:\/\/cobandalucia.org\/wp-content\/uploads\/2024\/06\/Acciones-Ano-2010.pdf\" target=\"_blank\" rel=\"noopener noreferrer\">Acciones A\u00f1o 2010<\/a><\/p>\n<p><a href=\"https:\/\/cobandalucia.org\/wp-content\/uploads\/2024\/06\/Acciones-Ano-2009.pdf\" target=\"_blank\" rel=\"noopener noreferrer\">Acciones A\u00f1o 2009<\/a><\/p>\n<p><a href=\"https:\/\/cobandalucia.org\/wp-content\/uploads\/2024\/06\/Acciones-Ano-2008.pdf\" target=\"_blank\" rel=\"noopener noreferrer\">Acciones A\u00f1o 2008<\/a><\/p>\n<p><a href=\"https:\/\/cobandalucia.org\/wp-content\/uploads\/2024\/06\/Acciones-Ano-2007.pdf\" target=\"_blank\" rel=\"noopener noreferrer\">Acciones A\u00f1o 2007<\/a><\/p>\n<p><a href=\"https:\/\/cobandalucia.org\/wp-content\/uploads\/2024\/06\/Acciones-Ano-2006.pdf\" target=\"_blank\" rel=\"noopener noreferrer\">Acciones A\u00f1o 2006<\/a><\/p>\n<\/div><\/div><\/div><\/div><\/div>","protected":false},"excerpt":{"rendered":"","protected":false},"author":3,"featured_media":3455,"parent":0,"menu_order":0,"comment_status":"closed","ping_status":"closed","template":"100-width.php","meta":{"iawp_total_views":76,"footnotes":""},"class_list":["post-3295","page","type-page","status-publish","has-post-thumbnail","hentry"],"_links":{"self":[{"href":"https:\/\/cobandalucia.org\/en\/wp-json\/wp\/v2\/pages\/3295","targetHints":{"allow":["GET"]}}],"collection":[{"href":"https:\/\/cobandalucia.org\/en\/wp-json\/wp\/v2\/pages"}],"about":[{"href":"https:\/\/cobandalucia.org\/en\/wp-json\/wp\/v2\/types\/page"}],"author":[{"embeddable":true,"href":"https:\/\/cobandalucia.org\/en\/wp-json\/wp\/v2\/users\/3"}],"replies":[{"embeddable":true,"href":"https:\/\/cobandalucia.org\/en\/wp-json\/wp\/v2\/comments?post=3295"}],"version-history":[{"count":5,"href":"https:\/\/cobandalucia.org\/en\/wp-json\/wp\/v2\/pages\/3295\/revisions"}],"predecessor-version":[{"id":4081,"href":"https:\/\/cobandalucia.org\/en\/wp-json\/wp\/v2\/pages\/3295\/revisions\/4081"}],"wp:featuredmedia":[{"embeddable":true,"href":"https:\/\/cobandalucia.org\/en\/wp-json\/wp\/v2\/media\/3455"}],"wp:attachment":[{"href":"https:\/\/cobandalucia.org\/en\/wp-json\/wp\/v2\/media?parent=3295"}],"curies":[{"name":"wp","href":"https:\/\/api.w.org\/{rel}","templated":true}]}}