{"id":3297,"date":"2024-06-04T06:08:57","date_gmt":"2024-06-04T06:08:57","guid":{"rendered":"http:\/\/cobandalucia.org\/?page_id=3297"},"modified":"2025-01-08T12:12:31","modified_gmt":"2025-01-08T12:12:31","slug":"asesoria-juridica","status":"publish","type":"page","link":"https:\/\/cobandalucia.org\/en\/asesoria-juridica\/","title":{"rendered":"Asesor\u00eda Jur\u00eddica"},"content":{"rendered":"<div class=\"fusion-fullwidth fullwidth-box fusion-builder-row-1 fusion-flex-container nonhundred-percent-fullwidth non-hundred-percent-height-scrolling\" style=\"--awb-border-radius-top-left:0px;--awb-border-radius-top-right:0px;--awb-border-radius-bottom-right:0px;--awb-border-radius-bottom-left:0px;--awb-flex-wrap:wrap;\" ><div class=\"fusion-builder-row fusion-row fusion-flex-align-items-flex-start fusion-flex-content-wrap\" style=\"max-width:1248px;margin-left: calc(-4% \/ 2 );margin-right: calc(-4% \/ 2 );\"><div class=\"fusion-layout-column fusion_builder_column fusion-builder-column-0 fusion_builder_column_1_1 1_1 fusion-flex-column\" style=\"--awb-bg-size:cover;--awb-width-large:100%;--awb-margin-top-large:0px;--awb-spacing-right-large:1.92%;--awb-margin-bottom-large:0px;--awb-spacing-left-large:1.92%;--awb-width-medium:100%;--awb-spacing-right-medium:1.92%;--awb-spacing-left-medium:1.92%;--awb-width-small:100%;--awb-spacing-right-small:1.92%;--awb-spacing-left-small:1.92%;\"><div class=\"fusion-column-wrapper fusion-flex-justify-content-flex-start fusion-content-layout-column\"><div class=\"fusion-text fusion-text-1\"><ul>\n<li>\n<ul>\n<li><strong>Asesor\u00eda Jur\u00eddica<\/strong><\/li>\n<\/ul>\n<p>El Colegio Oficial de Bi\u00f3logos de Andaluc\u00eda tiene firmado un Convenio de Colaboraci\u00f3n con la <strong>Asesor\u00eda United Abogados y Asesores Tributarios S.L.P.<\/strong>  mediante el cual se compromete a ofrecer asesoramiento jur\u00eddico en las ramas mercantil, civil, laboral, administrativo, fiscal y contable a aquellos colegiados del COBA que se lo soliciten. Esta asesor\u00eda realizar\u00e1 una propuesta especifica de honorarios a los colegiados del COBA que lo demanden tasados con arreglo a las Normas Orientadoras de Honorarios del Ilustre Colegio de Abogados de Sevilla, aplic\u00e1ndoles una reducci\u00f3n entre el 25 % y el 40 % en funci\u00f3n de la complejidad del asunto.<\/p>\n<\/li>\n<li>\n<ul>\n<li><strong>Asesor\u00eda Jur\u00eddico Ambiental<\/strong><\/li>\n<\/ul>\n<p>Existe una enorme cantidad de leyes ambientales, de las cuales muchas son subordinadas o dependientes de otras, por lo que el mundo de normas que rigen el Derecho Ambiental actual es sumamente complejo e incluso ca\u00f3tico.<\/p>\n<p>Hoy en d\u00eda para obtener asesor\u00eda jur\u00eddica, cuando el tiempo apremia y cuando se requiere apenas una gu\u00eda sobre un tema espec\u00edfico, se puede acceder a la asesor\u00eda jur\u00eddica virtual. De esta manera, a trav\u00e9s de nuestra p\u00e1gina web, ofrecemos una ayuda virtual b\u00e1sica en temas jur\u00eddico-ambientales.<\/p>\n<\/p>\n<p><strong>ACCESO A LA LEGISLACI\u00d3N AMBIENTAL<\/strong><\/p>\n<\/p>\n<p>BUSCADORES OFICIALES DE LA UNI\u00d3N EUROPEA<\/p>\n<p>LEGISLACI\u00d3N AMBIENTAL EN L\u00cdNEA. COMISI\u00d3N EUROPEA: BASE DE DATOS DE LEGISLACI\u00d3N hacer <a href=\"https:\/\/eur-lex.europa.eu\/homepage.html?locale=es\" target=\"_blank\" rel=\"noopener noreferrer\">click aqu\u00ed<\/a><\/p>\n<p>REPERTORIO DE LEGISLACI\u00d3N VIGENTE. COMISI\u00d3N EUROPEA: BASE DE DATOS DE LEGISLACI\u00d3N hacer <a href=\"https:\/\/eur-lex.europa.eu\/es\/legis\/index.htm\" target=\"_blank\" rel=\"noopener noreferrer\">click aqu\u00ed<\/a><\/p>\n<p>S\u00cdNTESIS DE LEGISLACI\u00d3N AMBIENTAL. COMISI\u00d3N EUROPEA: BASE DE DATOS DE LEGISLACI\u00d3N hacer <a href=\"https:\/\/eur-lex.europa.eu\/browse\/summaries.html\" target=\"_blank\" rel=\"noopener noreferrer\">click aqu\u00ed<\/a><\/p>\n<p>REPERTORIO DE LEGISLACI\u00d3N EN PREPARACI\u00d3N. COMISI\u00d3N EUROPEA: BASE DE DATOS DE LEGISLACI\u00d3N hacer <a href=\"https:\/\/european-union.europa.eu\/institutions-law-budget\/law\/find-legislation_es\" target=\"_blank\" rel=\"noopener noreferrer\">click aqu\u00ed<\/a><\/p>\n<\/li>\n<\/ul>\n<p><strong> <\/strong><\/p>\n<p><strong> <\/strong><\/p>\n<p><strong> <\/strong><\/p>\n<p><strong> <\/strong><\/p>\n<p><strong> <\/strong><\/p>\n<p><strong> <\/strong><\/p>\n<\/div><\/div><\/div><\/div><\/div>","protected":false},"excerpt":{"rendered":"","protected":false},"author":3,"featured_media":3460,"parent":0,"menu_order":0,"comment_status":"closed","ping_status":"closed","template":"100-width.php","meta":{"iawp_total_views":40,"footnotes":""},"class_list":["post-3297","page","type-page","status-publish","has-post-thumbnail","hentry"],"_links":{"self":[{"href":"https:\/\/cobandalucia.org\/en\/wp-json\/wp\/v2\/pages\/3297","targetHints":{"allow":["GET"]}}],"collection":[{"href":"https:\/\/cobandalucia.org\/en\/wp-json\/wp\/v2\/pages"}],"about":[{"href":"https:\/\/cobandalucia.org\/en\/wp-json\/wp\/v2\/types\/page"}],"author":[{"embeddable":true,"href":"https:\/\/cobandalucia.org\/en\/wp-json\/wp\/v2\/users\/3"}],"replies":[{"embeddable":true,"href":"https:\/\/cobandalucia.org\/en\/wp-json\/wp\/v2\/comments?post=3297"}],"version-history":[{"count":6,"href":"https:\/\/cobandalucia.org\/en\/wp-json\/wp\/v2\/pages\/3297\/revisions"}],"predecessor-version":[{"id":4082,"href":"https:\/\/cobandalucia.org\/en\/wp-json\/wp\/v2\/pages\/3297\/revisions\/4082"}],"wp:featuredmedia":[{"embeddable":true,"href":"https:\/\/cobandalucia.org\/en\/wp-json\/wp\/v2\/media\/3460"}],"wp:attachment":[{"href":"https:\/\/cobandalucia.org\/en\/wp-json\/wp\/v2\/media?parent=3297"}],"curies":[{"name":"wp","href":"https:\/\/api.w.org\/{rel}","templated":true}]}}