{"id":3301,"date":"2024-06-04T06:10:34","date_gmt":"2024-06-04T06:10:34","guid":{"rendered":"http:\/\/cobandalucia.org\/?page_id=3301"},"modified":"2024-10-09T09:46:40","modified_gmt":"2024-10-09T09:46:40","slug":"estatutos","status":"publish","type":"page","link":"https:\/\/cobandalucia.org\/en\/estatutos\/","title":{"rendered":"Estatutos"},"content":{"rendered":"<div class=\"fusion-fullwidth fullwidth-box fusion-builder-row-1 fusion-flex-container nonhundred-percent-fullwidth non-hundred-percent-height-scrolling\" style=\"--awb-border-radius-top-left:0px;--awb-border-radius-top-right:0px;--awb-border-radius-bottom-right:0px;--awb-border-radius-bottom-left:0px;--awb-flex-wrap:wrap;\" ><div class=\"fusion-builder-row fusion-row fusion-flex-align-items-flex-start fusion-flex-content-wrap\" style=\"max-width:1248px;margin-left: calc(-4% \/ 2 );margin-right: calc(-4% \/ 2 );\"><div class=\"fusion-layout-column fusion_builder_column fusion-builder-column-0 fusion_builder_column_1_1 1_1 fusion-flex-column\" style=\"--awb-bg-size:cover;--awb-width-large:100%;--awb-margin-top-large:0px;--awb-spacing-right-large:1.92%;--awb-margin-bottom-large:0px;--awb-spacing-left-large:1.92%;--awb-width-medium:100%;--awb-spacing-right-medium:1.92%;--awb-spacing-left-medium:1.92%;--awb-width-small:100%;--awb-spacing-right-small:1.92%;--awb-spacing-left-small:1.92%;\"><div class=\"fusion-column-wrapper fusion-flex-justify-content-flex-start fusion-content-layout-column\"><div class=\"fusion-text fusion-text-1\"><p>El Colegio Oficial de Bi\u00f3logos de Andaluc\u00eda se rige en el marco de la Ley 2\/1974, de 13 de febrero, sobre Colegios Profesionales, por lo dispuesto en la Ley 10\/2003, de 6 de noviembre, reguladora de los Colegios Profesionales de Andaluc\u00eda, el Decreto 216\/2006, de 12 de diciembre, por el que se aprueba el Reglamento de Colegios Profesionales de Andaluc\u00eda y por los presentes Estatutos.<\/p>\n<p>Sus competencias y actividades no limitar\u00e1n la actividad sindical.<\/p>\n<p>En aras de incorporar la perspectiva de g\u00e9nero la profesi\u00f3n de Bi\u00f3logo, se considerar\u00e1n que forman parte del car\u00e1cter neutro de la profesi\u00f3n el nombre de Bi\u00f3logo presente en el t\u00edtulo de este colegio profesional, entendi\u00e9ndose que el Colegio Oficial de Bi\u00f3logos de Andaluc\u00eda representa tanto a los Bi\u00f3logos como a las Bi\u00f3logas andaluzas.<\/p>\n<p>Aqu\u00ed podr\u00e1n descargarse los Estatutos del Colegio Oficial de Bi\u00f3logos de Andaluc\u00eda:<\/p>\n<p><a href=\"https:\/\/cobandalucia.org\/wp-content\/uploads\/2024\/06\/ESTATUTOS-COBA.pdf\" target=\"_blank\" rel=\"noopener noreferrer\">ESTATUTOS COBA<\/a><\/p>\n<\/div><\/div><\/div><\/div><\/div>","protected":false},"excerpt":{"rendered":"","protected":false},"author":3,"featured_media":3453,"parent":0,"menu_order":0,"comment_status":"closed","ping_status":"closed","template":"100-width.php","meta":{"iawp_total_views":290,"footnotes":""},"class_list":["post-3301","page","type-page","status-publish","has-post-thumbnail","hentry"],"_links":{"self":[{"href":"https:\/\/cobandalucia.org\/en\/wp-json\/wp\/v2\/pages\/3301","targetHints":{"allow":["GET"]}}],"collection":[{"href":"https:\/\/cobandalucia.org\/en\/wp-json\/wp\/v2\/pages"}],"about":[{"href":"https:\/\/cobandalucia.org\/en\/wp-json\/wp\/v2\/types\/page"}],"author":[{"embeddable":true,"href":"https:\/\/cobandalucia.org\/en\/wp-json\/wp\/v2\/users\/3"}],"replies":[{"embeddable":true,"href":"https:\/\/cobandalucia.org\/en\/wp-json\/wp\/v2\/comments?post=3301"}],"version-history":[{"count":6,"href":"https:\/\/cobandalucia.org\/en\/wp-json\/wp\/v2\/pages\/3301\/revisions"}],"predecessor-version":[{"id":3779,"href":"https:\/\/cobandalucia.org\/en\/wp-json\/wp\/v2\/pages\/3301\/revisions\/3779"}],"wp:featuredmedia":[{"embeddable":true,"href":"https:\/\/cobandalucia.org\/en\/wp-json\/wp\/v2\/media\/3453"}],"wp:attachment":[{"href":"https:\/\/cobandalucia.org\/en\/wp-json\/wp\/v2\/media?parent=3301"}],"curies":[{"name":"wp","href":"https:\/\/api.w.org\/{rel}","templated":true}]}}