{"id":3304,"date":"2024-06-04T06:16:54","date_gmt":"2024-06-04T06:16:54","guid":{"rendered":"http:\/\/cobandalucia.org\/?page_id=3304"},"modified":"2024-11-04T18:01:30","modified_gmt":"2024-11-04T18:01:30","slug":"grupos-infocoba","status":"publish","type":"page","link":"https:\/\/cobandalucia.org\/en\/grupos-infocoba\/","title":{"rendered":"Grupos InfoCOBA"},"content":{"rendered":"<div class=\"fusion-fullwidth fullwidth-box fusion-builder-row-1 fusion-flex-container nonhundred-percent-fullwidth non-hundred-percent-height-scrolling\" style=\"--awb-border-radius-top-left:0px;--awb-border-radius-top-right:0px;--awb-border-radius-bottom-right:0px;--awb-border-radius-bottom-left:0px;--awb-flex-wrap:wrap;\" ><div class=\"fusion-builder-row fusion-row fusion-flex-align-items-flex-start fusion-flex-content-wrap\" style=\"max-width:1248px;margin-left: calc(-4% \/ 2 );margin-right: calc(-4% \/ 2 );\"><div class=\"fusion-layout-column fusion_builder_column fusion-builder-column-0 fusion_builder_column_1_1 1_1 fusion-flex-column\" style=\"--awb-bg-blend:overlay;--awb-bg-size:cover;--awb-width-large:100%;--awb-margin-top-large:0px;--awb-spacing-right-large:1.92%;--awb-margin-bottom-large:0px;--awb-spacing-left-large:1.92%;--awb-width-medium:100%;--awb-spacing-right-medium:1.92%;--awb-spacing-left-medium:1.92%;--awb-width-small:100%;--awb-spacing-right-small:1.92%;--awb-spacing-left-small:1.92%;\"><div class=\"fusion-column-wrapper fusion-flex-justify-content-flex-start fusion-content-layout-column\"><div class=\"fusion-text fusion-text-1\"><p>El colegio Oficial de Bi\u00f3logos de Andaluc\u00eda ha puesto en marcha un proyecto en colaboraci\u00f3n con las Universidades, relacionado con la creaci\u00f3n de los \u201cPuntos InfoCOBA\u201d.<\/p>\n<p>La idea es que un grupo de 3-5 estudiantes por cada Facultad act\u00faen como colaboradores que sirvan de puente entre los estudiantes de grado y el COBA.<\/p>\n<p>Cada uno de los miembros de los grupos infoCOBA recibir\u00e1n cada a\u00f1o un certificado del Colegio Oficial de Bi\u00f3logos de Andaluc\u00eda que acredite su colaboraci\u00f3n con el Colegio y pueda servirle para su curriculum.<\/p>\n<p>Objetivos:<\/p>\n<ul>\n<li>Todos aquellos estudiantes que tengan inquietudes, ideas o propuestas relacionadas con la biolog\u00eda y su \u00e1rea profesional puedan reunirse en un punto f\u00edsico de la universidad donde debatir, proponer, y al mismo tiempo informarse de las actividades, que se desarrollan desde el COBA.<\/li>\n<li>Informar a los estudiantes y reci\u00e9n titulados de las ventajas que ofrece la Precolegiaci\u00f3n y la Colegiaci\u00f3n como primer paso a la defensa de la profesi\u00f3n de la Biolog\u00eda.<\/li>\n<li>Proponer, evaluar y colaborar en actividades con los estudiantes, y con otros departamentos, que ayuden a visualizar y dar valor a la profesi\u00f3n de la Biolog\u00eda.<\/li>\n<\/ul>\n<p>Con esta idea queremos:<\/p>\n<p>&#8211; crear ilusi\u00f3n en la mente de los futuros bi\u00f3logos sobre su futuro<\/p>\n<p>&#8211; informar a los estudiantes de grado de las salidas profesionales<\/p>\n<p>&#8211; ayudar a dar VALOR a la Profesi\u00f3n del Bi\u00f3logo: \u201c<em>Juntos somos m\u00e1s<\/em>\u201d<\/p>\n<p>&#8211; reforzar el corporativismo del Bi\u00f3logo\/a y la pertenencia a un sector profesional en alza en el siglo XXI<\/p>\n<p>&#8211; que los estudiantes, los reci\u00e9n egresados y los profesionales, vean en el COBA a un aliado que defiende oficialmente sus intereses profesionales.<\/p>\n<p>&#8211; Fomentar la \u201cPASI\u00d3N POR LA BIOLOGIA\u201d.<\/p>\n<p>Si deseas contactar con algunos de los grupos de tu facultad, puedes ponerte en contacto con ellos a trav\u00e9s de los siguientes correos:<\/p>\n<p>Facultad de Ja\u00e9n: <a href=\"mailto:infocoba.uja@cobandalucia.org\" target=\"_blank\" rel=\"noopener noreferrer\">infocoba.uja@cobandalucia.org<\/a><\/p>\n<p>Facultad de M\u00e1laga: <a href=\"mailto:infocoba.uma@cobandalucia.org\" target=\"_blank\" rel=\"noopener noreferrer\">infocoba.uma@cobandalucia.org<\/a><\/p>\n<p>Facultad de Granada: <a href=\"mailto:infocoba.ugr@cobandalucia.org\" target=\"_blank\" rel=\"noopener noreferrer\">infocoba.ugr@cobandalucia.org<\/a><\/p>\n<p>Facultad de Sevilla: <a href=\"mailto:infocoba.us@cobandalucia.org\" target=\"_blank\" rel=\"noopener noreferrer\">infocoba.us@cobandalucia.org<\/a><\/p>\n<\/div><\/div><\/div><\/div><\/div>","protected":false},"excerpt":{"rendered":"","protected":false},"author":3,"featured_media":0,"parent":0,"menu_order":0,"comment_status":"closed","ping_status":"closed","template":"100-width.php","meta":{"iawp_total_views":181,"footnotes":""},"class_list":["post-3304","page","type-page","status-publish","hentry"],"_links":{"self":[{"href":"https:\/\/cobandalucia.org\/en\/wp-json\/wp\/v2\/pages\/3304","targetHints":{"allow":["GET"]}}],"collection":[{"href":"https:\/\/cobandalucia.org\/en\/wp-json\/wp\/v2\/pages"}],"about":[{"href":"https:\/\/cobandalucia.org\/en\/wp-json\/wp\/v2\/types\/page"}],"author":[{"embeddable":true,"href":"https:\/\/cobandalucia.org\/en\/wp-json\/wp\/v2\/users\/3"}],"replies":[{"embeddable":true,"href":"https:\/\/cobandalucia.org\/en\/wp-json\/wp\/v2\/comments?post=3304"}],"version-history":[{"count":8,"href":"https:\/\/cobandalucia.org\/en\/wp-json\/wp\/v2\/pages\/3304\/revisions"}],"predecessor-version":[{"id":3907,"href":"https:\/\/cobandalucia.org\/en\/wp-json\/wp\/v2\/pages\/3304\/revisions\/3907"}],"wp:attachment":[{"href":"https:\/\/cobandalucia.org\/en\/wp-json\/wp\/v2\/media?parent=3304"}],"curies":[{"name":"wp","href":"https:\/\/api.w.org\/{rel}","templated":true}]}}