{"id":3306,"date":"2024-06-04T06:17:29","date_gmt":"2024-06-04T06:17:29","guid":{"rendered":"http:\/\/cobandalucia.org\/?page_id=3306"},"modified":"2025-01-08T10:50:23","modified_gmt":"2025-01-08T10:50:23","slug":"comision-de-recursos","status":"publish","type":"page","link":"https:\/\/cobandalucia.org\/en\/comision-de-recursos\/","title":{"rendered":"Comisi\u00f3n de Recursos"},"content":{"rendered":"<p>Comisi\u00f3n de Recurso<\/p>\n<p>&nbsp;<\/p>\n<ol>\n<li>La Comisi\u00f3n de Recursos del Colegio Oficial de Bi\u00f3logos de Andaluc\u00eda estar\u00e1 compuesta por cinco miembros, cuatro de ellos pertenecientes al Colegio y el restante ser\u00e1 contratado para ello entre letrados en ejercicio de la profesi\u00f3n. As\u00ed mismo se nombrar\u00e1n dos suplentes, uno perteneciente al Colegio Profesional y otro que no lo sea.<\/li>\n<li>Los miembros de la Comisi\u00f3n de Recursos se elegir\u00e1n por la Junta de Gobierno, debi\u00e9ndose someter a la posterior aprobaci\u00f3n de la Junta General. Los miembros de la Comisi\u00f3n de Recursos no podr\u00e1n ser instructores de ning\u00fan expediente y no estar\u00e1n sometidos jer\u00e1rquicamente a ning\u00fan \u00f3rgano del Colegio.<\/li>\n<li>Ser\u00e1 competencia de la Comisi\u00f3n de Recursos la resoluci\u00f3n de los recursos que se interpongan contra las resoluciones, actos o disposiciones de todos los \u00f3rganos colegiales.<\/li>\n<li>La Comisi\u00f3n se regir\u00e1n por los presentes Estatutos, la ley 10\/2003 reguladora de los Colegios Profesionales de Andaluc\u00eda y la ley 30\/92 de 26 de noviembre, de R\u00e9gimen Jur\u00eddico de las Administraciones P\u00fablicas y del Procedimiento Administrativo Com\u00fan, as\u00ed como por su reglamento interno. En todo caso las decisiones se tomar\u00e1n por mayor\u00eda de sus miembros.<\/li>\n<\/ol>\n<p>&nbsp;<\/p>\n<p>(Art\u00edculo 70. Comisi\u00f3n de Recursos. Estatutos del COBA)<\/p>\n<p><img decoding=\"async\" class=\"lazyload alignnone wp-image-4063 size-full\" src=\"https:\/\/cobandalucia.org\/wp-content\/uploads\/2025\/01\/Art.-70.jpg\" data-orig-src=\"https:\/\/cobandalucia.org\/wp-content\/uploads\/2025\/01\/Art.-70.jpg\" alt=\"\" width=\"822\" height=\"342\" srcset=\"data:image\/svg+xml,%3Csvg%20xmlns%3D%27http%3A%2F%2Fwww.w3.org%2F2000%2Fsvg%27%20width%3D%27822%27%20height%3D%27342%27%20viewBox%3D%270%200%20822%20342%27%3E%3Crect%20width%3D%27822%27%20height%3D%27342%27%20fill-opacity%3D%220%22%2F%3E%3C%2Fsvg%3E\" data-srcset=\"https:\/\/cobandalucia.org\/wp-content\/uploads\/2025\/01\/Art.-70-18x7.jpg 18w, https:\/\/cobandalucia.org\/wp-content\/uploads\/2025\/01\/Art.-70-200x83.jpg 200w, https:\/\/cobandalucia.org\/wp-content\/uploads\/2025\/01\/Art.-70-300x125.jpg 300w, https:\/\/cobandalucia.org\/wp-content\/uploads\/2025\/01\/Art.-70-400x166.jpg 400w, https:\/\/cobandalucia.org\/wp-content\/uploads\/2025\/01\/Art.-70-500x208.jpg 500w, https:\/\/cobandalucia.org\/wp-content\/uploads\/2025\/01\/Art.-70-600x250.jpg 600w, https:\/\/cobandalucia.org\/wp-content\/uploads\/2025\/01\/Art.-70-700x291.jpg 700w, https:\/\/cobandalucia.org\/wp-content\/uploads\/2025\/01\/Art.-70-768x320.jpg 768w, https:\/\/cobandalucia.org\/wp-content\/uploads\/2025\/01\/Art.-70-800x333.jpg 800w, https:\/\/cobandalucia.org\/wp-content\/uploads\/2025\/01\/Art.-70.jpg 822w\" data-sizes=\"auto\" data-orig-sizes=\"(max-width: 822px) 100vw, 822px\" \/><\/p>\n<p>&nbsp;<\/p>","protected":false},"excerpt":{"rendered":"<p>Comisi\u00f3n de Recurso &nbsp; La Comisi\u00f3n de Recursos del Colegio  [&#8230;]<\/p>\n","protected":false},"author":3,"featured_media":1114,"parent":0,"menu_order":0,"comment_status":"closed","ping_status":"closed","template":"100-width.php","meta":{"iawp_total_views":45,"footnotes":""},"class_list":["post-3306","page","type-page","status-publish","has-post-thumbnail","hentry"],"_links":{"self":[{"href":"https:\/\/cobandalucia.org\/en\/wp-json\/wp\/v2\/pages\/3306","targetHints":{"allow":["GET"]}}],"collection":[{"href":"https:\/\/cobandalucia.org\/en\/wp-json\/wp\/v2\/pages"}],"about":[{"href":"https:\/\/cobandalucia.org\/en\/wp-json\/wp\/v2\/types\/page"}],"author":[{"embeddable":true,"href":"https:\/\/cobandalucia.org\/en\/wp-json\/wp\/v2\/users\/3"}],"replies":[{"embeddable":true,"href":"https:\/\/cobandalucia.org\/en\/wp-json\/wp\/v2\/comments?post=3306"}],"version-history":[{"count":5,"href":"https:\/\/cobandalucia.org\/en\/wp-json\/wp\/v2\/pages\/3306\/revisions"}],"predecessor-version":[{"id":4064,"href":"https:\/\/cobandalucia.org\/en\/wp-json\/wp\/v2\/pages\/3306\/revisions\/4064"}],"wp:featuredmedia":[{"embeddable":true,"href":"https:\/\/cobandalucia.org\/en\/wp-json\/wp\/v2\/media\/1114"}],"wp:attachment":[{"href":"https:\/\/cobandalucia.org\/en\/wp-json\/wp\/v2\/media?parent=3306"}],"curies":[{"name":"wp","href":"https:\/\/api.w.org\/{rel}","templated":true}]}}