{"id":3308,"date":"2024-06-04T06:17:46","date_gmt":"2024-06-04T06:17:46","guid":{"rendered":"http:\/\/cobandalucia.org\/?page_id=3308"},"modified":"2025-01-08T10:51:33","modified_gmt":"2025-01-08T10:51:33","slug":"censores-de-cuentas","status":"publish","type":"page","link":"https:\/\/cobandalucia.org\/en\/censores-de-cuentas\/","title":{"rendered":"Censores de Cuentas"},"content":{"rendered":"<p>Censores de Cuentas<\/p>\n<p>&nbsp;<\/p>\n<ol>\n<li>Con antelaci\u00f3n a la celebraci\u00f3n de la Junta General ordinaria, la Junta de Gobierno del Colegio Oficial de Bi\u00f3logos de Andaluc\u00eda deber\u00e1 someter el balance econ\u00f3mico del ejercicio anterior a los censores de cuentas, que tendr\u00e1n a su disposici\u00f3n, m\u00ednimo quince d\u00edas antes de que tenga lugar la Junta General y para la comprobaci\u00f3n de cuentas, las del ejercicio liquidado, los justificantes de ingresos y gastos, \u00f3rdenes de pago correspondientes y, en su caso, los acuerdos determinantes de los mismos. Ante ellos se presentar\u00e1n, por los colegiados, hasta siete d\u00edas anteriores a la fecha de la Junta General las reclamaciones por presuntas irregularidades en las citadas cuentas. Los censores informar\u00e1n por escrito a la Junta General sobre la estimaci\u00f3n o desestimaci\u00f3n de estas reclamaciones.<\/li>\n<\/ol>\n<p>&nbsp;<\/p>\n<ol start=\"2\">\n<li>Los censores se designar\u00e1n de modo autom\u00e1tico, tomando una lista completa del conjunto de los colegiados. Esta lista, hecha p\u00fablica previamente por el Colegio, se dividir\u00e1 en dos mitades, siendo Censor titular el primer colegiado de cada una de ellas y el segundo suplente. El cargo de censor es incompatible con el de miembro de la Junta de Gobierno. La lista confeccionada a estos efectos tendr\u00e1, como n\u00famero uno al colegiado cuyo primer apellido, por orden alfab\u00e9tico, comience por la primera letra del alfabeto, el primer a\u00f1o; el segundo a\u00f1o, corresponder\u00e1 el n\u00famero uno de la lista al colegiado cuyo primer apellido comience por la segunda letra del alfabeto y as\u00ed sucesivamente. En el caso de que alg\u00fan colegiado hubiera actuado en alguna ocasi\u00f3n como censor, correr\u00e1 autom\u00e1ticamente el turno al siguiente en la lista, de los que no hayan nunca actuado como tales.<\/li>\n<\/ol>\n<p>&nbsp;<\/p>\n<p>( <em>Art\u00edculo 60. Censores de Cuentas. Estatutos COBA)<\/em><\/p>\n<p><img decoding=\"async\" class=\"lazyload alignnone wp-image-4062 size-full\" src=\"https:\/\/cobandalucia.org\/wp-content\/uploads\/2025\/01\/Art.-60.jpg\" data-orig-src=\"https:\/\/cobandalucia.org\/wp-content\/uploads\/2025\/01\/Art.-60.jpg\" alt=\"\" width=\"770\" height=\"383\" srcset=\"data:image\/svg+xml,%3Csvg%20xmlns%3D%27http%3A%2F%2Fwww.w3.org%2F2000%2Fsvg%27%20width%3D%27770%27%20height%3D%27383%27%20viewBox%3D%270%200%20770%20383%27%3E%3Crect%20width%3D%27770%27%20height%3D%27383%27%20fill-opacity%3D%220%22%2F%3E%3C%2Fsvg%3E\" data-srcset=\"https:\/\/cobandalucia.org\/wp-content\/uploads\/2025\/01\/Art.-60-18x9.jpg 18w, https:\/\/cobandalucia.org\/wp-content\/uploads\/2025\/01\/Art.-60-200x99.jpg 200w, https:\/\/cobandalucia.org\/wp-content\/uploads\/2025\/01\/Art.-60-300x149.jpg 300w, https:\/\/cobandalucia.org\/wp-content\/uploads\/2025\/01\/Art.-60-400x199.jpg 400w, https:\/\/cobandalucia.org\/wp-content\/uploads\/2025\/01\/Art.-60-500x249.jpg 500w, https:\/\/cobandalucia.org\/wp-content\/uploads\/2025\/01\/Art.-60-600x298.jpg 600w, https:\/\/cobandalucia.org\/wp-content\/uploads\/2025\/01\/Art.-60-700x348.jpg 700w, https:\/\/cobandalucia.org\/wp-content\/uploads\/2025\/01\/Art.-60-768x382.jpg 768w, https:\/\/cobandalucia.org\/wp-content\/uploads\/2025\/01\/Art.-60.jpg 770w\" data-sizes=\"auto\" data-orig-sizes=\"(max-width: 770px) 100vw, 770px\" \/><\/p>","protected":false},"excerpt":{"rendered":"<p>Censores de Cuentas &nbsp; Con antelaci\u00f3n a la celebraci\u00f3n de  [&#8230;]<\/p>\n","protected":false},"author":3,"featured_media":0,"parent":0,"menu_order":0,"comment_status":"closed","ping_status":"closed","template":"100-width.php","meta":{"iawp_total_views":35,"footnotes":""},"class_list":["post-3308","page","type-page","status-publish","hentry"],"_links":{"self":[{"href":"https:\/\/cobandalucia.org\/en\/wp-json\/wp\/v2\/pages\/3308","targetHints":{"allow":["GET"]}}],"collection":[{"href":"https:\/\/cobandalucia.org\/en\/wp-json\/wp\/v2\/pages"}],"about":[{"href":"https:\/\/cobandalucia.org\/en\/wp-json\/wp\/v2\/types\/page"}],"author":[{"embeddable":true,"href":"https:\/\/cobandalucia.org\/en\/wp-json\/wp\/v2\/users\/3"}],"replies":[{"embeddable":true,"href":"https:\/\/cobandalucia.org\/en\/wp-json\/wp\/v2\/comments?post=3308"}],"version-history":[{"count":3,"href":"https:\/\/cobandalucia.org\/en\/wp-json\/wp\/v2\/pages\/3308\/revisions"}],"predecessor-version":[{"id":4065,"href":"https:\/\/cobandalucia.org\/en\/wp-json\/wp\/v2\/pages\/3308\/revisions\/4065"}],"wp:attachment":[{"href":"https:\/\/cobandalucia.org\/en\/wp-json\/wp\/v2\/media?parent=3308"}],"curies":[{"name":"wp","href":"https:\/\/api.w.org\/{rel}","templated":true}]}}