{"id":3312,"date":"2024-06-04T06:18:50","date_gmt":"2024-06-04T06:18:50","guid":{"rendered":"http:\/\/cobandalucia.org\/?page_id=3312"},"modified":"2024-10-10T07:01:32","modified_gmt":"2024-10-10T07:01:32","slug":"codigo-deontologico","status":"publish","type":"page","link":"https:\/\/cobandalucia.org\/en\/codigo-deontologico\/","title":{"rendered":"C\u00f3digo Deontol\u00f3gico"},"content":{"rendered":"<div class=\"fusion-fullwidth fullwidth-box fusion-builder-row-1 fusion-flex-container nonhundred-percent-fullwidth non-hundred-percent-height-scrolling\" style=\"--awb-border-radius-top-left:0px;--awb-border-radius-top-right:0px;--awb-border-radius-bottom-right:0px;--awb-border-radius-bottom-left:0px;--awb-flex-wrap:wrap;\" ><div class=\"fusion-builder-row fusion-row fusion-flex-align-items-flex-start fusion-flex-content-wrap\" style=\"max-width:1248px;margin-left: calc(-4% \/ 2 );margin-right: calc(-4% \/ 2 );\"><div class=\"fusion-layout-column fusion_builder_column fusion-builder-column-0 fusion_builder_column_1_1 1_1 fusion-flex-column\" style=\"--awb-bg-size:cover;--awb-width-large:100%;--awb-margin-top-large:0px;--awb-spacing-right-large:1.92%;--awb-margin-bottom-large:0px;--awb-spacing-left-large:1.92%;--awb-width-medium:100%;--awb-spacing-right-medium:1.92%;--awb-spacing-left-medium:1.92%;--awb-width-small:100%;--awb-spacing-right-small:1.92%;--awb-spacing-left-small:1.92%;\"><div class=\"fusion-column-wrapper fusion-flex-justify-content-flex-start fusion-content-layout-column\"><div class=\"fusion-text fusion-text-1\"><p>La Deontolog\u00eda Profesional determina los deberes que son m\u00ednimamente exigibles a los profesionales en el desempe\u00f1o de su actividad. Es, pues, una \u00e9tica aceptada, aprobada y aplicada por el colectivo profesional, la cual se desarrolla sobre un c\u00f3digo de conducta, una tipificaci\u00f3n de infracciones, un sistema de recepci\u00f3n y an\u00e1lisis de consultas, propuestas o quejas, un procedimiento de enjuiciamiento, y finalmente, si procede aplicarlo, un sistema de sanciones. Este C\u00f3digo de \u00c9tica Profesional es un reconocimiento colectivo de la responsabilidad de los profesionales individuales.<\/p>\n<\/p>\n<p>Aqu\u00ed puedes ver m\u00e1s:<\/p>\n<p><a href=\"https:\/\/cgcob.es\/codigo-deontologico\/rs-76-21-cg-codigo-deontologico-cgcob-2\/\" target=\"_blank\" rel=\"noopener noreferrer\">RS 76- 21 CG C\u00f3digo Deontol\u00f3gico CGCOB<\/a><\/p>\n<\/div><\/div><\/div><\/div><\/div>","protected":false},"excerpt":{"rendered":"","protected":false},"author":3,"featured_media":3458,"parent":0,"menu_order":0,"comment_status":"closed","ping_status":"closed","template":"100-width.php","meta":{"iawp_total_views":90,"footnotes":""},"class_list":["post-3312","page","type-page","status-publish","has-post-thumbnail","hentry"],"_links":{"self":[{"href":"https:\/\/cobandalucia.org\/en\/wp-json\/wp\/v2\/pages\/3312","targetHints":{"allow":["GET"]}}],"collection":[{"href":"https:\/\/cobandalucia.org\/en\/wp-json\/wp\/v2\/pages"}],"about":[{"href":"https:\/\/cobandalucia.org\/en\/wp-json\/wp\/v2\/types\/page"}],"author":[{"embeddable":true,"href":"https:\/\/cobandalucia.org\/en\/wp-json\/wp\/v2\/users\/3"}],"replies":[{"embeddable":true,"href":"https:\/\/cobandalucia.org\/en\/wp-json\/wp\/v2\/comments?post=3312"}],"version-history":[{"count":3,"href":"https:\/\/cobandalucia.org\/en\/wp-json\/wp\/v2\/pages\/3312\/revisions"}],"predecessor-version":[{"id":3797,"href":"https:\/\/cobandalucia.org\/en\/wp-json\/wp\/v2\/pages\/3312\/revisions\/3797"}],"wp:featuredmedia":[{"embeddable":true,"href":"https:\/\/cobandalucia.org\/en\/wp-json\/wp\/v2\/media\/3458"}],"wp:attachment":[{"href":"https:\/\/cobandalucia.org\/en\/wp-json\/wp\/v2\/media?parent=3312"}],"curies":[{"name":"wp","href":"https:\/\/api.w.org\/{rel}","templated":true}]}}