{"id":3318,"date":"2024-06-04T06:20:30","date_gmt":"2024-06-04T06:20:30","guid":{"rendered":"http:\/\/cobandalucia.org\/?page_id=3318"},"modified":"2025-01-08T13:09:59","modified_gmt":"2025-01-08T13:09:59","slug":"certificado-de-biologo-sanitario","status":"publish","type":"page","link":"https:\/\/cobandalucia.org\/en\/certificado-de-biologo-sanitario\/","title":{"rendered":"Certificado de Bi\u00f3logo Sanitario"},"content":{"rendered":"<div class=\"fusion-fullwidth fullwidth-box fusion-builder-row-1 fusion-flex-container nonhundred-percent-fullwidth non-hundred-percent-height-scrolling\" style=\"--awb-border-radius-top-left:0px;--awb-border-radius-top-right:0px;--awb-border-radius-bottom-right:0px;--awb-border-radius-bottom-left:0px;--awb-flex-wrap:wrap;\" ><div class=\"fusion-builder-row fusion-row fusion-flex-align-items-flex-start fusion-flex-content-wrap\" style=\"max-width:1248px;margin-left: calc(-4% \/ 2 );margin-right: calc(-4% \/ 2 );\"><div class=\"fusion-layout-column fusion_builder_column fusion-builder-column-0 fusion_builder_column_1_1 1_1 fusion-flex-column\" style=\"--awb-bg-size:cover;--awb-width-large:100%;--awb-margin-top-large:0px;--awb-spacing-right-large:1.92%;--awb-margin-bottom-large:0px;--awb-spacing-left-large:1.92%;--awb-width-medium:100%;--awb-spacing-right-medium:1.92%;--awb-spacing-left-medium:1.92%;--awb-width-small:100%;--awb-spacing-right-small:1.92%;--awb-spacing-left-small:1.92%;\"><div class=\"fusion-column-wrapper fusion-flex-justify-content-flex-start fusion-content-layout-column\"><div class=\"fusion-text fusion-text-1\"><h1 data-fusion-font=\"true\" style=\"font-size: 40px;\">SOLICITAR<\/h1>\n<h1 data-fusion-font=\"true\" style=\"font-size: 40px;\">CERTIFICADO BI\u00d3LOGO SANITARIO<\/h1>\n<\/p>\n<p><strong>!! YA PUEDES ENVIARNOS TUS DOCUMENTOS !!!<\/strong><\/p>\n<\/p>\n<p>En el Pleno del CGCOB de 19 de noviembre de 2022, en el punto 6 del orden del d\u00eda, se aprob\u00f3 la <strong>CERTIFICACI\u00d3N DE BI\u00d3LOGO SANITARIO<\/strong> (documento RS 119-22 CG adjunto, <strong><a href=\"https:\/\/www.juntadeandalucia.es\/boja\/2023\/128\/82\" target=\"_blank\" rel=\"noopener\">BOJA N\u00famero 128 &#8211; Jueves, 6 de julio de 2023<\/a><\/strong> ), <strong>con el objetivo de acreditar y certificar la correcta formaci\u00f3n y competencias de los colegiados que lleven a cabo tareas sanitarias sin tener una especialidad sanitaria, y que por lo tanto no est\u00e1n reconocidos como Profesionales Sanitarios.<\/strong><\/p>\n<\/p>\n<p><strong>A QUI\u00c9N VA DIRIGIDO<\/strong><\/p>\n<ul>\n<li>Se conceder\u00e1 a todos aquellos colegiados en Colegios Oficiales de Bi\u00f3logos de \u00e1mbito nacional, con una colegiaci\u00f3n no inferior a 6 meses y que est\u00e9n ejerciendo su actividad profesional en centros privados o en centros, establecimientos y servicios del Sistema Nacional de Salud o concertados con \u00e9l, en centros de investigaci\u00f3n y en centros con docencia sanitaria as\u00ed como aquellos centros p\u00fablicos o privados extranjeros con actividad sanitaria reconocida y desarrollando las funciones propias de bi\u00f3logo\/a sanitario\/a.<\/li>\n<\/ul>\n<p><strong>FINALIDAD DEL CERTIFICADO:<\/strong><\/p>\n<ul>\n<li>La defensa de los intereses profesionales de los colegiados que desarrollan su actividad en centros sanitarios**.<\/li>\n<li>Proteger los intereses de los usuarios de la sanidad atendidos por nuestro colectivo.<\/li>\n<li>Conseguir ser reconocidos como Bi\u00f3logos Sanitarios por el Ministerio de Sanidad.<\/li>\n<li>Reunir las estad\u00edsticas y datos del n\u00famero de bi\u00f3logos que trabajan en Sanidad (requerido por la administraci\u00f3n)<\/li>\n<li>Conseguir la inclusi\u00f3n en el Registro Estatal de Profesionales Sanitarios (REPS), lo que permitir\u00e1 entre otras cosas la libre circulaci\u00f3n en Europa.<\/li>\n<li>Conseguir que los contratos laborales sean como sanitarios y no de otro tipo, algo que ocurre frecuentemente.<\/li>\n<li>Conseguir que se trabaje libremente en Sanidad sin depender de otros profesionales sanitarios.<\/li>\n<li>En una palabra, solucionar todos aquellos problemas que hayan surgido en la vida profesional sanitaria de los colegiados no reconocidos como tales.<\/li>\n<\/ul>\n<p><strong>C\u00d3MO SOLICITARLO<\/strong><\/p>\n<ul>\n<li>En el documento adjunto se describe el procedimiento y se detalla que se conceder\u00e1 a todos aquellos colegiados con una colegiaci\u00f3n no inferior a 6 meses y que est\u00e9n ejerciendo su actividad profesional en centros privados o en centros, establecimientos y servicios del Sistema Nacional de Salud o concertados con \u00e9l, en centros de investigaci\u00f3n sanitaria y en centros con docencia sanitaria as\u00ed como aquellos centros p\u00fablicos o privados extranjeros con actividad sanitaria reconocida y desarrollando las funciones propias de bi\u00f3logo\/a sanitario\/a**. Se adjunta tambi\u00e9n modelo de Certificado para los responsables de estos centro<\/li>\n<\/ul>\n<div><strong>C\u00d3MO SE EVAL\u00daAN LAS SOLICITUDES<\/strong><\/div>\n<ul>\n<li>En el documento aprobado en el Pleno se detalla que habr\u00e1 una \u201cComisi\u00f3n de Certificaci\u00f3n de Bi\u00f3logo Sanitario del Consejo General de Colegios Oficiales de Bi\u00f3logos\u201d que evaluar\u00e1 las solicitudes presentadas por cada Colegio Territorial. En \u00e9stos, se organizar\u00e1 un \u201cTribunal Calificador con expertos de reconocido prestigio en la materia y con un m\u00ednimo de tres miembros\u201d que realizar\u00e1 un listado en el que tan solo figurar\u00e1n los solicitantes como aptos o no aptos, siendo aptos aquellos colegiados que cumplan con las condiciones establecidas. En caso de duda, se podr\u00e1 solicitar si fuera necesario informaci\u00f3n complementaria. Este listado se elevar\u00e1 a la Comisi\u00f3n de Certificaci\u00f3n desde cada Colegio Territorial a trav\u00e9s de la Secretar\u00eda del Consejo.<\/li>\n<\/ul>\n<ul>\n<li>Imprescindible firmar la <strong>POLITICA DE PRIVACIDAD<\/strong> (se adjunta documento)<\/li>\n<\/ul>\n<p><b>TASAS: 30 \u20ac<\/b>. Desde el momento que se solicita el Certificado, se cobrar\u00e1 de antemano la tasa.<\/p>\n<\/p>\n<p>* ENVIANOS TUS DOCUMENTOS A: <strong><a href=\"mailto:oficina@cobandalucia.org\" target=\"_blank\" rel=\"noopener noreferrer\">oficina@cobandalucia.org<\/a><\/strong><\/p>\n<\/p>\n<p><span style=\"color: var(--h3_typography-color); font-family: var(--h3_typography-font-family); font-size: var(--h3_typography-font-size); font-style: var(--h3_typography-font-style,normal); font-weight: var(--h3_typography-font-weight); letter-spacing: var(--h3_typography-letter-spacing); text-transform: var(--h3_typography-text-transform); text-align: var(--awb-content-alignment); background-color: var(--awb-bg-color-hover);\">Documentos relacionados<\/span><\/p>\n<p><a href=\"https:\/\/cobandalucia.org\/wp-content\/uploads\/2025\/01\/CERTIFICADO-DE-CENTROS-O-SERVICIOS-SANITARIOS.pdf\" target=\"_blank\" rel=\"noopener noreferrer\">MODELO CERTIFICADO PARA JEFES O RESPONSABLES DE CENTROS AL CBS<\/a><br \/>\n<a href=\"https:\/\/cobandalucia.org\/wp-content\/uploads\/2025\/01\/567.pdf\" target=\"_blank\" rel=\"noopener noreferrer\">CERTIFICACION BI\u00d3LOGO SANITARIO<\/a><br \/>\n<a href=\"https:\/\/cobandalucia.org\/wp-content\/uploads\/2025\/01\/POLITICA-PRIVACIDAD-CGCOB.pdf\" target=\"_blank\" rel=\"noopener noreferrer\">POLITICA DE PRIVACIDAD<\/a><br \/>\n<a href=\"https:\/\/cobandalucia.org\/wp-content\/uploads\/2025\/01\/Carta-para-los-colegiados-que-trabajan-en-Sanidad.pdf\" target=\"_blank\" rel=\"noopener noreferrer\">CARTA PARA LOS COLEGIADOS QUE TRABAJAN EN SANIDAD<\/a><br \/>\n<a href=\"https:\/\/www.juntadeandalucia.es\/boja\/2023\/128\/BOJA23-128-00018-11432-01_00286463.pdf\" target=\"_blank\" rel=\"noopener noreferrer\">BOJA n\u00famero 128 de 06\/07\/2023<\/a><br \/>\n<a href=\"https:\/\/cobandalucia.org\/wp-content\/uploads\/2025\/01\/RS-119-22-CG-2022-12-19-Certificacion-Biologo-Sanitario-modif.pdf\" target=\"_blank\" rel=\"noopener noreferrer\">NUEVA Modificaci\u00f3n del documento de Certificaci\u00f3n de Bi\u00f3logo Sanitario<\/a><\/p>\n<p>M\u00e1s informaci\u00f3n del Certificado Bi\u00f3logo Sanitario en : <a href=\"https:\/\/cgcob.es\/certificacion-biologo-sanitario\/\" target=\"_blank\" rel=\"noopener noreferrer\">P\u00e1gina del Consejo<\/a><\/p>\n<\/div><\/div><\/div><\/div><\/div>","protected":false},"excerpt":{"rendered":"","protected":false},"author":3,"featured_media":2728,"parent":0,"menu_order":0,"comment_status":"closed","ping_status":"closed","template":"100-width.php","meta":{"iawp_total_views":465,"footnotes":""},"class_list":["post-3318","page","type-page","status-publish","has-post-thumbnail","hentry"],"_links":{"self":[{"href":"https:\/\/cobandalucia.org\/en\/wp-json\/wp\/v2\/pages\/3318","targetHints":{"allow":["GET"]}}],"collection":[{"href":"https:\/\/cobandalucia.org\/en\/wp-json\/wp\/v2\/pages"}],"about":[{"href":"https:\/\/cobandalucia.org\/en\/wp-json\/wp\/v2\/types\/page"}],"author":[{"embeddable":true,"href":"https:\/\/cobandalucia.org\/en\/wp-json\/wp\/v2\/users\/3"}],"replies":[{"embeddable":true,"href":"https:\/\/cobandalucia.org\/en\/wp-json\/wp\/v2\/comments?post=3318"}],"version-history":[{"count":15,"href":"https:\/\/cobandalucia.org\/en\/wp-json\/wp\/v2\/pages\/3318\/revisions"}],"predecessor-version":[{"id":4107,"href":"https:\/\/cobandalucia.org\/en\/wp-json\/wp\/v2\/pages\/3318\/revisions\/4107"}],"wp:featuredmedia":[{"embeddable":true,"href":"https:\/\/cobandalucia.org\/en\/wp-json\/wp\/v2\/media\/2728"}],"wp:attachment":[{"href":"https:\/\/cobandalucia.org\/en\/wp-json\/wp\/v2\/media?parent=3318"}],"curies":[{"name":"wp","href":"https:\/\/api.w.org\/{rel}","templated":true}]}}