{"id":3321,"date":"2024-06-04T06:20:51","date_gmt":"2024-06-04T06:20:51","guid":{"rendered":"http:\/\/cobandalucia.org\/?page_id=3321"},"modified":"2026-01-19T08:04:11","modified_gmt":"2026-01-19T08:04:11","slug":"certificado-de-biologo-ambiental","status":"publish","type":"page","link":"https:\/\/cobandalucia.org\/en\/certificado-de-biologo-ambiental\/","title":{"rendered":"Certificado de Bi\u00f3logo Ambiental"},"content":{"rendered":"<div class=\"fusion-fullwidth fullwidth-box fusion-builder-row-1 fusion-flex-container nonhundred-percent-fullwidth non-hundred-percent-height-scrolling\" style=\"--awb-border-radius-top-left:0px;--awb-border-radius-top-right:0px;--awb-border-radius-bottom-right:0px;--awb-border-radius-bottom-left:0px;--awb-flex-wrap:wrap;\" ><div class=\"fusion-builder-row fusion-row fusion-flex-align-items-flex-start fusion-flex-content-wrap\" style=\"max-width:1248px;margin-left: calc(-4% \/ 2 );margin-right: calc(-4% \/ 2 );\"><div class=\"fusion-layout-column fusion_builder_column fusion-builder-column-0 fusion_builder_column_1_1 1_1 fusion-flex-column\" style=\"--awb-bg-size:cover;--awb-width-large:100%;--awb-margin-top-large:0px;--awb-spacing-right-large:1.92%;--awb-margin-bottom-large:0px;--awb-spacing-left-large:1.92%;--awb-width-medium:100%;--awb-spacing-right-medium:1.92%;--awb-spacing-left-medium:1.92%;--awb-width-small:100%;--awb-spacing-right-small:1.92%;--awb-spacing-left-small:1.92%;\"><div class=\"fusion-column-wrapper fusion-flex-justify-content-flex-start fusion-content-layout-column\"><div class=\"fusion-text fusion-text-1\"><h1 data-fusion-font=\"true\" style=\"font-size: 40px;\">SOLICITAR <\/h1>\n<h1 data-fusion-font=\"true\" style=\"font-size: 40px;\">CERTIFICADO BIOLOGO AMBIENTAL<\/h1>\n<\/p>\n<p><strong><br \/><\/strong><\/p>\n<p><b>\u00bfTODAV\u00cdA NO TIENES TU CERTIFICACI\u00d3N DE BI\u00d3LOGO\/A AMBIENTAL?<\/b><\/p>\n<p>En el Pleno del Consejo General de Colegios Oficiales de Bi\u00f3logos (CGCOB) del 19 de noviembre de 2022, en el punto 6 del orden del d\u00eda, se aprob\u00f3 la <b>CERTIFICACI\u00d3N DE BI\u00d3LOGO AMBIENTAL<\/b> (<a href=\"https:\/\/cobandalucia.org\/wp-content\/uploads\/2025\/01\/585.pdf\" target=\"_blank\" rel=\"noopener noreferrer\">documento RS 118-22 CG<\/a>, <a href=\"https:\/\/cobandalucia.org\/wp-content\/uploads\/2025\/01\/590.pdf\" target=\"_blank\" rel=\"noopener noreferrer\">BOJA N\u00famero 105 \u2013 Lunes, 5 de junio de 2023<\/a>), <b>con el objetivo de acreditar y certificar la correcta formaci\u00f3n y competencias de los colegiados que lleven a cabo tareas AMBIENTALES<\/b>, <u>marcando as\u00ed una diferencia con el resto de nuestros compa\u00f1eros bi\u00f3logos y otros profesionales del sector ambiental<\/u>.<\/p>\n<p>Esta iniciativa parte del CGCOB con el objetivo de que se regulen, por parte del Ministerio, las profesiones ambientales, entre las que se encuentra la figura del BI\u00d3LOGO\/A AMBIENTAL. <\/p>\n<p>Para ello, un primer paso es conocer cu\u00e1ntos son los Bi\u00f3logos\/as que trabajan en Medio Ambiente, y certificar a todos aquellos que cumplan una serie de requisitos.<\/p>\n<p>Una vez que se tenga, a nivel nacional, un n\u00famero importante de Bi\u00f3logos Ambientales certificados se instar\u00e1 al Ministerio a la creaci\u00f3n de la bolsa para el Registro Nacional de profesionales ambientales (RNPA). <\/p>\n<p>La idea es que seamos los bi\u00f3logos los que estemos desde primera hora, impulsando esta regulaci\u00f3n y as\u00ed nos aseguramos que cuentan con nosotros y que estamos dentro.<\/p>\n<p><b>FINALIDAD DEL CERTIFICADO:<\/b><\/p>\n<p>\u2022\tMejorar la calidad de los servicios ambientales que la profesi\u00f3n presta a la sociedad<\/p>\n<p>\u2022\tPromover la mejora de la situaci\u00f3n laboral de los profesionales de la Biolog\u00eda Ambiental,<\/p>\n<p>\u2022\tFomentar la regulaci\u00f3n de la profesi\u00f3n,<\/p>\n<p>\u2022\tCrear una bolsa de profesionales del Medio Ambiente, mediante la creaci\u00f3n del Registro Nacional de Bi\u00f3logo Ambiental (RNBA).<\/p>\n<p><b>REQUISITOS PARA SOLICITAR LA CERTIFICACI\u00d3N<\/b><\/p>\n<p>\u2022\tEstar en posesi\u00f3n de la licenciatura o grado en Biolog\u00eda, o titulados del \u00e1mbito de la Biolog\u00eda.<\/p>\n<p>\u2022\tEstar colegiado en el momento de la solicitud y llevar colegiado un m\u00ednimo de SEIS MESES.<\/p>\n<p>\u2022\tTener una experiencia laboral en actividades ambientales (Ver <a href=\"https:\/\/cobandalucia.org\/wp-content\/uploads\/2025\/01\/586.pdf\" target=\"_blank\" rel=\"noopener noreferrer\">Anexo \u201c\u00c1reas de conocimiento para la certificaci\u00f3n de Bi\u00f3logo Ambiental\u201d<\/a>) como m\u00ednimo de tres (3) a\u00f1os, durante \u00faltimos diez (10), a contar desde la fecha de la solicitud.<\/p>\n<p><b>C\u00d3MO SOLICITARLO<\/b><\/p>\n<p>El proceso para la Certificaci\u00f3n es sencillo y consiste en enviar la siguiente informaci\u00f3n a la oficina del COBA a trav\u00e9s del correo <a href=\"\/en\/oficina@cobandalucia.org\/\">oficina@cobandalucia.org<\/a>:<\/p>\n<p><b><u>Datos de Inter\u00e9s<\/u>:<\/b><\/p>\n<p>\u2022\tNombre y apellidos<\/p>\n<p>\u2022\tN\u00famero del Documento Nacional de Identidad (DNI) o Tarjeta de Identidad del Extranjero (TIE)<\/p>\n<p>\u2022\tFecha de nacimiento<\/p>\n<p>\u2022\tSexo<\/p>\n<p>\u2022\tNacionalidad<\/p>\n<p>\u2022\tMedio preferente o lugar a efectos de comunicaciones<\/p>\n<p>\u2022\tTitulaci\u00f3n<\/p>\n<p>\u2022\tSituaci\u00f3n de ejercicio profesional<\/p>\n<p>\u2022\tCentro de ejercicio profesional<\/p>\n<p>\u2022\tCategor\u00eda profesional<\/p>\n<p><b>Documentaci\u00f3n:<\/b><\/p>\n<p>1.- <b>Dos o tres t\u00edtulos<\/b>, o diplomas (los m\u00e1s relevantes)<\/p>\n<p>2.- <b>CATEGORIA PROFESIONAL EN LA QUE TRABAJAS <\/b><\/p>\n<p>(si eres Consultor@, T\u00e9cnic@, Coordinador@, Inspector@, Auditor@, Investigador@..)<\/p>\n<p>3.- <b>Se\u00f1alar los CAMPOS del sector ambiental en los que tienes experiencia laboral<\/b>: <\/p>\n<p>1.LEGISLACI\u00d3N Y NORMALIZACI\u00d3N<\/p>\n<p>2.GESTI\u00d3N DE RECURSOS<\/p>\n<p>3.EDUCACI\u00d3N, DIFUSI\u00d3N Y DIVULGACI\u00d3N<\/p>\n<p>4.CONSERVACI\u00d3N Y PRESERVACI\u00d3N AMBIENTAL<\/p>\n<p>5.PELIGROS, RIESGOS Y CAT\u00c1STROFES AMBIENTALES  <\/p>\n<p>6.GESTI\u00d3N, PLANIFICACI\u00d3N Y ORDENACI\u00d3N TERRITORIAL<\/p>\n<p>7.SALUD AMBIENTAL Y ECOTOXICOLOG\u00cdA<\/p>\n<p>8.CONTROL Y GESTI\u00d3N DE RESIDUOS<\/p>\n<p>9.BIOECONOM\u00cdA Y ECONOM\u00cdA CIRCULAR<\/p>\n<p>10.BIOTECNOLOG\u00cdA  <\/p>\n<p>11.BIO\u00c9TICA<\/p>\n<p>12.GESTI\u00d3N AMBIENTAL DE LA EMPRESA<\/p>\n<p>13.CAMBIO CLIM\u00c1TICO Y CAMBIO GLOBAL<\/p>\n<p>14.GESTI\u00d3N ENERG\u00c9TICA<\/p>\n<p>15.CONOCIMIENTOS T\u00c9CNICOS Y GESTI\u00d3N DE DATOS<\/p>\n<p>16.BIOINFORM\u00c1TICA, MODELIZACI\u00d3N<\/p>\n<p>4.- <b>CV actualizado<\/b> (formato libre)<\/p>\n<p>5.- Para contratados por cuenta ajena: <b>Contratos de trabajo<\/b><\/p>\n<p>6.- Para aut\u00f3nomos: <b>Certificado de los trabajos realizados<\/b><\/p>\n<p>7.- <b>Vida laboral actualizada<\/b><\/p>\n<p>8.- <a href=\"https:\/\/cobandalucia.org\/wp-content\/uploads\/2025\/01\/POLITICA-PRIVACIDAD-CGCOB.pdf\" target=\"_blank\" rel=\"noopener noreferrer\">Documento PROTECCI\u00d3N DE DATOS<\/a> firmado.<\/p>\n<p><b>CU\u00c1NTO CUESTA<\/b><\/p>\n<p>La Certificaci\u00f3n de Bi\u00f3logo\/a Ambiental tiene una tasa de 30 \u20ac (IVA incluido), que deber\u00e1 abonarse previamente a la obtenci\u00f3n del certificado.<\/p>\n<p><b>FORMATO Y VALIDEZ<\/b><\/p>\n<p>La certificaci\u00f3n de Bi\u00f3logo\/a Ambiental se emitir\u00e1 por el Consejo General de Colegios Oficiales de Bi\u00f3logos de forma digital y tendr\u00e1 una vigencia de 5 a\u00f1os desde su emisi\u00f3n, debiendo ser renovada transcurrido este plazo.<\/p>\n<p><span style=\"background-color: rgba(0, 0, 0, 0);\">M\u00e1s informaci\u00f3n del Certificado Bi\u00f3logo Ambiental en : <\/span><a href=\"https:\/\/cgcob.es\/certificacion-biologo-ambiental\/\" target=\"_blank\" rel=\"noopener noreferrer\" style=\"background-color: rgba(0, 0, 0, 0);\">P\u00e1gina del Consejo<\/a><\/p>\n<\/div><\/div><\/div><\/div><\/div>","protected":false},"excerpt":{"rendered":"","protected":false},"author":3,"featured_media":2755,"parent":0,"menu_order":0,"comment_status":"closed","ping_status":"closed","template":"100-width.php","meta":{"iawp_total_views":324,"footnotes":""},"class_list":["post-3321","page","type-page","status-publish","has-post-thumbnail","hentry"],"_links":{"self":[{"href":"https:\/\/cobandalucia.org\/en\/wp-json\/wp\/v2\/pages\/3321","targetHints":{"allow":["GET"]}}],"collection":[{"href":"https:\/\/cobandalucia.org\/en\/wp-json\/wp\/v2\/pages"}],"about":[{"href":"https:\/\/cobandalucia.org\/en\/wp-json\/wp\/v2\/types\/page"}],"author":[{"embeddable":true,"href":"https:\/\/cobandalucia.org\/en\/wp-json\/wp\/v2\/users\/3"}],"replies":[{"embeddable":true,"href":"https:\/\/cobandalucia.org\/en\/wp-json\/wp\/v2\/comments?post=3321"}],"version-history":[{"count":11,"href":"https:\/\/cobandalucia.org\/en\/wp-json\/wp\/v2\/pages\/3321\/revisions"}],"predecessor-version":[{"id":4630,"href":"https:\/\/cobandalucia.org\/en\/wp-json\/wp\/v2\/pages\/3321\/revisions\/4630"}],"wp:featuredmedia":[{"embeddable":true,"href":"https:\/\/cobandalucia.org\/en\/wp-json\/wp\/v2\/media\/2755"}],"wp:attachment":[{"href":"https:\/\/cobandalucia.org\/en\/wp-json\/wp\/v2\/media?parent=3321"}],"curies":[{"name":"wp","href":"https:\/\/api.w.org\/{rel}","templated":true}]}}