{"id":3325,"date":"2024-06-04T06:21:48","date_gmt":"2024-06-04T06:21:48","guid":{"rendered":"http:\/\/cobandalucia.org\/?page_id=3325"},"modified":"2024-10-02T10:31:25","modified_gmt":"2024-10-02T10:31:25","slug":"que-es-el-biobox","status":"publish","type":"page","link":"https:\/\/cobandalucia.org\/en\/que-es-el-biobox\/","title":{"rendered":"\u00bfQu\u00e9 es el BioBox?"},"content":{"rendered":"<div class=\"fusion-fullwidth fullwidth-box fusion-builder-row-1 fusion-flex-container nonhundred-percent-fullwidth non-hundred-percent-height-scrolling\" style=\"--awb-border-radius-top-left:0px;--awb-border-radius-top-right:0px;--awb-border-radius-bottom-right:0px;--awb-border-radius-bottom-left:0px;--awb-flex-wrap:wrap;\" ><div class=\"fusion-builder-row fusion-row fusion-flex-align-items-flex-start fusion-flex-content-wrap\" style=\"max-width:1248px;margin-left: calc(-4% \/ 2 );margin-right: calc(-4% \/ 2 );\"><div class=\"fusion-layout-column fusion_builder_column fusion-builder-column-0 fusion_builder_column_1_1 1_1 fusion-flex-column\" style=\"--awb-bg-size:cover;--awb-width-large:100%;--awb-margin-top-large:0px;--awb-spacing-right-large:1.92%;--awb-margin-bottom-large:0px;--awb-spacing-left-large:1.92%;--awb-width-medium:100%;--awb-spacing-right-medium:1.92%;--awb-spacing-left-medium:1.92%;--awb-width-small:100%;--awb-spacing-right-small:1.92%;--awb-spacing-left-small:1.92%;\"><div class=\"fusion-column-wrapper fusion-flex-justify-content-flex-start fusion-content-layout-column\"><div class=\"fusion-text fusion-text-1\"><p><strong>BiO bOx<\/strong> es la mayor base de datos de Profesionales de la Biolog\u00eda.<\/p>\n<p>BiO bOx es gratuito para Colegiados en cualquier Colegio Oficial de Bi\u00f3logos de Espa\u00f1a.<\/p>\n<p>Si estas colegiados en otro Colegio Oficial de Bi\u00f3logos y quieres aparecer en Biobox env\u00edanos un correo y te informaremos: <b>oficina@cobandalucia.org<\/b><strong>.<\/strong><\/p>\n<p>Podr\u00e1s anunciarte para ofertar tus servicios o como demandante de empleo.<\/p>\n<p>Las empresas encontrar\u00e1n aqu\u00ed todos los profesionales que necesitan para \u00c1REAS DE ACTIVIDAD relacionadas con la Biolog\u00eda.<\/p>\n<p>As\u00ed funciona <strong>BiO bOx<\/strong>:<\/p>\n<ul>\n<li>El enlace a BiO bOx se env\u00eda peri\u00f3dicamente a cientos de empresas para que puedan buscar y seleccionar profesionales de la mayor base de datos en el \u00e1rea de la Biolog\u00eda.<\/li>\n<li>Podr\u00e1s actualizar tu perfil siempre que lo desees.<\/li>\n<li>BiO bOx genera un C.V. de tu perfil que podr\u00e1 descargarse e imprimir todo aquel que lo visite.<\/li>\n<li>Adem\u00e1s, podr\u00e1s ver en tiempo real cuantas visitas recibe tu perfil y cu\u00e1les son las \u00e1reas de trabajo m\u00e1s demandadas.<\/li>\n<li>No olvides incluir TAGS referentes a tu actividad profesional para aparecer en las b\u00fasquedas.<\/li>\n<\/ul>\n<p>\u00a1An\u00fanciate en <strong>BiO bOx<\/strong> y forma parte de la mayor base de datos de profesionales del mundo de la Biolog\u00eda!<\/p>\n<p><strong>\u00a1Publica tu C.V., tu empresa y\/o tus servicios profesionales en BiO bOx!.<\/strong><\/p>\n<\/div><\/div><\/div><\/div><\/div>","protected":false},"excerpt":{"rendered":"","protected":false},"author":3,"featured_media":3574,"parent":0,"menu_order":0,"comment_status":"closed","ping_status":"closed","template":"100-width.php","meta":{"iawp_total_views":481,"footnotes":""},"class_list":["post-3325","page","type-page","status-publish","has-post-thumbnail","hentry"],"_links":{"self":[{"href":"https:\/\/cobandalucia.org\/en\/wp-json\/wp\/v2\/pages\/3325","targetHints":{"allow":["GET"]}}],"collection":[{"href":"https:\/\/cobandalucia.org\/en\/wp-json\/wp\/v2\/pages"}],"about":[{"href":"https:\/\/cobandalucia.org\/en\/wp-json\/wp\/v2\/types\/page"}],"author":[{"embeddable":true,"href":"https:\/\/cobandalucia.org\/en\/wp-json\/wp\/v2\/users\/3"}],"replies":[{"embeddable":true,"href":"https:\/\/cobandalucia.org\/en\/wp-json\/wp\/v2\/comments?post=3325"}],"version-history":[{"count":3,"href":"https:\/\/cobandalucia.org\/en\/wp-json\/wp\/v2\/pages\/3325\/revisions"}],"predecessor-version":[{"id":3735,"href":"https:\/\/cobandalucia.org\/en\/wp-json\/wp\/v2\/pages\/3325\/revisions\/3735"}],"wp:featuredmedia":[{"embeddable":true,"href":"https:\/\/cobandalucia.org\/en\/wp-json\/wp\/v2\/media\/3574"}],"wp:attachment":[{"href":"https:\/\/cobandalucia.org\/en\/wp-json\/wp\/v2\/media?parent=3325"}],"curies":[{"name":"wp","href":"https:\/\/api.w.org\/{rel}","templated":true}]}}