{"id":3329,"date":"2024-06-04T06:23:17","date_gmt":"2024-06-04T06:23:17","guid":{"rendered":"http:\/\/cobandalucia.org\/?page_id=3329"},"modified":"2026-03-04T10:26:29","modified_gmt":"2026-03-04T10:26:29","slug":"memorias","status":"publish","type":"page","link":"https:\/\/cobandalucia.org\/en\/memorias\/","title":{"rendered":"Memorias"},"content":{"rendered":"<div class=\"fusion-fullwidth fullwidth-box fusion-builder-row-1 fusion-flex-container nonhundred-percent-fullwidth non-hundred-percent-height-scrolling\" style=\"--awb-border-radius-top-left:0px;--awb-border-radius-top-right:0px;--awb-border-radius-bottom-right:0px;--awb-border-radius-bottom-left:0px;--awb-flex-wrap:wrap;\" ><div class=\"fusion-builder-row fusion-row fusion-flex-align-items-flex-start fusion-flex-content-wrap\" style=\"max-width:1248px;margin-left: calc(-4% \/ 2 );margin-right: calc(-4% \/ 2 );\"><div class=\"fusion-layout-column fusion_builder_column fusion-builder-column-0 fusion_builder_column_1_1 1_1 fusion-flex-column\" style=\"--awb-bg-size:cover;--awb-width-large:100%;--awb-margin-top-large:0px;--awb-spacing-right-large:1.92%;--awb-margin-bottom-large:0px;--awb-spacing-left-large:1.92%;--awb-width-medium:100%;--awb-spacing-right-medium:1.92%;--awb-spacing-left-medium:1.92%;--awb-width-small:100%;--awb-spacing-right-small:1.92%;--awb-spacing-left-small:1.92%;\"><div class=\"fusion-column-wrapper fusion-flex-justify-content-flex-start fusion-content-layout-column\"><div class=\"fusion-text fusion-text-1\"><p style=\"font-size: 40px;\" data-fusion-font=\"true\"><b>ME<\/b><b style=\"color: var(--awb-text-color); font-family: var(--awb-text-font-family); font-style: var(--awb-text-font-style); letter-spacing: var(--awb-letter-spacing); text-align: var(--awb-content-alignment); text-transform: var(--awb-text-transform); background-color: var(--awb-bg-color-hover);\">MOR<\/b><b style=\"color: var(--awb-text-color); font-family: var(--awb-text-font-family); font-style: var(--awb-text-font-style); letter-spacing: var(--awb-letter-spacing); text-align: var(--awb-content-alignment); text-transform: var(--awb-text-transform); background-color: var(--awb-bg-color-hover);\">IAS DE GESTION<\/b><\/p>\n<p>Cada a\u00f1o se preparamos la documentaci\u00f3n que dar\u00e1 lugar a la \u201c<strong>Memoria de Gesti\u00f3n del COBA<\/strong>\u201d en la cual se recogen las actividades y cifras del Colegio. Dicha Memoria deber\u00e1 ser aprobada en la <strong>Junta General<\/strong> correspondiente antes de su publicaci\u00f3n.<\/p>\n<p>A continuaci\u00f3n, facilitamos los accesos a las \u00faltimas Memoria de Gesti\u00f3n del COBA que est\u00e1n disponibles en modo digital.<\/p>\n<p><img decoding=\"async\" class=\"lazyload alignnone size-medium wp-image-3752\" style=\"color: var(--awb-text-color); font-family: var(--awb-text-font-family); font-size: var(--awb-font-size); font-style: var(--awb-text-font-style); font-weight: var(--awb-text-font-weight); letter-spacing: var(--awb-letter-spacing); text-align: var(--awb-content-alignment); text-transform: var(--awb-text-transform); background-color: var(--awb-bg-color-hover);\" src=\"https:\/\/cobandalucia.org\/wp-content\/uploads\/2024\/10\/PORTADA-MEMORIA-19-20-21-218x300.png\" data-orig-src=\"https:\/\/cobandalucia.org\/wp-content\/uploads\/2024\/10\/PORTADA-MEMORIA-19-20-21-218x300.png\" alt=\"\" width=\"218\" height=\"300\" srcset=\"data:image\/svg+xml,%3Csvg%20xmlns%3D%27http%3A%2F%2Fwww.w3.org%2F2000%2Fsvg%27%20width%3D%27218%27%20height%3D%27300%27%20viewBox%3D%270%200%20218%20300%27%3E%3Crect%20width%3D%27218%27%20height%3D%27300%27%20fill-opacity%3D%220%22%2F%3E%3C%2Fsvg%3E\" data-srcset=\"https:\/\/cobandalucia.org\/wp-content\/uploads\/2024\/10\/PORTADA-MEMORIA-19-20-21-200x275.png 200w, https:\/\/cobandalucia.org\/wp-content\/uploads\/2024\/10\/PORTADA-MEMORIA-19-20-21-218x300.png 218w, https:\/\/cobandalucia.org\/wp-content\/uploads\/2024\/10\/PORTADA-MEMORIA-19-20-21-400x549.png 400w, https:\/\/cobandalucia.org\/wp-content\/uploads\/2024\/10\/PORTADA-MEMORIA-19-20-21-500x687.png 500w, https:\/\/cobandalucia.org\/wp-content\/uploads\/2024\/10\/PORTADA-MEMORIA-19-20-21-600x824.png 600w, https:\/\/cobandalucia.org\/wp-content\/uploads\/2024\/10\/PORTADA-MEMORIA-19-20-21.png 643w\" data-sizes=\"auto\" data-orig-sizes=\"(max-width: 218px) 100vw, 218px\" \/><\/p>\n<p><a href=\"https:\/\/cobandalucia.org\/wp-content\/uploads\/2024\/06\/MEMORIA-DE-GESTION-19-20-21.pdf\" target=\"_blank\" rel=\"noopener noreferrer\">MEMORIA DE GESTION 19-20-21<\/a><\/p>\n<p><img decoding=\"async\" class=\"lazyload alignnone size-medium wp-image-3753\" style=\"color: var(--awb-text-color); font-family: var(--awb-text-font-family); font-size: var(--awb-font-size); font-style: var(--awb-text-font-style); font-weight: var(--awb-text-font-weight); letter-spacing: var(--awb-letter-spacing); text-align: var(--awb-content-alignment); text-transform: var(--awb-text-transform); background-color: var(--awb-bg-color-hover);\" src=\"https:\/\/cobandalucia.org\/wp-content\/uploads\/2024\/10\/PORTADA-MEMORIA-22-249x300.png\" data-orig-src=\"https:\/\/cobandalucia.org\/wp-content\/uploads\/2024\/10\/PORTADA-MEMORIA-22-249x300.png\" alt=\"\" width=\"249\" height=\"300\" srcset=\"data:image\/svg+xml,%3Csvg%20xmlns%3D%27http%3A%2F%2Fwww.w3.org%2F2000%2Fsvg%27%20width%3D%27249%27%20height%3D%27300%27%20viewBox%3D%270%200%20249%20300%27%3E%3Crect%20width%3D%27249%27%20height%3D%27300%27%20fill-opacity%3D%220%22%2F%3E%3C%2Fsvg%3E\" data-srcset=\"https:\/\/cobandalucia.org\/wp-content\/uploads\/2024\/10\/PORTADA-MEMORIA-22-200x241.png 200w, https:\/\/cobandalucia.org\/wp-content\/uploads\/2024\/10\/PORTADA-MEMORIA-22-249x300.png 249w, https:\/\/cobandalucia.org\/wp-content\/uploads\/2024\/10\/PORTADA-MEMORIA-22-400x483.png 400w, https:\/\/cobandalucia.org\/wp-content\/uploads\/2024\/10\/PORTADA-MEMORIA-22-500x603.png 500w, https:\/\/cobandalucia.org\/wp-content\/uploads\/2024\/10\/PORTADA-MEMORIA-22-600x724.png 600w, https:\/\/cobandalucia.org\/wp-content\/uploads\/2024\/10\/PORTADA-MEMORIA-22-700x844.png 700w, https:\/\/cobandalucia.org\/wp-content\/uploads\/2024\/10\/PORTADA-MEMORIA-22.png 751w\" data-sizes=\"auto\" data-orig-sizes=\"(max-width: 249px) 100vw, 249px\" \/><\/p>\n<p><span style=\"font-family: var(--awb-text-font-family);\"><span style=\"font-style: var(--awb-text-font-style); font-weight: var(--awb-text-font-weight); letter-spacing: var(--awb-letter-spacing); text-align: var(--awb-content-alignment); text-transform: var(--awb-text-transform);\"><a href=\"https:\/\/cobandalucia.org\/wp-content\/uploads\/2024\/06\/MEMORIA-DE-GESTION-2022.pdf\" target=\"_blank\" rel=\"noopener noreferrer\">MEMORIA DE GESTION 2022<\/a><\/span><\/span><\/p>\n<p><span style=\"font-family: var(--awb-text-font-family);\"> <\/span><\/p>\n<p><img decoding=\"async\" class=\"lazyload alignnone size-medium wp-image-3754\" style=\"color: var(--awb-text-color); font-family: var(--awb-text-font-family); font-size: var(--awb-font-size); font-style: var(--awb-text-font-style); font-weight: var(--awb-text-font-weight); letter-spacing: var(--awb-letter-spacing); text-align: var(--awb-content-alignment); text-transform: var(--awb-text-transform); background-color: var(--awb-bg-color-hover);\" src=\"https:\/\/cobandalucia.org\/wp-content\/uploads\/2024\/10\/PORTADA-MEMORIA-23-214x300.png\" data-orig-src=\"https:\/\/cobandalucia.org\/wp-content\/uploads\/2024\/10\/PORTADA-MEMORIA-23-214x300.png\" alt=\"\" width=\"214\" height=\"300\" srcset=\"data:image\/svg+xml,%3Csvg%20xmlns%3D%27http%3A%2F%2Fwww.w3.org%2F2000%2Fsvg%27%20width%3D%27214%27%20height%3D%27300%27%20viewBox%3D%270%200%20214%20300%27%3E%3Crect%20width%3D%27214%27%20height%3D%27300%27%20fill-opacity%3D%220%22%2F%3E%3C%2Fsvg%3E\" data-srcset=\"https:\/\/cobandalucia.org\/wp-content\/uploads\/2024\/10\/PORTADA-MEMORIA-23-200x281.png 200w, https:\/\/cobandalucia.org\/wp-content\/uploads\/2024\/10\/PORTADA-MEMORIA-23-214x300.png 214w, https:\/\/cobandalucia.org\/wp-content\/uploads\/2024\/10\/PORTADA-MEMORIA-23-400x562.png 400w, https:\/\/cobandalucia.org\/wp-content\/uploads\/2024\/10\/PORTADA-MEMORIA-23-500x702.png 500w, https:\/\/cobandalucia.org\/wp-content\/uploads\/2024\/10\/PORTADA-MEMORIA-23-600x842.png 600w, https:\/\/cobandalucia.org\/wp-content\/uploads\/2024\/10\/PORTADA-MEMORIA-23.png 646w\" data-sizes=\"auto\" data-orig-sizes=\"(max-width: 214px) 100vw, 214px\" \/><\/p>\n<p><span style=\"font-family: var(--awb-text-font-family);\"><span style=\"font-style: var(--awb-text-font-style); font-weight: var(--awb-text-font-weight); letter-spacing: var(--awb-letter-spacing); text-align: var(--awb-content-alignment); text-transform: var(--awb-text-transform);\"><a href=\"https:\/\/cobandalucia.org\/wp-content\/uploads\/2024\/06\/MEMORIA-DE-GESTION-2023.pdf\" target=\"_blank\" rel=\"noopener noreferrer\">MEMORIA DE GESTION 2023<\/a><\/span><\/span><\/p>\n<p><span style=\"font-family: var(--awb-text-font-family);\"> <\/span><\/p>\n<p><img decoding=\"async\" class=\"lazyload alignnone size-medium wp-image-4721\" src=\"https:\/\/cobandalucia.org\/wp-content\/uploads\/2026\/03\/Caratula-Memoria-2024-e1772618437104-239x300.jpg\" data-orig-src=\"https:\/\/cobandalucia.org\/wp-content\/uploads\/2026\/03\/Caratula-Memoria-2024-e1772618437104-239x300.jpg\" alt=\"\" width=\"239\" height=\"300\" srcset=\"data:image\/svg+xml,%3Csvg%20xmlns%3D%27http%3A%2F%2Fwww.w3.org%2F2000%2Fsvg%27%20width%3D%27239%27%20height%3D%27300%27%20viewBox%3D%270%200%20239%20300%27%3E%3Crect%20width%3D%27239%27%20height%3D%27300%27%20fill-opacity%3D%220%22%2F%3E%3C%2Fsvg%3E\" data-srcset=\"https:\/\/cobandalucia.org\/wp-content\/uploads\/2026\/03\/Caratula-Memoria-2024-e1772618437104-10x12.jpg 10w, https:\/\/cobandalucia.org\/wp-content\/uploads\/2026\/03\/Caratula-Memoria-2024-e1772618437104-200x251.jpg 200w, https:\/\/cobandalucia.org\/wp-content\/uploads\/2026\/03\/Caratula-Memoria-2024-e1772618437104-239x300.jpg 239w, https:\/\/cobandalucia.org\/wp-content\/uploads\/2026\/03\/Caratula-Memoria-2024-e1772618437104-400x502.jpg 400w, https:\/\/cobandalucia.org\/wp-content\/uploads\/2026\/03\/Caratula-Memoria-2024-e1772618437104-500x627.jpg 500w, https:\/\/cobandalucia.org\/wp-content\/uploads\/2026\/03\/Caratula-Memoria-2024-e1772618437104-600x753.jpg 600w, https:\/\/cobandalucia.org\/wp-content\/uploads\/2026\/03\/Caratula-Memoria-2024-e1772618437104.jpg 628w\" data-sizes=\"auto\" data-orig-sizes=\"(max-width: 239px) 100vw, 239px\" \/><\/p>\n<p><a href=\"https:\/\/cobandalucia.org\/wp-content\/uploads\/2026\/03\/MEMORIA-COBA-2024.pdf\" target=\"_blank\" rel=\"noopener noreferrer\" style=\"font-family: var(--awb-text-font-family); background-color: rgba(0, 0, 0, 0);\">MEMORIA DE GESTION 2024<\/a><\/p>\n<\/div><\/div><\/div><\/div><\/div>","protected":false},"excerpt":{"rendered":"","protected":false},"author":3,"featured_media":3407,"parent":0,"menu_order":0,"comment_status":"closed","ping_status":"closed","template":"100-width.php","meta":{"iawp_total_views":122,"footnotes":""},"class_list":["post-3329","page","type-page","status-publish","has-post-thumbnail","hentry"],"_links":{"self":[{"href":"https:\/\/cobandalucia.org\/en\/wp-json\/wp\/v2\/pages\/3329","targetHints":{"allow":["GET"]}}],"collection":[{"href":"https:\/\/cobandalucia.org\/en\/wp-json\/wp\/v2\/pages"}],"about":[{"href":"https:\/\/cobandalucia.org\/en\/wp-json\/wp\/v2\/types\/page"}],"author":[{"embeddable":true,"href":"https:\/\/cobandalucia.org\/en\/wp-json\/wp\/v2\/users\/3"}],"replies":[{"embeddable":true,"href":"https:\/\/cobandalucia.org\/en\/wp-json\/wp\/v2\/comments?post=3329"}],"version-history":[{"count":11,"href":"https:\/\/cobandalucia.org\/en\/wp-json\/wp\/v2\/pages\/3329\/revisions"}],"predecessor-version":[{"id":4724,"href":"https:\/\/cobandalucia.org\/en\/wp-json\/wp\/v2\/pages\/3329\/revisions\/4724"}],"wp:featuredmedia":[{"embeddable":true,"href":"https:\/\/cobandalucia.org\/en\/wp-json\/wp\/v2\/media\/3407"}],"wp:attachment":[{"href":"https:\/\/cobandalucia.org\/en\/wp-json\/wp\/v2\/media?parent=3329"}],"curies":[{"name":"wp","href":"https:\/\/api.w.org\/{rel}","templated":true}]}}