{"id":3331,"date":"2024-06-04T06:23:47","date_gmt":"2024-06-04T06:23:47","guid":{"rendered":"http:\/\/cobandalucia.org\/?page_id=3331"},"modified":"2025-07-31T12:37:41","modified_gmt":"2025-07-31T12:37:41","slug":"revista-bioandalucia","status":"publish","type":"page","link":"https:\/\/cobandalucia.org\/en\/revista-bioandalucia\/","title":{"rendered":"Revista Bioandaluc\u00eda"},"content":{"rendered":"<div class=\"fusion-fullwidth fullwidth-box fusion-builder-row-1 fusion-flex-container nonhundred-percent-fullwidth non-hundred-percent-height-scrolling\" style=\"--awb-border-radius-top-left:0px;--awb-border-radius-top-right:0px;--awb-border-radius-bottom-right:0px;--awb-border-radius-bottom-left:0px;--awb-flex-wrap:wrap;\" ><div class=\"fusion-builder-row fusion-row fusion-flex-align-items-flex-start fusion-flex-content-wrap\" style=\"max-width:1248px;margin-left: calc(-4% \/ 2 );margin-right: calc(-4% \/ 2 );\"><div class=\"fusion-layout-column fusion_builder_column fusion-builder-column-0 fusion_builder_column_1_1 1_1 fusion-flex-column\" style=\"--awb-bg-size:cover;--awb-width-large:100%;--awb-margin-top-large:0px;--awb-spacing-right-large:1.92%;--awb-margin-bottom-large:0px;--awb-spacing-left-large:1.92%;--awb-width-medium:100%;--awb-spacing-right-medium:1.92%;--awb-spacing-left-medium:1.92%;--awb-width-small:100%;--awb-spacing-right-small:1.92%;--awb-spacing-left-small:1.92%;\"><div class=\"fusion-column-wrapper fusion-flex-justify-content-flex-start fusion-content-layout-column\"><div class=\"fusion-text fusion-text-1\"><p>El Colegio Oficial de Bi\u00f3logos de Andaluc\u00eda en octubre de 2023 inici\u00f3 la nueva andadura de la Revista Bioandaluc\u00eda. En esta etapa la revista Bioandaluc\u00eda nace con el objetivo de tener un mayor car\u00e1cter profesional y para ello se ha conformado de manera que cada revista lleva un dosier monogr\u00e1fico con art\u00edculos de destacados profesionales en activo del \u00e1rea profesional tratada. De igual manera todas las empresas relacionadas con las \u00e1reas profesionales de la biolog\u00eda que quieran pueden solicitar publicitarse en la revista.<\/p>\n<p>El car\u00e1cter de esta publicaci\u00f3n es semestral, dos n\u00fameros al a\u00f1o.<\/p>\n<p>A la revista Bioandaluc\u00eda versi\u00f3n \u201c<em>On line<\/em>\u201d se puede acceder en modo abierto desde nuestra web. De esta manera colegiados y no colegiados pueden disfrutar gratis de sus contenidos.<\/p>\n<p>*<span style=\"font-size: 25px;\" data-fusion-font=\"true\"><b>ACCESOS A LOS NUMEROS PUBLICADOS ON LINE<\/b><\/span>.<\/p>\n<p>BIOANDALUCIA N\u00ba 18 \u2013 NOVIEMBRE 2023: DOSIER: \u201c<strong>EDUCACI\u00d3N AMBIENTAL E INTERPRETACI\u00d3N DEL PATRIMONIO<\/strong>\u201d<\/p>\n<p><img decoding=\"async\" class=\"lazyload alignnone size-medium wp-image-3738\" style=\"color: var(--awb-text-color); font-family: var(--awb-text-font-family); font-size: var(--awb-font-size); font-style: var(--awb-text-font-style); font-weight: var(--awb-text-font-weight); letter-spacing: var(--awb-letter-spacing); text-align: var(--awb-content-alignment); text-transform: var(--awb-text-transform); background-color: var(--awb-bg-color-hover);\" src=\"https:\/\/cobandalucia.org\/wp-content\/uploads\/2024\/10\/rev-18-219x300.png\" data-orig-src=\"https:\/\/cobandalucia.org\/wp-content\/uploads\/2024\/10\/rev-18-219x300.png\" alt=\"\" width=\"219\" height=\"300\" srcset=\"data:image\/svg+xml,%3Csvg%20xmlns%3D%27http%3A%2F%2Fwww.w3.org%2F2000%2Fsvg%27%20width%3D%27219%27%20height%3D%27300%27%20viewBox%3D%270%200%20219%20300%27%3E%3Crect%20width%3D%27219%27%20height%3D%27300%27%20fill-opacity%3D%220%22%2F%3E%3C%2Fsvg%3E\" data-srcset=\"https:\/\/cobandalucia.org\/wp-content\/uploads\/2024\/10\/rev-18-200x274.png 200w, https:\/\/cobandalucia.org\/wp-content\/uploads\/2024\/10\/rev-18-219x300.png 219w, https:\/\/cobandalucia.org\/wp-content\/uploads\/2024\/10\/rev-18-400x547.png 400w, https:\/\/cobandalucia.org\/wp-content\/uploads\/2024\/10\/rev-18-500x684.png 500w, https:\/\/cobandalucia.org\/wp-content\/uploads\/2024\/10\/rev-18-600x821.png 600w, https:\/\/cobandalucia.org\/wp-content\/uploads\/2024\/10\/rev-18-700x957.png 700w, https:\/\/cobandalucia.org\/wp-content\/uploads\/2024\/10\/rev-18-749x1024.png 749w, https:\/\/cobandalucia.org\/wp-content\/uploads\/2024\/10\/rev-18-768x1050.png 768w, https:\/\/cobandalucia.org\/wp-content\/uploads\/2024\/10\/rev-18-800x1094.png 800w, https:\/\/cobandalucia.org\/wp-content\/uploads\/2024\/10\/rev-18.png 1077w\" data-sizes=\"auto\" data-orig-sizes=\"(max-width: 219px) 100vw, 219px\" \/><\/p>\n<p><a href=\"https:\/\/cobandalucia.org\/wp-content\/uploads\/2024\/06\/Revista-Bioandalucia-no-18.pdf\" target=\"_blank\" rel=\"noopener noreferrer\">Revista Bioandaluc\u00eda n\u00ba 18<\/a><\/p>\n<p>BIOANDALUCIA N\u00ba 19-JUNIO 2024: DOSIER:\u201d <strong>GEN\u00c9TICA Y REPRODUCCI\u00d3N ASISTIDA<\/strong>\u201d<\/p>\n<p><img decoding=\"async\" class=\"lazyload alignnone size-medium wp-image-3739\" style=\"color: var(--awb-text-color); font-family: var(--awb-text-font-family); font-size: var(--awb-font-size); font-style: var(--awb-text-font-style); font-weight: var(--awb-text-font-weight); letter-spacing: var(--awb-letter-spacing); text-align: var(--awb-content-alignment); text-transform: var(--awb-text-transform); background-color: var(--awb-bg-color-hover);\" src=\"https:\/\/cobandalucia.org\/wp-content\/uploads\/2024\/10\/rev-19-214x300.png\" data-orig-src=\"https:\/\/cobandalucia.org\/wp-content\/uploads\/2024\/10\/rev-19-214x300.png\" alt=\"\" width=\"214\" height=\"300\" srcset=\"data:image\/svg+xml,%3Csvg%20xmlns%3D%27http%3A%2F%2Fwww.w3.org%2F2000%2Fsvg%27%20width%3D%27214%27%20height%3D%27300%27%20viewBox%3D%270%200%20214%20300%27%3E%3Crect%20width%3D%27214%27%20height%3D%27300%27%20fill-opacity%3D%220%22%2F%3E%3C%2Fsvg%3E\" data-srcset=\"https:\/\/cobandalucia.org\/wp-content\/uploads\/2024\/10\/rev-19-200x281.png 200w, https:\/\/cobandalucia.org\/wp-content\/uploads\/2024\/10\/rev-19-214x300.png 214w, https:\/\/cobandalucia.org\/wp-content\/uploads\/2024\/10\/rev-19-400x561.png 400w, https:\/\/cobandalucia.org\/wp-content\/uploads\/2024\/10\/rev-19-500x702.png 500w, https:\/\/cobandalucia.org\/wp-content\/uploads\/2024\/10\/rev-19-600x842.png 600w, https:\/\/cobandalucia.org\/wp-content\/uploads\/2024\/10\/rev-19-700x982.png 700w, https:\/\/cobandalucia.org\/wp-content\/uploads\/2024\/10\/rev-19-730x1024.png 730w, https:\/\/cobandalucia.org\/wp-content\/uploads\/2024\/10\/rev-19-768x1078.png 768w, https:\/\/cobandalucia.org\/wp-content\/uploads\/2024\/10\/rev-19-800x1123.png 800w, https:\/\/cobandalucia.org\/wp-content\/uploads\/2024\/10\/rev-19.png 1056w\" data-sizes=\"auto\" data-orig-sizes=\"(max-width: 214px) 100vw, 214px\" \/><\/p>\n<p><a href=\"https:\/\/cobandalucia.org\/wp-content\/uploads\/2024\/06\/Revista-Bioandalucia-no-19.pdf\" target=\"_blank\" rel=\"noopener noreferrer\">Revista Bioandaluc\u00eda n\u00ba 19<\/a><\/p>\n<p>BIOANDALUCIA N\u00ba 20-DICIEMBRE 2024: DOSIER: \u201d<b>AGROBIOLOG\u00cdA<\/b><span style=\"color: var(--awb-text-color); font-family: var(--awb-text-font-family); font-size: var(--awb-font-size); font-style: var(--awb-text-font-style); font-weight: var(--awb-text-font-weight); letter-spacing: var(--awb-letter-spacing); text-align: var(--awb-content-alignment); text-transform: var(--awb-text-transform); background-color: var(--awb-bg-color-medium-hover);\">\u201d<\/span><\/p>\n<p><img decoding=\"async\" class=\"lazyload alignnone size-medium wp-image-4004\" src=\"https:\/\/cobandalucia.org\/wp-content\/uploads\/2024\/12\/Captura-de-pantalla-2024-12-16-123333.PNG-213x300.jpg\" data-orig-src=\"https:\/\/cobandalucia.org\/wp-content\/uploads\/2024\/12\/Captura-de-pantalla-2024-12-16-123333.PNG-213x300.jpg\" alt=\"\" width=\"213\" height=\"300\" srcset=\"data:image\/svg+xml,%3Csvg%20xmlns%3D%27http%3A%2F%2Fwww.w3.org%2F2000%2Fsvg%27%20width%3D%27213%27%20height%3D%27300%27%20viewBox%3D%270%200%20213%20300%27%3E%3Crect%20width%3D%27213%27%20height%3D%27300%27%20fill-opacity%3D%220%22%2F%3E%3C%2Fsvg%3E\" data-srcset=\"https:\/\/cobandalucia.org\/wp-content\/uploads\/2024\/12\/Captura-de-pantalla-2024-12-16-123333.PNG-9x12.jpg 9w, https:\/\/cobandalucia.org\/wp-content\/uploads\/2024\/12\/Captura-de-pantalla-2024-12-16-123333.PNG-200x282.jpg 200w, https:\/\/cobandalucia.org\/wp-content\/uploads\/2024\/12\/Captura-de-pantalla-2024-12-16-123333.PNG-213x300.jpg 213w, https:\/\/cobandalucia.org\/wp-content\/uploads\/2024\/12\/Captura-de-pantalla-2024-12-16-123333.PNG-400x563.jpg 400w, https:\/\/cobandalucia.org\/wp-content\/uploads\/2024\/12\/Captura-de-pantalla-2024-12-16-123333.PNG-500x704.jpg 500w, https:\/\/cobandalucia.org\/wp-content\/uploads\/2024\/12\/Captura-de-pantalla-2024-12-16-123333.PNG-600x845.jpg 600w, https:\/\/cobandalucia.org\/wp-content\/uploads\/2024\/12\/Captura-de-pantalla-2024-12-16-123333.PNG.jpg 645w\" data-sizes=\"auto\" data-orig-sizes=\"(max-width: 213px) 100vw, 213px\" \/><\/p>\n<p><b style=\"color: var(--awb-text-color); font-family: var(--awb-text-font-family); font-size: var(--awb-font-size); font-style: var(--awb-text-font-style); letter-spacing: var(--awb-letter-spacing); text-align: var(--awb-content-alignment); text-transform: var(--awb-text-transform); background-color: var(--awb-bg-color-medium-hover);\"><a href=\"https:\/\/cobandalucia.org\/wp-content\/uploads\/2024\/12\/BIOANDALUCIA-20_web.pdf\" target=\"_blank\" rel=\"noopener noreferrer\">Revista Bioandaluc\u00eda n\u00ba 20<\/a><\/b><\/p>\n<\/p>\n<p>BIOANDALUCIA N\u00ba 21-JULIO 2025: DOSIER: \u201d<b>SISTEMAS ACU\u00c1TICOS Y MEDIO MARINO<\/b>\u201d<\/p>\n<p><img decoding=\"async\" class=\"lazyload alignnone size-medium wp-image-4405\" style=\"background-color: rgba(0, 0, 0, 0);\" src=\"data:image\/svg+xml,%3Csvg%20xmlns%3D%27http%3A%2F%2Fwww.w3.org%2F2000%2Fsvg%27%20width%3D%27213%27%20height%3D%27300%27%20viewBox%3D%270%200%20213%20300%27%3E%3Crect%20width%3D%27213%27%20height%3D%27300%27%20fill-opacity%3D%220%22%2F%3E%3C%2Fsvg%3E\" data-orig-src=\"https:\/\/cobandalucia.org\/wp-content\/uploads\/2025\/07\/Captura-de-pantalla-2025-07-31-113650-213x300.jpg\" alt=\"\" width=\"213\" height=\"300\"><\/p>\n<p><a style=\"background-color: rgba(0, 0, 0, 0);\" href=\"https:\/\/cobandalucia.org\/wp-content\/uploads\/2025\/07\/BIOANDALUCIA-21_WEB.pdf\" target=\"_blank\" rel=\"noopener noreferrer\">Revista Bioandaluc\u00eda n\u00ba21<\/a><\/p>\n<\/div><\/div><\/div><\/div><\/div>","protected":false},"excerpt":{"rendered":"","protected":false},"author":3,"featured_media":3413,"parent":0,"menu_order":0,"comment_status":"closed","ping_status":"closed","template":"100-width.php","meta":{"iawp_total_views":513,"footnotes":""},"class_list":["post-3331","page","type-page","status-publish","has-post-thumbnail","hentry"],"_links":{"self":[{"href":"https:\/\/cobandalucia.org\/en\/wp-json\/wp\/v2\/pages\/3331","targetHints":{"allow":["GET"]}}],"collection":[{"href":"https:\/\/cobandalucia.org\/en\/wp-json\/wp\/v2\/pages"}],"about":[{"href":"https:\/\/cobandalucia.org\/en\/wp-json\/wp\/v2\/types\/page"}],"author":[{"embeddable":true,"href":"https:\/\/cobandalucia.org\/en\/wp-json\/wp\/v2\/users\/3"}],"replies":[{"embeddable":true,"href":"https:\/\/cobandalucia.org\/en\/wp-json\/wp\/v2\/comments?post=3331"}],"version-history":[{"count":27,"href":"https:\/\/cobandalucia.org\/en\/wp-json\/wp\/v2\/pages\/3331\/revisions"}],"predecessor-version":[{"id":4410,"href":"https:\/\/cobandalucia.org\/en\/wp-json\/wp\/v2\/pages\/3331\/revisions\/4410"}],"wp:featuredmedia":[{"embeddable":true,"href":"https:\/\/cobandalucia.org\/en\/wp-json\/wp\/v2\/media\/3413"}],"wp:attachment":[{"href":"https:\/\/cobandalucia.org\/en\/wp-json\/wp\/v2\/media?parent=3331"}],"curies":[{"name":"wp","href":"https:\/\/api.w.org\/{rel}","templated":true}]}}