{"id":3333,"date":"2024-06-04T06:24:01","date_gmt":"2024-06-04T06:24:01","guid":{"rendered":"http:\/\/cobandalucia.org\/?page_id=3333"},"modified":"2025-01-08T12:26:15","modified_gmt":"2025-01-08T12:26:15","slug":"app","status":"publish","type":"page","link":"https:\/\/cobandalucia.org\/en\/app\/","title":{"rendered":"App"},"content":{"rendered":"<div class=\"fusion-fullwidth fullwidth-box fusion-builder-row-1 fusion-flex-container nonhundred-percent-fullwidth non-hundred-percent-height-scrolling\" style=\"--awb-border-radius-top-left:0px;--awb-border-radius-top-right:0px;--awb-border-radius-bottom-right:0px;--awb-border-radius-bottom-left:0px;--awb-flex-wrap:wrap;\" ><div class=\"fusion-builder-row fusion-row fusion-flex-align-items-flex-start fusion-flex-content-wrap\" style=\"max-width:1248px;margin-left: calc(-4% \/ 2 );margin-right: calc(-4% \/ 2 );\"><div class=\"fusion-layout-column fusion_builder_column fusion-builder-column-0 fusion_builder_column_1_1 1_1 fusion-flex-column\" style=\"--awb-bg-size:cover;--awb-width-large:100%;--awb-margin-top-large:0px;--awb-spacing-right-large:1.92%;--awb-margin-bottom-large:0px;--awb-spacing-left-large:1.92%;--awb-width-medium:100%;--awb-spacing-right-medium:1.92%;--awb-spacing-left-medium:1.92%;--awb-width-small:100%;--awb-spacing-right-small:1.92%;--awb-spacing-left-small:1.92%;\"><div class=\"fusion-column-wrapper fusion-flex-justify-content-flex-start fusion-content-layout-column\"><div class=\"fusion-text fusion-text-1\"><p style=\"text-align: center;\">\u00a1\u00a1\u00a1Actualmente tenemos desactivada la App hasta nuevo aviso!!!<\/p>\n<p style=\"text-align: center;\">El Colegio Oficial de Bi\u00f3logos de Andaluc\u00eda pone a tu disposici\u00f3n una App en la que tendr\u00e1s disponibles todos los contenidos de nuestra Web:<\/p>\n<p><img class=\"lazyload\" decoding=\"async\" src=\"data:image\/gif;base64,R0lGODlhAQABAAAAACH5BAEKAAEALAAAAAABAAEAAAICTAEAOw==\" data-orig-src=\"https:\/\/cobandalucia.org\/imagenes\/medios\/medios_3.jpg\" alt=\"App COBA\"><\/p>\n<div>\n<div><\/div>\n<div style=\"text-align: center;\">Podr\u00e1s consultar la oferta formativa del<\/div>\n<div>\n<p style=\"text-align: center;\">COBA y acceder a la tienda virtual o al <strong>BioBox.<\/strong><\/p>\n<div>\n<p style=\"text-align: center;\">Podr\u00e1s actualizar tus datos y tu curr\u00edculum en cualquier lugar.<\/p>\n<div style=\"text-align: center;\">Podr\u00e1s consultar todas las novedades en<\/div>\n<div>\n<div style=\"text-align: center;\">empleo becas y subvenciones y consultar las \u00faltimas licitaciones y concursos de los que tengamos conocimiento en el COBA.<\/div>\n<div style=\"text-align: center;\"><\/div>\n<div>\n<p style=\"text-align: center;\">Podr\u00e1s recibir alertas sobre aquellas noticias que se publiquen en nuestra web y sean de tu inter\u00e9s.\n<\/p>\n<p style=\"text-align: center;\">Desde la opci\u00f3n \u00abSuscripciones y noticias\u00bb podr\u00e1s configurar la app para que te avise cuando en la web haya novedades sobre empleo, subvenciones y becas, licitaciones y concursos, recibir\u00e1s s\u00f3lo aquella informaci\u00f3n que te interese&#8230;<\/p>\n<p style=\"text-align: center;\">Una vez que te descargues la app <strong>dejar\u00e1s de recibir los correos de informaci\u00f3n que te mandamos habitualmente.<\/strong> Tu tel\u00e9fono ser\u00e1 el que te avise de las novedades de tu inter\u00e9s&#8230;<\/p>\n<p style=\"text-align: center;\"><strong>Y adem\u00e1s incluye el Carnet Colegial digital.<\/strong><\/p>\n<p style=\"text-align: center;\">\n<p>*Desc\u00e1rgatela aqu\u00ed:<\/p>\n<\/div>\n<p><strong><a href=\"https:\/\/apps.apple.com\/es\/app\/cob-andaluc%C3%ADa\/id1109312055\" target=\"_blank\" rel=\"noopener noreferrer\">Apple<\/a><\/strong><\/p>\n<p><strong><a href=\"https:\/\/play.google.com\/store\/apps\/details?id=com.publigenia.coba&amp;hl=es\" target=\"_blank\" rel=\"noopener noreferrer\">Android<\/a><\/strong><\/p>\n<p style=\"text-align: center;\">\u00a1Disfruta de las ventajas de estar Colegiado!<\/p>\n<\/div>\n<\/div>\n<\/div>\n<\/div>\n<\/div><\/div><\/div><\/div><\/div>","protected":false},"excerpt":{"rendered":"","protected":false},"author":3,"featured_media":0,"parent":0,"menu_order":0,"comment_status":"closed","ping_status":"closed","template":"100-width.php","meta":{"iawp_total_views":205,"footnotes":""},"class_list":["post-3333","page","type-page","status-publish","hentry"],"_links":{"self":[{"href":"https:\/\/cobandalucia.org\/en\/wp-json\/wp\/v2\/pages\/3333","targetHints":{"allow":["GET"]}}],"collection":[{"href":"https:\/\/cobandalucia.org\/en\/wp-json\/wp\/v2\/pages"}],"about":[{"href":"https:\/\/cobandalucia.org\/en\/wp-json\/wp\/v2\/types\/page"}],"author":[{"embeddable":true,"href":"https:\/\/cobandalucia.org\/en\/wp-json\/wp\/v2\/users\/3"}],"replies":[{"embeddable":true,"href":"https:\/\/cobandalucia.org\/en\/wp-json\/wp\/v2\/comments?post=3333"}],"version-history":[{"count":6,"href":"https:\/\/cobandalucia.org\/en\/wp-json\/wp\/v2\/pages\/3333\/revisions"}],"predecessor-version":[{"id":4089,"href":"https:\/\/cobandalucia.org\/en\/wp-json\/wp\/v2\/pages\/3333\/revisions\/4089"}],"wp:attachment":[{"href":"https:\/\/cobandalucia.org\/en\/wp-json\/wp\/v2\/media?parent=3333"}],"curies":[{"name":"wp","href":"https:\/\/api.w.org\/{rel}","templated":true}]}}