{"id":3335,"date":"2024-06-04T06:26:35","date_gmt":"2024-06-04T06:26:35","guid":{"rendered":"http:\/\/cobandalucia.org\/?page_id=3335"},"modified":"2026-03-25T11:59:00","modified_gmt":"2026-03-25T11:59:00","slug":"concurso-premios-coba-tfg","status":"publish","type":"page","link":"https:\/\/cobandalucia.org\/en\/concurso-premios-coba-tfg\/","title":{"rendered":"Concurso Premios COBA TFG"},"content":{"rendered":"<div class=\"fusion-fullwidth fullwidth-box fusion-builder-row-1 fusion-flex-container nonhundred-percent-fullwidth non-hundred-percent-height-scrolling\" style=\"--awb-border-radius-top-left:0px;--awb-border-radius-top-right:0px;--awb-border-radius-bottom-right:0px;--awb-border-radius-bottom-left:0px;--awb-flex-wrap:wrap;\" ><div class=\"fusion-builder-row fusion-row fusion-flex-align-items-flex-start fusion-flex-content-wrap\" style=\"max-width:1248px;margin-left: calc(-4% \/ 2 );margin-right: calc(-4% \/ 2 );\"><div class=\"fusion-layout-column fusion_builder_column fusion-builder-column-0 fusion_builder_column_1_1 1_1 fusion-flex-column\" style=\"--awb-bg-blend:overlay;--awb-bg-size:cover;--awb-width-large:100%;--awb-margin-top-large:0px;--awb-spacing-right-large:1.92%;--awb-margin-bottom-large:0px;--awb-spacing-left-large:1.92%;--awb-width-medium:100%;--awb-spacing-right-medium:1.92%;--awb-spacing-left-medium:1.92%;--awb-width-small:100%;--awb-spacing-right-small:1.92%;--awb-spacing-left-small:1.92%;\"><div class=\"fusion-column-wrapper fusion-flex-justify-content-flex-start fusion-content-layout-column\"><div class=\"fusion-text fusion-text-1\"><p style=\"text-align: center;\"><strong style=\"font-size: 40px;\" data-fusion-font=\"true\">PREMIOS COBA TRABAJO FIN DE GRADO BIOLOG\u00cdA &#8211; TFG<\/strong><br \/>\n<span style=\"font-size: 40px;\" data-fusion-font=\"true\"><br \/>\n<\/span><strong style=\"font-size: 40px;\" data-fusion-font=\"true\">BASES DEL CONCURSO<\/strong><\/p>\n<p>El Colegio Oficial de Bi\u00f3logos de Andaluc\u00eda tiene entre sus funciones la promoci\u00f3n y fomento del progreso de la Biolog\u00eda, el desarrollo cient\u00edfico y t\u00e9cnico de la profesi\u00f3n, as\u00ed como de su servicio a la sociedad.<\/p>\n<p>El C.O.B.A. fiel al compromiso de fomentar y premiar la excelencia acad\u00e9mica de los estudiantes de Biolog\u00eda de las Universidades de Andaluc\u00eda, convoca anualmente \u201cPremios COBA TFG \u201c<\/p>\n<p>Podr\u00e1n optar al Premio los alumnos matriculados en las Universidades de Andaluc\u00eda durante el curso acad\u00e9mico correspondiente en cualquiera de las titulaciones de Grado que capaciten para ser colegiado del Colegio Oficial de Bi\u00f3logos de Andaluc\u00eda ( para colegiarse <a href=\"https:\/\/coband.e-gestion.es\/Ventanilla\/SolicitudAlta\/SolicitudAltaInicio.aspx\" target=\"_blank\" rel=\"noopener noreferrer\">PINCHAR AQUI<\/a> )<\/p>\n<p>Para optar al premio, los participantes deben cumplir, entre otros requisitos, ser precolegiado COBA y mantener esta condici\u00f3n o la de colegiado (si \u00e9sta es la que le corresponde) hasta el final de la convocatoria, considerada \u00e9sta como la fecha de la entrega de premios.<\/p>\n<p>Para acceder a las bases, pinchar aqu\u00ed:<\/p>\n<p><a href=\"https:\/\/cobandalucia.org\/wp-content\/uploads\/2026\/03\/BPTGF24-25.pdf\" target=\"_blank\" rel=\"noopener noreferrer\">BASES CONCURSO PREMIOS COBA TFG BIOLOGI\u0301A<\/a><\/p>\n<p>*Se avisar\u00e1 por las redes sociales, web del coba y correos electr\u00f3nico de la Convocatoria.<\/p>\n<\/div><\/div><\/div><\/div><\/div>","protected":false},"excerpt":{"rendered":"","protected":false},"author":3,"featured_media":3387,"parent":0,"menu_order":0,"comment_status":"closed","ping_status":"closed","template":"100-width.php","meta":{"iawp_total_views":524,"footnotes":""},"class_list":["post-3335","page","type-page","status-publish","has-post-thumbnail","hentry"],"_links":{"self":[{"href":"https:\/\/cobandalucia.org\/en\/wp-json\/wp\/v2\/pages\/3335","targetHints":{"allow":["GET"]}}],"collection":[{"href":"https:\/\/cobandalucia.org\/en\/wp-json\/wp\/v2\/pages"}],"about":[{"href":"https:\/\/cobandalucia.org\/en\/wp-json\/wp\/v2\/types\/page"}],"author":[{"embeddable":true,"href":"https:\/\/cobandalucia.org\/en\/wp-json\/wp\/v2\/users\/3"}],"replies":[{"embeddable":true,"href":"https:\/\/cobandalucia.org\/en\/wp-json\/wp\/v2\/comments?post=3335"}],"version-history":[{"count":22,"href":"https:\/\/cobandalucia.org\/en\/wp-json\/wp\/v2\/pages\/3335\/revisions"}],"predecessor-version":[{"id":4789,"href":"https:\/\/cobandalucia.org\/en\/wp-json\/wp\/v2\/pages\/3335\/revisions\/4789"}],"wp:featuredmedia":[{"embeddable":true,"href":"https:\/\/cobandalucia.org\/en\/wp-json\/wp\/v2\/media\/3387"}],"wp:attachment":[{"href":"https:\/\/cobandalucia.org\/en\/wp-json\/wp\/v2\/media?parent=3335"}],"curies":[{"name":"wp","href":"https:\/\/api.w.org\/{rel}","templated":true}]}}