{"id":3337,"date":"2024-06-04T06:27:01","date_gmt":"2024-06-04T06:27:01","guid":{"rendered":"http:\/\/cobandalucia.org\/?page_id=3337"},"modified":"2025-11-04T08:54:49","modified_gmt":"2025-11-04T08:54:49","slug":"concurso-coba-tarjetas-navidenas","status":"publish","type":"page","link":"https:\/\/cobandalucia.org\/en\/concurso-coba-tarjetas-navidenas\/","title":{"rendered":"Concurso COBA Tarjetas Navide\u00f1as"},"content":{"rendered":"<div class=\"fusion-fullwidth fullwidth-box fusion-builder-row-1 fusion-flex-container nonhundred-percent-fullwidth non-hundred-percent-height-scrolling\" style=\"--awb-border-radius-top-left:0px;--awb-border-radius-top-right:0px;--awb-border-radius-bottom-right:0px;--awb-border-radius-bottom-left:0px;--awb-flex-wrap:wrap;\" ><div class=\"fusion-builder-row fusion-row fusion-flex-align-items-flex-start fusion-flex-content-wrap\" style=\"max-width:1248px;margin-left: calc(-4% \/ 2 );margin-right: calc(-4% \/ 2 );\"><div class=\"fusion-layout-column fusion_builder_column fusion-builder-column-0 fusion_builder_column_1_1 1_1 fusion-flex-column\" style=\"--awb-bg-blend:overlay;--awb-bg-size:cover;--awb-width-large:100%;--awb-margin-top-large:0px;--awb-spacing-right-large:1.92%;--awb-margin-bottom-large:0px;--awb-spacing-left-large:1.92%;--awb-width-medium:100%;--awb-spacing-right-medium:1.92%;--awb-spacing-left-medium:1.92%;--awb-width-small:100%;--awb-spacing-right-small:1.92%;--awb-spacing-left-small:1.92%;\"><div class=\"fusion-column-wrapper fusion-flex-justify-content-flex-start fusion-content-layout-column\"><div class=\"fusion-text fusion-text-1\"><p style=\"text-align: center;\"><span style=\"color: var(--awb-text-color); font-family: var(--awb-text-font-family); font-size: var(--awb-font-size); font-style: var(--awb-text-font-style); font-weight: var(--awb-text-font-weight); letter-spacing: var(--awb-letter-spacing); text-transform: var(--awb-text-transform); background-color: var(--awb-bg-color-hover);\">Desde el Colegio queremos hacer participes a los m\u00e1s peque\u00f1os de la casa con sus dibujos en el Concurso de Tarjetas Navide\u00f1as.<\/span><\/p>\n<p style=\"text-align: center;\">Animamos a participar en el concurso navide\u00f1o con las creaciones y dibujos de tus peque\u00f1os.<\/p>\n<p style=\"text-align: center;\">Lee las bases y an\u00edmalos a participar.<\/p>\n<p style=\"text-align: center;\">Quiz\u00e1s su dibujo sea el ganador, siendo la ilustraci\u00f3n del Christmas del Colegio Oficial de Bi\u00f3logos de Andaluc\u00eda de ese a\u00f1o.<\/p>\n<div style=\"text-align: center;\"><u style=\"color: var(--awb-text-color); font-family: var(--awb-text-font-family); font-size: var(--awb-font-size); font-style: var(--awb-text-font-style); font-weight: var(--awb-text-font-weight); letter-spacing: var(--awb-letter-spacing); text-align: var(--awb-content-alignment); text-transform: var(--awb-text-transform); background-color: var(--awb-bg-color);\">BASES DEL CONCURSO<\/u><span style=\"color: var(--awb-text-color); font-family: var(--awb-text-font-family); font-size: var(--awb-font-size); font-style: var(--awb-text-font-style); font-weight: var(--awb-text-font-weight); letter-spacing: var(--awb-letter-spacing); text-align: var(--awb-content-alignment); text-transform: var(--awb-text-transform); background-color: var(--awb-bg-color);\">:<\/span><\/div>\n<p>&#8211; Podr\u00e1n participar todos los hijos\/as de colegiados\/as con edades comprendidas entre 4 y 14 a\u00f1os.<br \/>\n&#8211; Formato: dibujo a mano, en formato DIN A4.<br \/>\n&#8211; <u>Fecha l\u00edmite<\/u> de entrega: (aproximadamente principios de <strong>diciembre<\/strong>).<br \/>\n&#8211; Lugar de entrega: por correo electr\u00f3nico o correo postal a la oficina del COBA. <br \/>\n&#8211; Cada dibujo deber\u00e1 estar identificado (<span data-fusion-font=\"true\" style=\"font-size: 17px;\"><b>no <\/b><\/span>en el propio dibujo) con el nombre, direcci\u00f3n postal y edad del autor as\u00ed como nombre y n\u00famero del colegiado<br \/>\n&#8211; El jurado estar\u00e1 compuesto por 3 colegiados o empleados sin hijos participantes en el concurso.<br \/>\n&#8211; El jurado elegir\u00e1 un dibujo ganador por cada una de las tres categor\u00edas, 4-6 a\u00f1os, de 7-10 a\u00f1os y de 11-14 a\u00f1os, y de entre \u00e9stos el que representar\u00e1 al COBA en su felicitaci\u00f3n de Navidad.<br \/>\n&#8211; A los ganadores de cada categor\u00eda, se les remitir\u00e1 un cheque regalo por valor <strong>de 60 euros<\/strong>.<\/p>\n<p>La direcci\u00f3n electr\u00f3nica es: <b style=\"background-color: rgba(0, 0, 0, 0);\">oficina@cobandalucia.org<\/b><span style=\"background-color: rgba(0, 0, 0, 0);\"> , <\/span><\/p>\n<p><span style=\"background-color: rgba(0, 0, 0, 0);\">y la<\/span><span style=\"background-color: rgba(0, 0, 0, 0);\"> direcci\u00f3n postal: <i><b>Avd. San Francisco Javier n\u00ba9 (Edif. Sevilla2) Planta 4\u00aa &#8211; Mod. 8. 41018 Sevilla<\/b>. <\/i><\/span><\/p>\n<p><strong><br \/>\n<\/strong><strong>Observaciones: <\/strong><\/p>\n<ul>\n<li>Las obras no se devuelven.<\/li>\n<li>M\u00e1ximo, 1 dibujo por ni\u00f1o\/a.<\/li>\n<li>No se admiten copias ni reproducciones.<\/li>\n<li>Cualquier dibujo que no cumpla los requisitos o no est\u00e9n debidamente identificado, no podr\u00e1 participar en el concurso.<\/li>\n<\/ul>\n<p><strong><em>Esperamos y deseamos la m\u00e1xima participaci\u00f3n!! <\/em><\/strong><\/p>\n<\/div><\/div><\/div><\/div><\/div>","protected":false},"excerpt":{"rendered":"","protected":false},"author":3,"featured_media":3383,"parent":0,"menu_order":0,"comment_status":"closed","ping_status":"closed","template":"100-width.php","meta":{"iawp_total_views":125,"footnotes":""},"class_list":["post-3337","page","type-page","status-publish","has-post-thumbnail","hentry"],"_links":{"self":[{"href":"https:\/\/cobandalucia.org\/en\/wp-json\/wp\/v2\/pages\/3337","targetHints":{"allow":["GET"]}}],"collection":[{"href":"https:\/\/cobandalucia.org\/en\/wp-json\/wp\/v2\/pages"}],"about":[{"href":"https:\/\/cobandalucia.org\/en\/wp-json\/wp\/v2\/types\/page"}],"author":[{"embeddable":true,"href":"https:\/\/cobandalucia.org\/en\/wp-json\/wp\/v2\/users\/3"}],"replies":[{"embeddable":true,"href":"https:\/\/cobandalucia.org\/en\/wp-json\/wp\/v2\/comments?post=3337"}],"version-history":[{"count":14,"href":"https:\/\/cobandalucia.org\/en\/wp-json\/wp\/v2\/pages\/3337\/revisions"}],"predecessor-version":[{"id":4563,"href":"https:\/\/cobandalucia.org\/en\/wp-json\/wp\/v2\/pages\/3337\/revisions\/4563"}],"wp:featuredmedia":[{"embeddable":true,"href":"https:\/\/cobandalucia.org\/en\/wp-json\/wp\/v2\/media\/3383"}],"wp:attachment":[{"href":"https:\/\/cobandalucia.org\/en\/wp-json\/wp\/v2\/media?parent=3337"}],"curies":[{"name":"wp","href":"https:\/\/api.w.org\/{rel}","templated":true}]}}